{"id":54471,"date":"2021-02-21T17:51:21","date_gmt":"2021-02-21T17:51:21","guid":{"rendered":"https:\/\/www.autonvaraosahaku.fi\/?product=gates-5127xs-jakohihna"},"modified":"2021-02-21T17:51:23","modified_gmt":"2021-02-21T17:51:23","slug":"gates-5127xs-jakohihna","status":"publish","type":"product","link":"https:\/\/www.autonvaraosahaku.fi\/?product=gates-5127xs-jakohihna","title":{"rendered":"GATES 5127XS Jakohihna"},"content":{"rendered":"<p>Suositellun erikoisty\u00f6kalun tuotenumero: STT-1; Materiaali: Lasikuitu, HNBR (hydrattu akryyli-nitriili-butadi-kumi); V\u00e4ri: Musta; Hammasluku: 104; Leveys (mm): 17; Hammasv\u00e4li [mm]: 9,525; Pituus (mm): 991; Tuotelinja: FleetRunner\u2122 Micro-V\u00ae Stretch Fit\u00ae; Apulaitteet: angetr. Agg.: Nockenwelle; CITRO\u00cbN: BERLINGO MF,SAXO S0, S1,BERLINGO Kasten M_,AX ZA-_,ZX N2,BX XB-_,C15 VD-_,C15 Kombi,SAXO Hatchback van S3_; PEUGEOT: 206 Schr\u00e4gheck 2A\/C,206 SW 2E\/K,106 II 1,306 Schr\u00e4gheck 7A, 7C, N3, N5,PARTNER Combispace 5F,106 I 1A, 1C,205 II 20A\/C,PARTNER Kasten 5,306 7B, N3, N5,205 I Cabriolet 741B, 20D,309 II 3C, 3A,206 Van,106 Van 1_,205 Kasten,306 Kasten\/Schr\u00e4gheck; 081656, 94560702, 96029000, 96140147, 9614014780, 97522930, 97532676, 081636, 081642, 081656, 96140147; Jakop\u00e4\u00e4n Hihna,Hammashihna,Hammashihnat<\/p>\n","protected":false},"excerpt":{"rendered":"<p>GATES Jakohihna 5127XS Jakop\u00e4\u00e4n Hihna,Hammashihna CITRO\u00cbN,PEUGEOT,BERLINGO MF,SAXO S0, S1,BERLINGO Kasten M_,AX ZA-_,ZX N2,BX XB-_,C15 VD-_,C15 Kombi<\/p>\n","protected":false},"featured_media":0,"template":"","meta":{"site-sidebar-layout":"default","site-content-layout":"default","ast-global-header-display":"","ast-main-header-display":"","ast-hfb-above-header-display":"","ast-hfb-below-header-display":"","ast-hfb-mobile-header-display":"","site-post-title":"","ast-breadcrumbs-content":"","ast-featured-img":"","footer-sml-layout":"","theme-transparent-header-meta":"","adv-header-id-meta":"","stick-header-meta":"","header-above-stick-meta":"","header-main-stick-meta":"","header-below-stick-meta":""},"pwb-brand":[22],"product_cat":[266],"product_tag":[],"class_list":{"0":"post-54471","1":"product","2":"type-product","3":"status-publish","5":"pwb-brand-gates","6":"product_cat-jakohihna","7":"desktop-align-left","8":"tablet-align-left","9":"mobile-align-left","11":"first","12":"instock","13":"product-type-external"},"brands":[{"id":22,"name":"GATES","slug":"gates"}],"_links":{"self":[{"href":"https:\/\/www.autonvaraosahaku.fi\/index.php?rest_route=\/wp\/v2\/product\/54471","targetHints":{"allow":["GET"]}}],"collection":[{"href":"https:\/\/www.autonvaraosahaku.fi\/index.php?rest_route=\/wp\/v2\/product"}],"about":[{"href":"https:\/\/www.autonvaraosahaku.fi\/index.php?rest_route=\/wp\/v2\/types\/product"}],"wp:attachment":[{"href":"https:\/\/www.autonvaraosahaku.fi\/index.php?rest_route=%2Fwp%2Fv2%2Fmedia&parent=54471"}],"wp:term":[{"taxonomy":"pwb-brand","embeddable":true,"href":"https:\/\/www.autonvaraosahaku.fi\/index.php?rest_route=%2Fwp%2Fv2%2Fpwb-brand&post=54471"},{"taxonomy":"product_cat","embeddable":true,"href":"https:\/\/www.autonvaraosahaku.fi\/index.php?rest_route=%2Fwp%2Fv2%2Fproduct_cat&post=54471"},{"taxonomy":"product_tag","embeddable":true,"href":"https:\/\/www.autonvaraosahaku.fi\/index.php?rest_route=%2Fwp%2Fv2%2Fproduct_tag&post=54471"}],"curies":[{"name":"wp","href":"https:\/\/api.w.org\/{rel}","templated":true}]}}