{"id":54514,"date":"2021-02-21T17:51:32","date_gmt":"2021-02-21T17:51:32","guid":{"rendered":"https:\/\/www.autonvaraosahaku.fi\/?product=vaico-v46-0807-pyoranpultit"},"modified":"2021-02-21T17:51:35","modified_gmt":"2021-02-21T17:51:35","slug":"vaico-v46-0807-pyoranpultit","status":"publish","type":"product","link":"https:\/\/www.autonvaraosahaku.fi\/?product=vaico-v46-0807-pyoranpultit","title":{"rendered":"VAICO V46-0807 Py\u00f6r\u00e4npultit"},"content":{"rendered":"<p>Pituus (mm): 27; Ulkokierre [mm]: M12X1,5&#215;27; Paino [kg]: 0,08; Avainv\u00e4li: 17; Py\u00f6r\u00e4n kiinnitys: Kartiolaippa F; Pakkausleveys [cm]: 2,303; Pakkauskorkeus [mm]: 2,303; Pakkaussyvyys [cm]: 5,35; lis\u00e4tieto: CST99; Tarvittava kappalem\u00e4\u00e4r\u00e4: 20; RENAULT: TWINGO I C06_,CLIO II BB0\/1\/2_, CB0\/1\/2_,CLIO III BR0\/1, CR0\/1,SC\u00c9NIC II JM0\/1_,TWINGO II CN0_,MEGANE III Grandtour KZ0\/1,MODUS \/ GRAND MODUS F\/JP0_,LAGUNA II Grandtour KG0\/1_,MEGANE II Kombi KM0\/1_,SC\u00c9NIC I JA0\/1_,MEGANE II Coup\u00e9-Cabriolet EM0\/1_,MEGANE Scenic JA0\/1_,CLIO IV,MEGANE III Schr\u00e4gheck BZ0_,LAGUNA II BG0\/1_,MEGANE II BM0\/1_, CM0\/1_,MEGANE III Coupe DZ0\/1_,KANGOO \/ GRAND KANGOO KW0\/1_,CLIO Grandtour KR0\/1_,GRAND SC\u00c9NIC II JM0\/1_,LAGUNA I Grandtour K56_,KANGOO Express FW0\/1_,MEGANE II Stufenheck LM0\/1_,TWINGO I Kasten S06_,CLIO Grandtour IV,KANGOO BE BOP KW0\/1_,MEGANE CC EZ0\/1_,VEL SATIS BJ0_,THALIA I LB0\/1\/2_,CLIO III Kasten SB_, SR_,SANDERO\/STEPWAY I,LOGAN I Kombi KS_,TWINGO III,LOGAN I LS_,THALIA II LU1\/2_,LOGAN EXPRESS,THALIA III; DACIA: SANDERO,LOGAN MCV KS_,DOKKER,LOGAN LS_,DOKKER Express,LOGAN EXPRESS FS_,LOGAN Pick-up US_; 8200025716, 8200473353, 8200473425, 8200623085; Py\u00f6r\u00e4nruuvi<\/p>\n","protected":false},"excerpt":{"rendered":"<p>VAICO Py\u00f6r\u00e4npultit V46-0807 Py\u00f6r\u00e4nruuvi RENAULT,DACIA,TWINGO I C06_,CLIO II BB0\/1\/2_, CB0\/1\/2_,CLIO III BR0\/1, CR0\/1,SC\u00c9NIC II JM0\/1_,TWINGO II CN0_<\/p>\n","protected":false},"featured_media":0,"template":"","meta":{"site-sidebar-layout":"default","site-content-layout":"default","ast-global-header-display":"","ast-main-header-display":"","ast-hfb-above-header-display":"","ast-hfb-below-header-display":"","ast-hfb-mobile-header-display":"","site-post-title":"","ast-breadcrumbs-content":"","ast-featured-img":"","footer-sml-layout":"","theme-transparent-header-meta":"","adv-header-id-meta":"","stick-header-meta":"","header-above-stick-meta":"","header-main-stick-meta":"","header-below-stick-meta":""},"pwb-brand":[330],"product_cat":[51],"product_tag":[],"class_list":{"0":"post-54514","1":"product","2":"type-product","3":"status-publish","5":"pwb-brand-vaico","6":"product_cat-pyoranpultit","7":"desktop-align-left","8":"tablet-align-left","9":"mobile-align-left","11":"first","12":"instock","13":"product-type-external"},"brands":[{"id":330,"name":"VAICO","slug":"vaico"}],"_links":{"self":[{"href":"https:\/\/www.autonvaraosahaku.fi\/index.php?rest_route=\/wp\/v2\/product\/54514","targetHints":{"allow":["GET"]}}],"collection":[{"href":"https:\/\/www.autonvaraosahaku.fi\/index.php?rest_route=\/wp\/v2\/product"}],"about":[{"href":"https:\/\/www.autonvaraosahaku.fi\/index.php?rest_route=\/wp\/v2\/types\/product"}],"wp:attachment":[{"href":"https:\/\/www.autonvaraosahaku.fi\/index.php?rest_route=%2Fwp%2Fv2%2Fmedia&parent=54514"}],"wp:term":[{"taxonomy":"pwb-brand","embeddable":true,"href":"https:\/\/www.autonvaraosahaku.fi\/index.php?rest_route=%2Fwp%2Fv2%2Fpwb-brand&post=54514"},{"taxonomy":"product_cat","embeddable":true,"href":"https:\/\/www.autonvaraosahaku.fi\/index.php?rest_route=%2Fwp%2Fv2%2Fproduct_cat&post=54514"},{"taxonomy":"product_tag","embeddable":true,"href":"https:\/\/www.autonvaraosahaku.fi\/index.php?rest_route=%2Fwp%2Fv2%2Fproduct_tag&post=54514"}],"curies":[{"name":"wp","href":"https:\/\/api.w.org\/{rel}","templated":true}]}}