{"id":54523,"date":"2021-02-21T17:51:38","date_gmt":"2021-02-21T17:51:38","guid":{"rendered":"https:\/\/www.autonvaraosahaku.fi\/?product=rotovis-automotive-electrics-8016740-starttimoottori"},"modified":"2021-02-21T17:51:39","modified_gmt":"2021-02-21T17:51:39","slug":"rotovis-automotive-electrics-8016740-starttimoottori","status":"publish","type":"product","link":"https:\/\/www.autonvaraosahaku.fi\/?product=rotovis-automotive-electrics-8016740-starttimoottori","title":{"rendered":"ROTOVIS Automotive Electrics 8016740 Starttimoottori"},"content":{"rendered":"<p>J\u00e4nnite (V): 12; K\u00e4ynnistinmoottori teho (kW): 1,9; Hammasluku: 9; Reikien m\u00e4\u00e4r\u00e4: 2; Asento \/ aste: li 40; NISSAN: TERRANO II R20; 23300G2403, 23300G2405, 23300G2406; Startti,K\u00e4ynnistinmoottori<\/p>\n","protected":false},"excerpt":{"rendered":"<p>ROTOVIS Automotive Electrics Starttimoottori 8016740 Startti,K\u00e4ynnistinmoottori NISSAN,TERRANO II R20<\/p>\n","protected":false},"featured_media":0,"template":"","meta":{"site-sidebar-layout":"default","site-content-layout":"default","ast-global-header-display":"","ast-main-header-display":"","ast-hfb-above-header-display":"","ast-hfb-below-header-display":"","ast-hfb-mobile-header-display":"","site-post-title":"","ast-breadcrumbs-content":"","ast-featured-img":"","footer-sml-layout":"","theme-transparent-header-meta":"","adv-header-id-meta":"","stick-header-meta":"","header-above-stick-meta":"","header-main-stick-meta":"","header-below-stick-meta":""},"pwb-brand":[417],"product_cat":[295],"product_tag":[],"class_list":{"0":"post-54523","1":"product","2":"type-product","3":"status-publish","5":"pwb-brand-rotovis-automotive-electrics","6":"product_cat-starttimoottori","7":"desktop-align-left","8":"tablet-align-left","9":"mobile-align-left","11":"first","12":"instock","13":"product-type-external"},"brands":[{"id":417,"name":"ROTOVIS Automotive Electrics","slug":"rotovis-automotive-electrics"}],"_links":{"self":[{"href":"https:\/\/www.autonvaraosahaku.fi\/index.php?rest_route=\/wp\/v2\/product\/54523","targetHints":{"allow":["GET"]}}],"collection":[{"href":"https:\/\/www.autonvaraosahaku.fi\/index.php?rest_route=\/wp\/v2\/product"}],"about":[{"href":"https:\/\/www.autonvaraosahaku.fi\/index.php?rest_route=\/wp\/v2\/types\/product"}],"wp:attachment":[{"href":"https:\/\/www.autonvaraosahaku.fi\/index.php?rest_route=%2Fwp%2Fv2%2Fmedia&parent=54523"}],"wp:term":[{"taxonomy":"pwb-brand","embeddable":true,"href":"https:\/\/www.autonvaraosahaku.fi\/index.php?rest_route=%2Fwp%2Fv2%2Fpwb-brand&post=54523"},{"taxonomy":"product_cat","embeddable":true,"href":"https:\/\/www.autonvaraosahaku.fi\/index.php?rest_route=%2Fwp%2Fv2%2Fproduct_cat&post=54523"},{"taxonomy":"product_tag","embeddable":true,"href":"https:\/\/www.autonvaraosahaku.fi\/index.php?rest_route=%2Fwp%2Fv2%2Fproduct_tag&post=54523"}],"curies":[{"name":"wp","href":"https:\/\/api.w.org\/{rel}","templated":true}]}}