{"id":54529,"date":"2021-02-21T17:51:38","date_gmt":"2021-02-21T17:51:38","guid":{"rendered":"https:\/\/www.autonvaraosahaku.fi\/?product=as-pl-a9012-laturi"},"modified":"2021-02-21T17:51:40","modified_gmt":"2021-02-21T17:51:40","slug":"as-pl-a9012-laturi","status":"publish","type":"product","link":"https:\/\/www.autonvaraosahaku.fi\/?product=as-pl-a9012-laturi","title":{"rendered":"AS-PL A9012 Laturi"},"content":{"rendered":"<p>Pituus 1 (mm): 78,00; Pituus 2 (mm): 17,00; Pituus 3 [mm]: 63,00; J\u00e4nnite (V): 12; Laturi varausvirta (A): 110; Hihnapy\u00f6r\u00e4t: Hihnapy\u00f6r\u00e4ll\u00e4; Moottorinumero: C9DB; FORD: FOCUS Kombi DNW,FOCUS DAW, DBW,FOCUS Stufenheck DFW,TRANSIT CONNECT P65_, P70_, P80_,TOURNEO CONNECT; 1229421, 1376671, 1429688, 1429689, 1464784, 1464785, 1465173, 1477971, 1477972, 1478187, 2015001009, 2015001010, 2T1U10300AB, 2T1U10300AC, 2T1U10300AD, 2T1U10300AE, 2T1U10300AF, 2T1U10300AG, 2T1U10300AH, 2T1U10300AK, 2T1U10300AL, 2T1U10300AM, 2T1U10300BB, 2T1U10300BC, 2T1U10300BD, 2T1U10300BE, 2T1U10300CA, 2T1U10300CB, 2T1U10300CC, 2T1U10300CD, 2T1U10300CE, 2T1U10300CF, 2T1U10300CG, 2T1UAG, 2T1UCF, 4371000, 4371001, 4374447, 4374448, 4394204, 4531025, 4531026, 5128966, 5128967, 5T1U10300AA; Generaattori<\/p>\n","protected":false},"excerpt":{"rendered":"<p>AS-PL Laturi Brand new AS-PL Alternator regulator A9012 Generaattori FORD,FOCUS Kombi DNW,FOCUS DAW, DBW,FOCUS Stufenheck DFW<\/p>\n","protected":false},"featured_media":0,"template":"","meta":{"site-sidebar-layout":"default","site-content-layout":"default","ast-global-header-display":"","ast-main-header-display":"","ast-hfb-above-header-display":"","ast-hfb-below-header-display":"","ast-hfb-mobile-header-display":"","site-post-title":"","ast-breadcrumbs-content":"","ast-featured-img":"","footer-sml-layout":"","theme-transparent-header-meta":"","adv-header-id-meta":"","stick-header-meta":"","header-above-stick-meta":"","header-main-stick-meta":"","header-below-stick-meta":""},"pwb-brand":[347],"product_cat":[357],"product_tag":[],"class_list":{"0":"post-54529","1":"product","2":"type-product","3":"status-publish","5":"pwb-brand-as-pl","6":"product_cat-laturi","7":"desktop-align-left","8":"tablet-align-left","9":"mobile-align-left","11":"first","12":"instock","13":"product-type-external"},"brands":[{"id":347,"name":"AS-PL","slug":"as-pl"}],"_links":{"self":[{"href":"https:\/\/www.autonvaraosahaku.fi\/index.php?rest_route=\/wp\/v2\/product\/54529","targetHints":{"allow":["GET"]}}],"collection":[{"href":"https:\/\/www.autonvaraosahaku.fi\/index.php?rest_route=\/wp\/v2\/product"}],"about":[{"href":"https:\/\/www.autonvaraosahaku.fi\/index.php?rest_route=\/wp\/v2\/types\/product"}],"wp:attachment":[{"href":"https:\/\/www.autonvaraosahaku.fi\/index.php?rest_route=%2Fwp%2Fv2%2Fmedia&parent=54529"}],"wp:term":[{"taxonomy":"pwb-brand","embeddable":true,"href":"https:\/\/www.autonvaraosahaku.fi\/index.php?rest_route=%2Fwp%2Fv2%2Fpwb-brand&post=54529"},{"taxonomy":"product_cat","embeddable":true,"href":"https:\/\/www.autonvaraosahaku.fi\/index.php?rest_route=%2Fwp%2Fv2%2Fproduct_cat&post=54529"},{"taxonomy":"product_tag","embeddable":true,"href":"https:\/\/www.autonvaraosahaku.fi\/index.php?rest_route=%2Fwp%2Fv2%2Fproduct_tag&post=54529"}],"curies":[{"name":"wp","href":"https:\/\/api.w.org\/{rel}","templated":true}]}}