{"id":54550,"date":"2021-02-21T17:51:44","date_gmt":"2021-02-21T17:51:44","guid":{"rendered":"https:\/\/www.autonvaraosahaku.fi\/?product=gates-09-0178-ahdinletku"},"modified":"2021-02-21T17:51:46","modified_gmt":"2021-02-21T17:51:46","slug":"gates-09-0178-ahdinletku","status":"publish","type":"product","link":"https:\/\/www.autonvaraosahaku.fi\/?product=gates-09-0178-ahdinletku","title":{"rendered":"GATES 09-0178 Ahdinletku"},"content":{"rendered":"<p>Materiaali: Kumi; V\u00e4ri: Musta; Letkupituus [mm]: 190; Sis\u00e4l\u00e4pimitta 1 [mm]: 51; Sis\u00e4l\u00e4pimitta 2 [mm]: 51; Apulaitteet: angetr. Agg.: Turbokompressor; BMW: 3 E46,5 E39,5 Touring E39,X5 E53,7 E38; 11617799389; Turbon Letkut,Turbon Putket<\/p>\n","protected":false},"excerpt":{"rendered":"<p>GATES Ahdinletku 09-0178 Turbon Letkut,Turbon Putket BMW,3 E46,5 E39,5 Touring E39,X5 E53,7 E38<\/p>\n","protected":false},"featured_media":0,"template":"","meta":{"site-sidebar-layout":"default","site-content-layout":"default","ast-global-header-display":"","ast-main-header-display":"","ast-hfb-above-header-display":"","ast-hfb-below-header-display":"","ast-hfb-mobile-header-display":"","site-post-title":"","ast-breadcrumbs-content":"","ast-featured-img":"","footer-sml-layout":"","theme-transparent-header-meta":"","adv-header-id-meta":"","stick-header-meta":"","header-above-stick-meta":"","header-main-stick-meta":"","header-below-stick-meta":""},"pwb-brand":[22],"product_cat":[113],"product_tag":[],"class_list":{"0":"post-54550","1":"product","2":"type-product","3":"status-publish","5":"pwb-brand-gates","6":"product_cat-ahdinletku","7":"desktop-align-left","8":"tablet-align-left","9":"mobile-align-left","11":"first","12":"instock","13":"product-type-external"},"brands":[{"id":22,"name":"GATES","slug":"gates"}],"_links":{"self":[{"href":"https:\/\/www.autonvaraosahaku.fi\/index.php?rest_route=\/wp\/v2\/product\/54550","targetHints":{"allow":["GET"]}}],"collection":[{"href":"https:\/\/www.autonvaraosahaku.fi\/index.php?rest_route=\/wp\/v2\/product"}],"about":[{"href":"https:\/\/www.autonvaraosahaku.fi\/index.php?rest_route=\/wp\/v2\/types\/product"}],"wp:attachment":[{"href":"https:\/\/www.autonvaraosahaku.fi\/index.php?rest_route=%2Fwp%2Fv2%2Fmedia&parent=54550"}],"wp:term":[{"taxonomy":"pwb-brand","embeddable":true,"href":"https:\/\/www.autonvaraosahaku.fi\/index.php?rest_route=%2Fwp%2Fv2%2Fpwb-brand&post=54550"},{"taxonomy":"product_cat","embeddable":true,"href":"https:\/\/www.autonvaraosahaku.fi\/index.php?rest_route=%2Fwp%2Fv2%2Fproduct_cat&post=54550"},{"taxonomy":"product_tag","embeddable":true,"href":"https:\/\/www.autonvaraosahaku.fi\/index.php?rest_route=%2Fwp%2Fv2%2Fproduct_tag&post=54550"}],"curies":[{"name":"wp","href":"https:\/\/api.w.org\/{rel}","templated":true}]}}