{"id":54622,"date":"2021-02-21T17:52:07","date_gmt":"2021-02-21T17:52:07","guid":{"rendered":"https:\/\/www.autonvaraosahaku.fi\/?product=lemforder-33958-01-hammastangon-suojakumi"},"modified":"2021-02-21T17:52:07","modified_gmt":"2021-02-21T17:52:07","slug":"lemforder-33958-01-hammastangon-suojakumi","status":"publish","type":"product","link":"https:\/\/www.autonvaraosahaku.fi\/?product=lemforder-33958-01-hammastangon-suojakumi","title":{"rendered":"LEMF\u00d6RDER 33958 01 Hammastangon suojakumi"},"content":{"rendered":"<p>Asennuspuoli: Etuakseli, Molemminpuolin; Materiaali: Thermoplast; Pituus (mm): 206; Sis\u00e4l\u00e4pimitta 1 [mm]: 15; Sis\u00e4l\u00e4pimitta 2 [mm]: 54; Varusteet: f\u00fcr Fahrzeuge mit elektrischer Servolenkung; VOLVO: V50 MW,C30,S40 II MS,C70 II Cabriolet,V40 Schr\u00e4gheck; FORD: FOCUS III Turnier,FOCUS C-MAX,KUGA I,C-MAX DM2,FOCUS III,C-MAX II,KUGA II DM2,GRAND C-MAX,TRANSIT CONNECT P65_, P70_, P80_,TOURNEO CONNECT,FOCUS III Stufenheck,TOURNEO CONNECT \/ GRAND TOURNEO CONNECT Kombi,TRANSIT CONNECT Kasten,GRAND C-MAX Van,C-MAX II Van,TRANSIT CONNECT Kombi,KUGA II Van,FOCUS III Kasten\/Schr\u00e4gheck; 1251936, 1328882, 1334215, 1714485, 3M513K661AA, 3M513L575AA, 3M513L575AB, AV6C3L575AA, 30680514, 30723085, 31317782; Paljekumi, Ohjaus<\/p>\n","protected":false},"excerpt":{"rendered":"<p>LEMF\u00d6RDER Hammastangon Suojakumi 33958 01 Paljekumi, Ohjaus VOLVO,FORD,V50 MW,C30,S40 II MS,C70 II Cabriolet,V40 Schr\u00e4gheck,FOCUS III Turnier<\/p>\n","protected":false},"featured_media":0,"template":"","meta":{"site-sidebar-layout":"default","site-content-layout":"default","ast-global-header-display":"","ast-main-header-display":"","ast-hfb-above-header-display":"","ast-hfb-below-header-display":"","ast-hfb-mobile-header-display":"","site-post-title":"","ast-breadcrumbs-content":"","ast-featured-img":"","footer-sml-layout":"","theme-transparent-header-meta":"","adv-header-id-meta":"","stick-header-meta":"","header-above-stick-meta":"","header-main-stick-meta":"","header-below-stick-meta":""},"pwb-brand":[77],"product_cat":[81],"product_tag":[],"class_list":{"0":"post-54622","1":"product","2":"type-product","3":"status-publish","5":"pwb-brand-lemforder","6":"product_cat-hammastangon-suojakumi","7":"desktop-align-left","8":"tablet-align-left","9":"mobile-align-left","11":"first","12":"instock","13":"product-type-external"},"brands":[{"id":77,"name":"LEMF\u00d6RDER","slug":"lemforder"}],"_links":{"self":[{"href":"https:\/\/www.autonvaraosahaku.fi\/index.php?rest_route=\/wp\/v2\/product\/54622","targetHints":{"allow":["GET"]}}],"collection":[{"href":"https:\/\/www.autonvaraosahaku.fi\/index.php?rest_route=\/wp\/v2\/product"}],"about":[{"href":"https:\/\/www.autonvaraosahaku.fi\/index.php?rest_route=\/wp\/v2\/types\/product"}],"wp:attachment":[{"href":"https:\/\/www.autonvaraosahaku.fi\/index.php?rest_route=%2Fwp%2Fv2%2Fmedia&parent=54622"}],"wp:term":[{"taxonomy":"pwb-brand","embeddable":true,"href":"https:\/\/www.autonvaraosahaku.fi\/index.php?rest_route=%2Fwp%2Fv2%2Fpwb-brand&post=54622"},{"taxonomy":"product_cat","embeddable":true,"href":"https:\/\/www.autonvaraosahaku.fi\/index.php?rest_route=%2Fwp%2Fv2%2Fproduct_cat&post=54622"},{"taxonomy":"product_tag","embeddable":true,"href":"https:\/\/www.autonvaraosahaku.fi\/index.php?rest_route=%2Fwp%2Fv2%2Fproduct_tag&post=54622"}],"curies":[{"name":"wp","href":"https:\/\/api.w.org\/{rel}","templated":true}]}}