{"id":54623,"date":"2021-02-21T17:52:07","date_gmt":"2021-02-21T17:52:07","guid":{"rendered":"https:\/\/www.autonvaraosahaku.fi\/?product=ernst-499156-pakosarjan-tiivisteet"},"modified":"2021-02-21T17:52:08","modified_gmt":"2021-02-21T17:52:08","slug":"ernst-499156-pakosarjan-tiivisteet","status":"publish","type":"product","link":"https:\/\/www.autonvaraosahaku.fi\/?product=ernst-499156-pakosarjan-tiivisteet","title":{"rendered":"ERNST 499156 Pakosarjan tiivisteet"},"content":{"rendered":"<p>Sis\u00e4l\u00e4pimitta [mm]: 45,6; Ulkol\u00e4pimitta [mm]: 59,0; Korkeus (mm): 14,3; Pakoputkisto: f\u00fcr Abgasrohr; MAZDA: 5 CR19; HONDA: JAZZ II GD,CIVIC VII Hatchback EU, EP, EV,JAZZ III GE,CIVIC VI Hatchback EJ, EK,CIVIC VI Fastback MA, MB,CIVIC VI Aerodeck MB, MC,CR-V I RD,CIVIC V Hatchback EG,CIVIC V Coupe EJ,CIVIC V Stufenheck EG, EH; OPEL: ZAFIRA A F75_,ASTRA G CC F48_, F08_,ASTRA G Caravan F35_,ASTRA G Cabriolet F67,ASTRA G Coupe F07_,ASTRA G Stufenheck F69_,ASCONA C 81_, 86_, 87_, 88_; PEUGEOT: 206 Schr\u00e4gheck 2A\/C,206 SW 2E\/K; 5985721, 7690882, 7727596, 18229S04X01, 18229S6D901, 18229SB2003, 18229SE3A81, 18229SH3X30, 18229SNAA01, 18229SNEA01, 854932, 854946, 854952, 854962; Tiiviste, Pakoputki<\/p>\n","protected":false},"excerpt":{"rendered":"<p>ERNST Pakoputken Tiiviste 499156 Tiiviste, Pakoputki MAZDA,HONDA,OPEL,5 CR19,JAZZ II GD,CIVIC VII Hatchback EU, EP, EV,JAZZ III GE<\/p>\n","protected":false},"featured_media":0,"template":"","meta":{"site-sidebar-layout":"default","site-content-layout":"default","ast-global-header-display":"","ast-main-header-display":"","ast-hfb-above-header-display":"","ast-hfb-below-header-display":"","ast-hfb-mobile-header-display":"","site-post-title":"","ast-breadcrumbs-content":"","ast-featured-img":"","footer-sml-layout":"","theme-transparent-header-meta":"","adv-header-id-meta":"","stick-header-meta":"","header-above-stick-meta":"","header-main-stick-meta":"","header-below-stick-meta":""},"pwb-brand":[63],"product_cat":[123],"product_tag":[],"class_list":{"0":"post-54623","1":"product","2":"type-product","3":"status-publish","5":"pwb-brand-ernst","6":"product_cat-pakosarjan-tiivisteet","7":"desktop-align-left","8":"tablet-align-left","9":"mobile-align-left","11":"first","12":"instock","13":"product-type-external"},"brands":[{"id":63,"name":"ERNST","slug":"ernst"}],"_links":{"self":[{"href":"https:\/\/www.autonvaraosahaku.fi\/index.php?rest_route=\/wp\/v2\/product\/54623","targetHints":{"allow":["GET"]}}],"collection":[{"href":"https:\/\/www.autonvaraosahaku.fi\/index.php?rest_route=\/wp\/v2\/product"}],"about":[{"href":"https:\/\/www.autonvaraosahaku.fi\/index.php?rest_route=\/wp\/v2\/types\/product"}],"wp:attachment":[{"href":"https:\/\/www.autonvaraosahaku.fi\/index.php?rest_route=%2Fwp%2Fv2%2Fmedia&parent=54623"}],"wp:term":[{"taxonomy":"pwb-brand","embeddable":true,"href":"https:\/\/www.autonvaraosahaku.fi\/index.php?rest_route=%2Fwp%2Fv2%2Fpwb-brand&post=54623"},{"taxonomy":"product_cat","embeddable":true,"href":"https:\/\/www.autonvaraosahaku.fi\/index.php?rest_route=%2Fwp%2Fv2%2Fproduct_cat&post=54623"},{"taxonomy":"product_tag","embeddable":true,"href":"https:\/\/www.autonvaraosahaku.fi\/index.php?rest_route=%2Fwp%2Fv2%2Fproduct_tag&post=54623"}],"curies":[{"name":"wp","href":"https:\/\/api.w.org\/{rel}","templated":true}]}}