{"id":54653,"date":"2021-02-21T17:52:13","date_gmt":"2021-02-21T17:52:13","guid":{"rendered":"https:\/\/www.autonvaraosahaku.fi\/?product=valeo-826995-kytkinpaketti"},"modified":"2021-02-21T17:52:16","modified_gmt":"2021-02-21T17:52:16","slug":"valeo-826995-kytkinpaketti","status":"publish","type":"product","link":"https:\/\/www.autonvaraosahaku.fi\/?product=valeo-826995-kytkinpaketti","title":{"rendered":"VALEO 826995 Kytkinpaketti"},"content":{"rendered":"<p>Uusi osa: ; Lis\u00e4tarvike\/lis\u00e4tieto: Painelevyll\u00e4; Ulkol\u00e4pimitta [mm]: 215; Ty\u00f6nt\u00f6voima [N]: 4100; Korvaava tuote\/korvaava tiedote 2: Kytkinlevyll\u00e4, irroitinlaakerilla; Ulkol\u00e4pimitta 1 [mm]: 215; Hammasluku: 20; Napaprofiili: 22,35 x 19,9; K\u00e4ytt\u00f6tapa: Painekytkin; Paino [kg]: 6,09; Tuotelinja: KIT3P; Valmistusvuosi alkaen: 05\/2012; HYUNDAI: i30 FD,GETZ TB,i30 CW FD,ix20 JC,ACCENT III MC,ACCENT III Stufenheck MC,ACCENT IV RB,ACCENT IV Stufenheck RB; KIA: VENGA YN,RIO III UB,RIO II JB,RIO II Stufenheck JB,RIO III Stufenheck UB,CERATO II Stufenheck TD,CERATO KOUP TD; 232002B000, 4110022715, 4130022710, 4130023030, 4142123010, 4142123020, 4142132000, 232002B000, 4110022715, 4110023035, 4130022710, 4130023030, 4142123010, 4142123020, 4142132000; Kytkinsarja<\/p>\n","protected":false},"excerpt":{"rendered":"<p>VALEO Kytkinpaketti 826995 Kytkinsarja HYUNDAI,KIA,i30 FD,GETZ TB,i30 CW FD,ix20 JC,ACCENT III MC,ACCENT III Stufenheck MC,ACCENT IV RB<\/p>\n","protected":false},"featured_media":0,"template":"","meta":{"site-sidebar-layout":"default","site-content-layout":"default","ast-global-header-display":"","ast-main-header-display":"","ast-hfb-above-header-display":"","ast-hfb-below-header-display":"","ast-hfb-mobile-header-display":"","site-post-title":"","ast-breadcrumbs-content":"","ast-featured-img":"","footer-sml-layout":"","theme-transparent-header-meta":"","adv-header-id-meta":"","stick-header-meta":"","header-above-stick-meta":"","header-main-stick-meta":"","header-below-stick-meta":""},"pwb-brand":[28],"product_cat":[21],"product_tag":[],"class_list":{"0":"post-54653","1":"product","2":"type-product","3":"status-publish","5":"pwb-brand-valeo","6":"product_cat-kytkinpaketti","7":"desktop-align-left","8":"tablet-align-left","9":"mobile-align-left","11":"first","12":"instock","13":"product-type-external"},"brands":[{"id":28,"name":"VALEO","slug":"valeo"}],"_links":{"self":[{"href":"https:\/\/www.autonvaraosahaku.fi\/index.php?rest_route=\/wp\/v2\/product\/54653","targetHints":{"allow":["GET"]}}],"collection":[{"href":"https:\/\/www.autonvaraosahaku.fi\/index.php?rest_route=\/wp\/v2\/product"}],"about":[{"href":"https:\/\/www.autonvaraosahaku.fi\/index.php?rest_route=\/wp\/v2\/types\/product"}],"wp:attachment":[{"href":"https:\/\/www.autonvaraosahaku.fi\/index.php?rest_route=%2Fwp%2Fv2%2Fmedia&parent=54653"}],"wp:term":[{"taxonomy":"pwb-brand","embeddable":true,"href":"https:\/\/www.autonvaraosahaku.fi\/index.php?rest_route=%2Fwp%2Fv2%2Fpwb-brand&post=54653"},{"taxonomy":"product_cat","embeddable":true,"href":"https:\/\/www.autonvaraosahaku.fi\/index.php?rest_route=%2Fwp%2Fv2%2Fproduct_cat&post=54653"},{"taxonomy":"product_tag","embeddable":true,"href":"https:\/\/www.autonvaraosahaku.fi\/index.php?rest_route=%2Fwp%2Fv2%2Fproduct_tag&post=54653"}],"curies":[{"name":"wp","href":"https:\/\/api.w.org\/{rel}","templated":true}]}}