{"id":54666,"date":"2021-02-21T17:52:19","date_gmt":"2021-02-21T17:52:19","guid":{"rendered":"https:\/\/www.autonvaraosahaku.fi\/?product=lemforder-30120-01-hammastangon-suojakumi"},"modified":"2021-02-21T17:52:21","modified_gmt":"2021-02-21T17:52:21","slug":"lemforder-30120-01-hammastangon-suojakumi","status":"publish","type":"product","link":"https:\/\/www.autonvaraosahaku.fi\/?product=lemforder-30120-01-hammastangon-suojakumi","title":{"rendered":"LEMF\u00d6RDER 30120 01 Hammastangon suojakumi"},"content":{"rendered":"<p>Asennuspuoli: Etuakseli, Keskell\u00e4; Materiaali: Kumi; Pituus (mm): 550; Sis\u00e4l\u00e4pimitta 1 [mm]: 40; Sis\u00e4l\u00e4pimitta 2 [mm]: 48; VW: KAEFER,KAEFER Cabriolet 15,PASSAT 32,PASSAT Variant 33; AUDI: 100 4A, C4,100 44, 44Q, C3,A6 Avant 4A, C4,A6 4A, C4,80 81, 85, B2,100 Avant 4A, C4,100 Avant 44, 44Q, C3,V8 44_, 4C_,200 44, 44Q,80 80, 82, B1,200 Avant 44, 44Q,100 43, C2,200 43,100 Avant 43, C2; 431419831; Paljekumi, Ohjaus<\/p>\n","protected":false},"excerpt":{"rendered":"<p>LEMF\u00d6RDER Hammastangon Suojakumi 30120 01 Paljekumi, Ohjaus VW,AUDI,KAEFER,KAEFER Cabriolet 15,PASSAT 32,PASSAT Variant 33,100 4A, C4,100 44, 44Q, C3<\/p>\n","protected":false},"featured_media":0,"template":"","meta":{"site-sidebar-layout":"default","site-content-layout":"default","ast-global-header-display":"","ast-main-header-display":"","ast-hfb-above-header-display":"","ast-hfb-below-header-display":"","ast-hfb-mobile-header-display":"","site-post-title":"","ast-breadcrumbs-content":"","ast-featured-img":"","footer-sml-layout":"","theme-transparent-header-meta":"","adv-header-id-meta":"","stick-header-meta":"","header-above-stick-meta":"","header-main-stick-meta":"","header-below-stick-meta":""},"pwb-brand":[77],"product_cat":[81],"product_tag":[],"class_list":{"0":"post-54666","1":"product","2":"type-product","3":"status-publish","5":"pwb-brand-lemforder","6":"product_cat-hammastangon-suojakumi","7":"desktop-align-left","8":"tablet-align-left","9":"mobile-align-left","11":"first","12":"instock","13":"product-type-external"},"brands":[{"id":77,"name":"LEMF\u00d6RDER","slug":"lemforder"}],"_links":{"self":[{"href":"https:\/\/www.autonvaraosahaku.fi\/index.php?rest_route=\/wp\/v2\/product\/54666","targetHints":{"allow":["GET"]}}],"collection":[{"href":"https:\/\/www.autonvaraosahaku.fi\/index.php?rest_route=\/wp\/v2\/product"}],"about":[{"href":"https:\/\/www.autonvaraosahaku.fi\/index.php?rest_route=\/wp\/v2\/types\/product"}],"wp:attachment":[{"href":"https:\/\/www.autonvaraosahaku.fi\/index.php?rest_route=%2Fwp%2Fv2%2Fmedia&parent=54666"}],"wp:term":[{"taxonomy":"pwb-brand","embeddable":true,"href":"https:\/\/www.autonvaraosahaku.fi\/index.php?rest_route=%2Fwp%2Fv2%2Fpwb-brand&post=54666"},{"taxonomy":"product_cat","embeddable":true,"href":"https:\/\/www.autonvaraosahaku.fi\/index.php?rest_route=%2Fwp%2Fv2%2Fproduct_cat&post=54666"},{"taxonomy":"product_tag","embeddable":true,"href":"https:\/\/www.autonvaraosahaku.fi\/index.php?rest_route=%2Fwp%2Fv2%2Fproduct_tag&post=54666"}],"curies":[{"name":"wp","href":"https:\/\/api.w.org\/{rel}","templated":true}]}}