{"id":54670,"date":"2021-02-21T17:52:19","date_gmt":"2021-02-21T17:52:19","guid":{"rendered":"https:\/\/www.autonvaraosahaku.fi\/?product=valeo-735310-jaahdytin"},"modified":"2021-02-21T17:52:21","modified_gmt":"2021-02-21T17:52:21","slug":"valeo-735310-jaahdytin","status":"publish","type":"product","link":"https:\/\/www.autonvaraosahaku.fi\/?product=valeo-735310-jaahdytin","title":{"rendered":"VALEO 735310 J\u00e4\u00e4hdytin"},"content":{"rendered":"<p>Paksuus [mm]: 56; Leveys (mm): 646; Korkeus (mm): 86; Paino [kg]: 2,05; Valmistusvuoteen: 11\/2014; VW: POLO 6R, 6C,POLO Stufenheck; AUDI: A1 8X1, 8XF,A1 Sportback 8XA, 8XK; SKODA: FABIA,FABIA Combi,ROOMSTER 5J,RAPID Spaceback NH1,ROOMSTER Praktik 5J,RAPID NH3,FABIA NJ3,FABIA Kombi NJ5; SEAT: IBIZA V 6J5, 6P5,IBIZA V ST 6J8, 6P8,IBIZA V SPORTCOUPE 6J1, 6P1,TOLEDO IV KG3; 6R0145805H, 6R0145805H, 6R0145805H, 6R0145805E, 6R0145805H; Syyl\u00e4ri,J\u00e4\u00e4hdytin,Moottorin J\u00e4\u00e4hdytys<\/p>\n","protected":false},"excerpt":{"rendered":"<p>VALEO J\u00e4\u00e4hdytin 735310 Syyl\u00e4ri,J\u00e4\u00e4hdytin,Moottorin J\u00e4\u00e4hdytys VW,AUDI,SKODA,POLO 6R, 6C,POLO Stufenheck,A1 8X1, 8XF,A1 Sportback 8XA, 8XK,FABIA<\/p>\n","protected":false},"featured_media":0,"template":"","meta":{"site-sidebar-layout":"default","site-content-layout":"default","ast-global-header-display":"","ast-main-header-display":"","ast-hfb-above-header-display":"","ast-hfb-below-header-display":"","ast-hfb-mobile-header-display":"","site-post-title":"","ast-breadcrumbs-content":"","ast-featured-img":"","footer-sml-layout":"","theme-transparent-header-meta":"","adv-header-id-meta":"","stick-header-meta":"","header-above-stick-meta":"","header-main-stick-meta":"","header-below-stick-meta":""},"pwb-brand":[28],"product_cat":[421],"product_tag":[],"class_list":{"0":"post-54670","1":"product","2":"type-product","3":"status-publish","5":"pwb-brand-valeo","6":"product_cat-jaahdytin","7":"desktop-align-left","8":"tablet-align-left","9":"mobile-align-left","11":"first","12":"instock","13":"product-type-external"},"brands":[{"id":28,"name":"VALEO","slug":"valeo"}],"_links":{"self":[{"href":"https:\/\/www.autonvaraosahaku.fi\/index.php?rest_route=\/wp\/v2\/product\/54670","targetHints":{"allow":["GET"]}}],"collection":[{"href":"https:\/\/www.autonvaraosahaku.fi\/index.php?rest_route=\/wp\/v2\/product"}],"about":[{"href":"https:\/\/www.autonvaraosahaku.fi\/index.php?rest_route=\/wp\/v2\/types\/product"}],"wp:attachment":[{"href":"https:\/\/www.autonvaraosahaku.fi\/index.php?rest_route=%2Fwp%2Fv2%2Fmedia&parent=54670"}],"wp:term":[{"taxonomy":"pwb-brand","embeddable":true,"href":"https:\/\/www.autonvaraosahaku.fi\/index.php?rest_route=%2Fwp%2Fv2%2Fpwb-brand&post=54670"},{"taxonomy":"product_cat","embeddable":true,"href":"https:\/\/www.autonvaraosahaku.fi\/index.php?rest_route=%2Fwp%2Fv2%2Fproduct_cat&post=54670"},{"taxonomy":"product_tag","embeddable":true,"href":"https:\/\/www.autonvaraosahaku.fi\/index.php?rest_route=%2Fwp%2Fv2%2Fproduct_tag&post=54670"}],"curies":[{"name":"wp","href":"https:\/\/api.w.org\/{rel}","templated":true}]}}