{"id":54673,"date":"2021-02-21T17:52:19","date_gmt":"2021-02-21T17:52:19","guid":{"rendered":"https:\/\/www.autonvaraosahaku.fi\/?product=valeo-731611-jaahdytin"},"modified":"2021-02-21T17:52:22","modified_gmt":"2021-02-21T17:52:22","slug":"valeo-731611-jaahdytin","status":"publish","type":"product","link":"https:\/\/www.autonvaraosahaku.fi\/?product=valeo-731611-jaahdytin","title":{"rendered":"VALEO 731611 J\u00e4\u00e4hdytin"},"content":{"rendered":"<p>Paksuus [mm]: 34; Leveys (mm): 415; Korkeus (mm): 790; Materiaali: Alumiini; Sis\u00e4\u00e4ntulol\u00e4pimitta [mm]: 38; Ulostulon l\u00e4pimitta [mm]: 38; L\u00e4mmityslaite \/ j\u00e4\u00e4hdytys: Autoihin ilman \u00f6ljyj\u00e4\u00e4hdytint\u00e4; Korvaava tuote\/korvaava tiedote 2: kylm\u00e4aines\u00e4\u00e4timell\u00e4; Paino [kg]: 6,35; Alustanumerosta: 16116164; FIAT: DUCATO Pritsche\/Fahrgestell 230,DUCATO Bus 230,DUCATO Kasten 244,DUCATO Pritsche\/Fahrgestell 244,DUCATO Kasten 230L,DUCATO Bus 244, Z_; CITRO\u00cbN: JUMPER Kasten 244,XM Y4,JUMPER Kasten 230L,JUMPER Bus 244, Z_,JUMPER Bus 230P,JUMPER Pritsche\/Fahrgestell 244,XM Break Y4,JUMPER Pritsche\/Fahrgestell 230; PEUGEOT: 607 9D, 9U,BOXER Kasten 230L,BOXER Kasten 244,BOXER Bus 230P,BOXER Bus 244, Z_,BOXER Pritsche\/Fahrgestell ZCT_,BOXER Pritsche\/Fahrgestell 244; 1301HS, 1301N0, 1301N2, 1301P6, 1301P7, 1301QG, 133017, 133097, 133098, 1330C8, 1330E4, 1330L2, 1330L3, 1330L5, 1330L6, 1330L8, 1330V8, 1330W0, 1330W1, 1330X8, 1331Q2, 1331Q3, 1331Q4, 133348, 1307391080, 1311003080, 1311004080, 1317828080, 1327478080, 1329225080, 1329226080, 1329227080, 1338278080, 1341513080, 1341514080, 1341515080, 1364128080, 71735348, 71735350, 71735359, 71749745, 71749746, 71749747, 71749748, 1301KV, 1301N0, 1301N2, 1301NP, 1301P6, 1301P7, 13300000, 133017, 133097, 133098, 1330C8, 1330E4, 1330F1, 1330L2, 1330L3, 1330L5, 1330L6, 1330L8, 1330V8, 1330W0, 1330W1, 1330X8, 1331Q0, 1331Q1, 1331Q4, 133348; Syyl\u00e4ri,J\u00e4\u00e4hdytin,Moottorin J\u00e4\u00e4hdytys<\/p>\n","protected":false},"excerpt":{"rendered":"<p>VALEO J\u00e4\u00e4hdytin 731611 Syyl\u00e4ri,J\u00e4\u00e4hdytin,Moottorin J\u00e4\u00e4hdytys FIAT,CITRO\u00cbN,PEUGEOT,DUCATO Pritsche\/Fahrgestell 230,DUCATO Bus 230,DUCATO Kasten 244<\/p>\n","protected":false},"featured_media":0,"template":"","meta":{"site-sidebar-layout":"default","site-content-layout":"default","ast-global-header-display":"","ast-main-header-display":"","ast-hfb-above-header-display":"","ast-hfb-below-header-display":"","ast-hfb-mobile-header-display":"","site-post-title":"","ast-breadcrumbs-content":"","ast-featured-img":"","footer-sml-layout":"","theme-transparent-header-meta":"","adv-header-id-meta":"","stick-header-meta":"","header-above-stick-meta":"","header-main-stick-meta":"","header-below-stick-meta":""},"pwb-brand":[28],"product_cat":[421],"product_tag":[],"class_list":{"0":"post-54673","1":"product","2":"type-product","3":"status-publish","5":"pwb-brand-valeo","6":"product_cat-jaahdytin","7":"desktop-align-left","8":"tablet-align-left","9":"mobile-align-left","11":"first","12":"instock","13":"product-type-external"},"brands":[{"id":28,"name":"VALEO","slug":"valeo"}],"_links":{"self":[{"href":"https:\/\/www.autonvaraosahaku.fi\/index.php?rest_route=\/wp\/v2\/product\/54673","targetHints":{"allow":["GET"]}}],"collection":[{"href":"https:\/\/www.autonvaraosahaku.fi\/index.php?rest_route=\/wp\/v2\/product"}],"about":[{"href":"https:\/\/www.autonvaraosahaku.fi\/index.php?rest_route=\/wp\/v2\/types\/product"}],"wp:attachment":[{"href":"https:\/\/www.autonvaraosahaku.fi\/index.php?rest_route=%2Fwp%2Fv2%2Fmedia&parent=54673"}],"wp:term":[{"taxonomy":"pwb-brand","embeddable":true,"href":"https:\/\/www.autonvaraosahaku.fi\/index.php?rest_route=%2Fwp%2Fv2%2Fpwb-brand&post=54673"},{"taxonomy":"product_cat","embeddable":true,"href":"https:\/\/www.autonvaraosahaku.fi\/index.php?rest_route=%2Fwp%2Fv2%2Fproduct_cat&post=54673"},{"taxonomy":"product_tag","embeddable":true,"href":"https:\/\/www.autonvaraosahaku.fi\/index.php?rest_route=%2Fwp%2Fv2%2Fproduct_tag&post=54673"}],"curies":[{"name":"wp","href":"https:\/\/api.w.org\/{rel}","templated":true}]}}