{"id":54694,"date":"2021-02-21T17:52:25","date_gmt":"2021-02-21T17:52:25","guid":{"rendered":"https:\/\/www.autonvaraosahaku.fi\/?product=swf-116220-pyyhkijansulat"},"modified":"2021-02-21T17:52:28","modified_gmt":"2021-02-21T17:52:28","slug":"swf-116220-pyyhkijansulat","status":"publish","type":"product","link":"https:\/\/www.autonvaraosahaku.fi\/?product=swf-116220-pyyhkijansulat","title":{"rendered":"SWF 116220 Pyyhkij\u00e4nsulat"},"content":{"rendered":"<p>Paino [kg]: 0,29, 0,28; M\u00e4\u00e4r\u00e4: 2; Pituus (mm): 500; Pituus (tuumaa): 20; Sopiva adapteri: U; Tuotelinja: Original; Pyyhkij\u00e4nsulkatyyppi: Tavallinen; Valmistusvuosi alkaen: 10\/1983; VW: LT 28-35 I Kasten 281-363,LT 28-35 I Pritsche\/Fahrgestell 281-363,LT 40-55 I Pritsche\/Fahrgestell 293-909,CADDY II Pick-up 9U7,LT 40-55 I Kasten 291-512; AUDI: 90 89, 89Q, 8A, B3,COUPE 81, 85,QUATTRO 85,200 44, 44Q,90 81, 85, B2; MAZDA: 626 IV Hatchback GE,626 IV GE,RX 7 II FC,MX-6 GE,929 III HC,RX 7 III FD,MX-6 GD; SKODA: FELICIA I 6U1,FELICIA II 6U1,FELICIA I Fun 797,FELICIA I Kombi 6U5,FELICIA II Kombi 6U5; BMW: 3 Compact E36,3 E30,3 Cabriolet E30,3 Cabriolet E36,3 Touring E30,Z1; SEAT: TOLEDO I 1L; JEEP: GRAND CHEROKEE I ZJ; DAEWOO: NUBIRA Wagon KLAJ,NUBIRA Stufenheck KLAJ,NUBIRA KLAJ; LADA: 111 2111,110 2110,112 2112; NISSAN: PRIMERA P11,PRIMERA Hatchback P11,PATROL GR II Wagon Y61,200 SX S13,200 SX S14,PRIMERA P10,KUBISTAR Kasten X80; 1392219, 274384, 31276593; Tuulilasinpyyhkimet,Pyyhkij\u00e4t,Pyyhkij\u00e4nsulka<\/p>\n","protected":false},"excerpt":{"rendered":"<p>SWF Pyyhkij\u00e4nsulat 116220 Tuulilasinpyyhkimet,Pyyhkij\u00e4t VW,AUDI,MAZDA,LT 28-35 I Kasten 281-363,LT 28-35 I Pritsche\/Fahrgestell 281-363<\/p>\n","protected":false},"featured_media":0,"template":"","meta":{"site-sidebar-layout":"default","site-content-layout":"default","ast-global-header-display":"","ast-main-header-display":"","ast-hfb-above-header-display":"","ast-hfb-below-header-display":"","ast-hfb-mobile-header-display":"","site-post-title":"","ast-breadcrumbs-content":"","ast-featured-img":"","footer-sml-layout":"","theme-transparent-header-meta":"","adv-header-id-meta":"","stick-header-meta":"","header-above-stick-meta":"","header-main-stick-meta":"","header-below-stick-meta":""},"pwb-brand":[204],"product_cat":[33],"product_tag":[],"class_list":{"0":"post-54694","1":"product","2":"type-product","3":"status-publish","5":"pwb-brand-swf","6":"product_cat-pyyhkijansulat","7":"desktop-align-left","8":"tablet-align-left","9":"mobile-align-left","11":"first","12":"instock","13":"product-type-external"},"brands":[{"id":204,"name":"SWF","slug":"swf"}],"_links":{"self":[{"href":"https:\/\/www.autonvaraosahaku.fi\/index.php?rest_route=\/wp\/v2\/product\/54694","targetHints":{"allow":["GET"]}}],"collection":[{"href":"https:\/\/www.autonvaraosahaku.fi\/index.php?rest_route=\/wp\/v2\/product"}],"about":[{"href":"https:\/\/www.autonvaraosahaku.fi\/index.php?rest_route=\/wp\/v2\/types\/product"}],"wp:attachment":[{"href":"https:\/\/www.autonvaraosahaku.fi\/index.php?rest_route=%2Fwp%2Fv2%2Fmedia&parent=54694"}],"wp:term":[{"taxonomy":"pwb-brand","embeddable":true,"href":"https:\/\/www.autonvaraosahaku.fi\/index.php?rest_route=%2Fwp%2Fv2%2Fpwb-brand&post=54694"},{"taxonomy":"product_cat","embeddable":true,"href":"https:\/\/www.autonvaraosahaku.fi\/index.php?rest_route=%2Fwp%2Fv2%2Fproduct_cat&post=54694"},{"taxonomy":"product_tag","embeddable":true,"href":"https:\/\/www.autonvaraosahaku.fi\/index.php?rest_route=%2Fwp%2Fv2%2Fproduct_tag&post=54694"}],"curies":[{"name":"wp","href":"https:\/\/api.w.org\/{rel}","templated":true}]}}