{"id":54726,"date":"2021-02-21T17:52:37","date_gmt":"2021-02-21T17:52:37","guid":{"rendered":"https:\/\/www.autonvaraosahaku.fi\/?product=sachs-1863-600-102-muut-luokat"},"modified":"2021-02-21T17:52:38","modified_gmt":"2021-02-21T17:52:38","slug":"sachs-1863-600-102-muut-luokat","status":"publish","type":"product","link":"https:\/\/www.autonvaraosahaku.fi\/?product=sachs-1863-600-102-muut-luokat","title":{"rendered":"SACHS 1863 600 102 Muut luokat"},"content":{"rendered":"<p>L\u00e4pimitta [mm]: 30; Ulkol\u00e4pimitta [mm]: 30; Sis\u00e4l\u00e4pimitta [mm]: 10; Leveys (mm): 9; Varustelumahdollisuudet: Typ 1,2; SUZUKI: JIMNY FJ,SAMURAI SJ,GRAND VITARA I FT,WAGON R+ MM,VITARA ET, TA,VITARA Cabrio ET, TA; 1262360A00, 1262385C00; Ohjaislaakeri, Kytkin<\/p>\n","protected":false},"excerpt":{"rendered":"<p>SACHS Ohjainlaakeri Kytkin 1863 600 102 Ohjaislaakeri, Kytkin SUZUKI,JIMNY FJ,SAMURAI SJ,GRAND VITARA I FT,WAGON R+ MM,VITARA ET, TA<\/p>\n","protected":false},"featured_media":0,"template":"","meta":{"site-sidebar-layout":"default","site-content-layout":"default","ast-global-header-display":"","ast-main-header-display":"","ast-hfb-above-header-display":"","ast-hfb-below-header-display":"","ast-hfb-mobile-header-display":"","site-post-title":"","ast-breadcrumbs-content":"","ast-featured-img":"","footer-sml-layout":"","theme-transparent-header-meta":"","adv-header-id-meta":"","stick-header-meta":"","header-above-stick-meta":"","header-main-stick-meta":"","header-below-stick-meta":""},"pwb-brand":[91],"product_cat":[37],"product_tag":[],"class_list":{"0":"post-54726","1":"product","2":"type-product","3":"status-publish","5":"pwb-brand-sachs","6":"product_cat-muut-luokat","7":"desktop-align-left","8":"tablet-align-left","9":"mobile-align-left","11":"first","12":"instock","13":"product-type-external"},"brands":[{"id":91,"name":"SACHS","slug":"sachs"}],"_links":{"self":[{"href":"https:\/\/www.autonvaraosahaku.fi\/index.php?rest_route=\/wp\/v2\/product\/54726","targetHints":{"allow":["GET"]}}],"collection":[{"href":"https:\/\/www.autonvaraosahaku.fi\/index.php?rest_route=\/wp\/v2\/product"}],"about":[{"href":"https:\/\/www.autonvaraosahaku.fi\/index.php?rest_route=\/wp\/v2\/types\/product"}],"wp:attachment":[{"href":"https:\/\/www.autonvaraosahaku.fi\/index.php?rest_route=%2Fwp%2Fv2%2Fmedia&parent=54726"}],"wp:term":[{"taxonomy":"pwb-brand","embeddable":true,"href":"https:\/\/www.autonvaraosahaku.fi\/index.php?rest_route=%2Fwp%2Fv2%2Fpwb-brand&post=54726"},{"taxonomy":"product_cat","embeddable":true,"href":"https:\/\/www.autonvaraosahaku.fi\/index.php?rest_route=%2Fwp%2Fv2%2Fproduct_cat&post=54726"},{"taxonomy":"product_tag","embeddable":true,"href":"https:\/\/www.autonvaraosahaku.fi\/index.php?rest_route=%2Fwp%2Fv2%2Fproduct_tag&post=54726"}],"curies":[{"name":"wp","href":"https:\/\/api.w.org\/{rel}","templated":true}]}}