{"id":54733,"date":"2021-02-21T17:52:37","date_gmt":"2021-02-21T17:52:37","guid":{"rendered":"https:\/\/www.autonvaraosahaku.fi\/?product=contitech-ct974-jakohihna"},"modified":"2021-02-21T17:52:39","modified_gmt":"2021-02-21T17:52:39","slug":"contitech-ct974-jakohihna","status":"publish","type":"product","link":"https:\/\/www.autonvaraosahaku.fi\/?product=contitech-ct974-jakohihna","title":{"rendered":"CONTITECH CT974 Jakohihna"},"content":{"rendered":"<p>Hammasluku: 145; Pakkauspituus [cm]: 25,5; Pakkausleveys [cm]: 16; Pakkauskorkeus [mm]: 3; Paino [kg]: 0,21; Leveys (mm): 26; Valmistusvuosi alkaen: 10\/2004; LAND ROVER: FREELANDER LN,FREELANDER Soft Top; ROVER: 75 RJ,75 Tourer RJ,25 RF,200 RF,45 Stufenheck RT,45 RT,400 RT,CABRIOLET XW,400 Hatchback RT,STREETWISE,200 Coupe XW,100 Cabriolet XP; MG: MGF RD,MG TF,MG ZR,MG ZT- T,MG ZS,MG ZT,MG ZS Hatchback,MG 6 Schr\u00e4gheck,EXPRESS Kasten; LOTUS: ELISE; GTB1497XS, LHN100560, LHN100560L, GTB1497XS, LHN100560, GTB1497XS, LHN100560; Jakop\u00e4\u00e4n Hihna,Hammashihna,Hammashihnat<\/p>\n","protected":false},"excerpt":{"rendered":"<p>CONTITECH Jakohihna CT974 Jakop\u00e4\u00e4n Hihna,Hammashihna LAND ROVER,ROVER,MG,FREELANDER LN,FREELANDER Soft Top,75 RJ,75 Tourer RJ,25 RF,200 RF<\/p>\n","protected":false},"featured_media":0,"template":"","meta":{"site-sidebar-layout":"default","site-content-layout":"default","ast-global-header-display":"","ast-main-header-display":"","ast-hfb-above-header-display":"","ast-hfb-below-header-display":"","ast-hfb-mobile-header-display":"","site-post-title":"","ast-breadcrumbs-content":"","ast-featured-img":"","footer-sml-layout":"","theme-transparent-header-meta":"","adv-header-id-meta":"","stick-header-meta":"","header-above-stick-meta":"","header-main-stick-meta":"","header-below-stick-meta":""},"pwb-brand":[187],"product_cat":[266],"product_tag":[],"class_list":{"0":"post-54733","1":"product","2":"type-product","3":"status-publish","5":"pwb-brand-contitech","6":"product_cat-jakohihna","7":"desktop-align-left","8":"tablet-align-left","9":"mobile-align-left","11":"first","12":"instock","13":"product-type-external"},"brands":[{"id":187,"name":"CONTITECH","slug":"contitech"}],"_links":{"self":[{"href":"https:\/\/www.autonvaraosahaku.fi\/index.php?rest_route=\/wp\/v2\/product\/54733","targetHints":{"allow":["GET"]}}],"collection":[{"href":"https:\/\/www.autonvaraosahaku.fi\/index.php?rest_route=\/wp\/v2\/product"}],"about":[{"href":"https:\/\/www.autonvaraosahaku.fi\/index.php?rest_route=\/wp\/v2\/types\/product"}],"wp:attachment":[{"href":"https:\/\/www.autonvaraosahaku.fi\/index.php?rest_route=%2Fwp%2Fv2%2Fmedia&parent=54733"}],"wp:term":[{"taxonomy":"pwb-brand","embeddable":true,"href":"https:\/\/www.autonvaraosahaku.fi\/index.php?rest_route=%2Fwp%2Fv2%2Fpwb-brand&post=54733"},{"taxonomy":"product_cat","embeddable":true,"href":"https:\/\/www.autonvaraosahaku.fi\/index.php?rest_route=%2Fwp%2Fv2%2Fproduct_cat&post=54733"},{"taxonomy":"product_tag","embeddable":true,"href":"https:\/\/www.autonvaraosahaku.fi\/index.php?rest_route=%2Fwp%2Fv2%2Fproduct_tag&post=54733"}],"curies":[{"name":"wp","href":"https:\/\/api.w.org\/{rel}","templated":true}]}}