{"id":54737,"date":"2021-02-21T17:52:37","date_gmt":"2021-02-21T17:52:37","guid":{"rendered":"https:\/\/www.autonvaraosahaku.fi\/?product=contitech-ct919k5-jakohihna"},"modified":"2021-02-21T17:52:40","modified_gmt":"2021-02-21T17:52:40","slug":"contitech-ct919k5-jakohihna","status":"publish","type":"product","link":"https:\/\/www.autonvaraosahaku.fi\/?product=contitech-ct919k5-jakohihna","title":{"rendered":"CONTITECH CT919K5 Jakohihna"},"content":{"rendered":"<p>Pakkauspituus [cm]: 26,5; Pakkausleveys [cm]: 16,5; Pakkauskorkeus [mm]: 9,5, 9,5; Paino [kg]: 1,43; Hammasluku: 153; Leveys (mm): 25; Korvaava tuote\/korvaava tiedote 2: Kiristysvaimentimella ja -rullalla; Sis\u00e4lt\u00e4\u00e4 rullat: 2; Apulaitteet: angetr. Agg.: Nockenwelle; AUDI: A4 8D2, B5,A4 Avant 8D5, B5; 058198119A; Hammashihnasarja<\/p>\n","protected":false},"excerpt":{"rendered":"<p>CONTITECH Jakohihnasarja CT919K5 Hammashihnasarja AUDI,A4 8D2, B5,A4 Avant 8D5, B5<\/p>\n","protected":false},"featured_media":0,"template":"","meta":{"site-sidebar-layout":"default","site-content-layout":"default","ast-global-header-display":"","ast-main-header-display":"","ast-hfb-above-header-display":"","ast-hfb-below-header-display":"","ast-hfb-mobile-header-display":"","site-post-title":"","ast-breadcrumbs-content":"","ast-featured-img":"","footer-sml-layout":"","theme-transparent-header-meta":"","adv-header-id-meta":"","stick-header-meta":"","header-above-stick-meta":"","header-main-stick-meta":"","header-below-stick-meta":""},"pwb-brand":[187],"product_cat":[266],"product_tag":[],"class_list":{"0":"post-54737","1":"product","2":"type-product","3":"status-publish","5":"pwb-brand-contitech","6":"product_cat-jakohihna","7":"desktop-align-left","8":"tablet-align-left","9":"mobile-align-left","11":"first","12":"instock","13":"product-type-external"},"brands":[{"id":187,"name":"CONTITECH","slug":"contitech"}],"_links":{"self":[{"href":"https:\/\/www.autonvaraosahaku.fi\/index.php?rest_route=\/wp\/v2\/product\/54737","targetHints":{"allow":["GET"]}}],"collection":[{"href":"https:\/\/www.autonvaraosahaku.fi\/index.php?rest_route=\/wp\/v2\/product"}],"about":[{"href":"https:\/\/www.autonvaraosahaku.fi\/index.php?rest_route=\/wp\/v2\/types\/product"}],"wp:attachment":[{"href":"https:\/\/www.autonvaraosahaku.fi\/index.php?rest_route=%2Fwp%2Fv2%2Fmedia&parent=54737"}],"wp:term":[{"taxonomy":"pwb-brand","embeddable":true,"href":"https:\/\/www.autonvaraosahaku.fi\/index.php?rest_route=%2Fwp%2Fv2%2Fpwb-brand&post=54737"},{"taxonomy":"product_cat","embeddable":true,"href":"https:\/\/www.autonvaraosahaku.fi\/index.php?rest_route=%2Fwp%2Fv2%2Fproduct_cat&post=54737"},{"taxonomy":"product_tag","embeddable":true,"href":"https:\/\/www.autonvaraosahaku.fi\/index.php?rest_route=%2Fwp%2Fv2%2Fproduct_tag&post=54737"}],"curies":[{"name":"wp","href":"https:\/\/api.w.org\/{rel}","templated":true}]}}