{"id":54836,"date":"2021-02-21T17:53:07","date_gmt":"2021-02-21T17:53:07","guid":{"rendered":"https:\/\/www.autonvaraosahaku.fi\/?product=gates-5411xs-jakohihna"},"modified":"2021-02-21T17:53:10","modified_gmt":"2021-02-21T17:53:10","slug":"gates-5411xs-jakohihna","status":"publish","type":"product","link":"https:\/\/www.autonvaraosahaku.fi\/?product=gates-5411xs-jakohihna","title":{"rendered":"GATES 5411XS Jakohihna"},"content":{"rendered":"<p>Suositellun erikoisty\u00f6kalun tuotenumero: STT-1; Materiaali: Lasikuitu, HNBR (hydrattu akryyli-nitriili-butadi-kumi); V\u00e4ri: Musta; Hammasluku: 108; Leveys (mm): 15; Hammasv\u00e4li [mm]: 9,525; Pituus (mm): 1029; Tuotelinja: FleetRunner\u2122 Micro-V\u00ae Stretch Fit\u00ae; Valmistusvuoteen: 03\/1997; LANCIA: Y 840A; FIAT: PUNTO 176,STRADA Pick-up 178E,PUNTO Cabriolet 176C,PALIO Weekend 178DX,PALIO 178BX,SIENA 178_; 46457061, 46515401, 71749474, 7646725, 7742320, 46457061, 46515401, 7646725; Jakop\u00e4\u00e4n Hihna,Hammashihna,Hammashihnat<\/p>\n","protected":false},"excerpt":{"rendered":"<p>GATES Jakohihna 5411XS Jakop\u00e4\u00e4n Hihna,Hammashihna LANCIA,FIAT,Y 840A,PUNTO 176,STRADA Pick-up 178E,PUNTO Cabriolet 176C,PALIO Weekend 178DX<\/p>\n","protected":false},"featured_media":0,"template":"","meta":{"site-sidebar-layout":"default","site-content-layout":"default","ast-global-header-display":"","ast-main-header-display":"","ast-hfb-above-header-display":"","ast-hfb-below-header-display":"","ast-hfb-mobile-header-display":"","site-post-title":"","ast-breadcrumbs-content":"","ast-featured-img":"","footer-sml-layout":"","theme-transparent-header-meta":"","adv-header-id-meta":"","stick-header-meta":"","header-above-stick-meta":"","header-main-stick-meta":"","header-below-stick-meta":""},"pwb-brand":[22],"product_cat":[266],"product_tag":[],"class_list":{"0":"post-54836","1":"product","2":"type-product","3":"status-publish","5":"pwb-brand-gates","6":"product_cat-jakohihna","7":"desktop-align-left","8":"tablet-align-left","9":"mobile-align-left","11":"first","12":"instock","13":"product-type-external"},"brands":[{"id":22,"name":"GATES","slug":"gates"}],"_links":{"self":[{"href":"https:\/\/www.autonvaraosahaku.fi\/index.php?rest_route=\/wp\/v2\/product\/54836","targetHints":{"allow":["GET"]}}],"collection":[{"href":"https:\/\/www.autonvaraosahaku.fi\/index.php?rest_route=\/wp\/v2\/product"}],"about":[{"href":"https:\/\/www.autonvaraosahaku.fi\/index.php?rest_route=\/wp\/v2\/types\/product"}],"wp:attachment":[{"href":"https:\/\/www.autonvaraosahaku.fi\/index.php?rest_route=%2Fwp%2Fv2%2Fmedia&parent=54836"}],"wp:term":[{"taxonomy":"pwb-brand","embeddable":true,"href":"https:\/\/www.autonvaraosahaku.fi\/index.php?rest_route=%2Fwp%2Fv2%2Fpwb-brand&post=54836"},{"taxonomy":"product_cat","embeddable":true,"href":"https:\/\/www.autonvaraosahaku.fi\/index.php?rest_route=%2Fwp%2Fv2%2Fproduct_cat&post=54836"},{"taxonomy":"product_tag","embeddable":true,"href":"https:\/\/www.autonvaraosahaku.fi\/index.php?rest_route=%2Fwp%2Fv2%2Fproduct_tag&post=54836"}],"curies":[{"name":"wp","href":"https:\/\/api.w.org\/{rel}","templated":true}]}}