{"id":54837,"date":"2021-02-21T17:53:07","date_gmt":"2021-02-21T17:53:07","guid":{"rendered":"https:\/\/www.autonvaraosahaku.fi\/?product=gates-5238xs-jakohihna"},"modified":"2021-02-21T17:53:10","modified_gmt":"2021-02-21T17:53:10","slug":"gates-5238xs-jakohihna","status":"publish","type":"product","link":"https:\/\/www.autonvaraosahaku.fi\/?product=gates-5238xs-jakohihna","title":{"rendered":"GATES 5238XS Jakohihna"},"content":{"rendered":"<p>Suositellun erikoisty\u00f6kalun tuotenumero: STT-1; Materiaali: Lasikuitu, HNBR (hydrattu akryyli-nitriili-butadi-kumi); V\u00e4ri: Musta; Hammasluku: 143; Leveys (mm): 23; Hammasv\u00e4li [mm]: 8; Pituus (mm): 1144; Tuotelinja: FleetRunner\u2122 Micro-V\u00ae Stretch Fit\u00ae; Valmistusvuosi alkaen: 10\/2004; ROVER: 25 RF,200 RF,45 Stufenheck RT,45 RT,400 RT,CABRIOLET XW,400 Hatchback RT,STREETWISE,200 Hatchback XW,200 Coupe XW,100 \/ METRO XP,400 XW,100 Cabriolet XP,COUPE; MG: MGF RD,MG TF,MG ZR,MG ZS,MG ZS Hatchback,EXPRESS Kasten; LOTUS: ELISE; CDU2749, GTB1238, GTB1238XS, GTB1283XS, CDU2749, GTB1238, GTB1238XS, GTB1283XS, CDU2749, GTB1238, GTB1238XS, GTB1283XS, CDU2749, GTB1238, GTB1238XS, GTB1283XS, CDU2749, GTB1238, GTB1238XS, GTB1283XS; Jakop\u00e4\u00e4n Hihna,Hammashihna,Hammashihnat<\/p>\n","protected":false},"excerpt":{"rendered":"<p>GATES Jakohihna 5238XS Jakop\u00e4\u00e4n Hihna,Hammashihna ROVER,MG,LOTUS,25 RF,200 RF,45 Stufenheck RT,45 RT,400 RT,CABRIOLET XW,400 Hatchback RT,STREETWISE<\/p>\n","protected":false},"featured_media":0,"template":"","meta":{"site-sidebar-layout":"default","site-content-layout":"default","ast-global-header-display":"","ast-main-header-display":"","ast-hfb-above-header-display":"","ast-hfb-below-header-display":"","ast-hfb-mobile-header-display":"","site-post-title":"","ast-breadcrumbs-content":"","ast-featured-img":"","footer-sml-layout":"","theme-transparent-header-meta":"","adv-header-id-meta":"","stick-header-meta":"","header-above-stick-meta":"","header-main-stick-meta":"","header-below-stick-meta":""},"pwb-brand":[22],"product_cat":[266],"product_tag":[],"class_list":{"0":"post-54837","1":"product","2":"type-product","3":"status-publish","5":"pwb-brand-gates","6":"product_cat-jakohihna","7":"desktop-align-left","8":"tablet-align-left","9":"mobile-align-left","11":"first","12":"instock","13":"product-type-external"},"brands":[{"id":22,"name":"GATES","slug":"gates"}],"_links":{"self":[{"href":"https:\/\/www.autonvaraosahaku.fi\/index.php?rest_route=\/wp\/v2\/product\/54837","targetHints":{"allow":["GET"]}}],"collection":[{"href":"https:\/\/www.autonvaraosahaku.fi\/index.php?rest_route=\/wp\/v2\/product"}],"about":[{"href":"https:\/\/www.autonvaraosahaku.fi\/index.php?rest_route=\/wp\/v2\/types\/product"}],"wp:attachment":[{"href":"https:\/\/www.autonvaraosahaku.fi\/index.php?rest_route=%2Fwp%2Fv2%2Fmedia&parent=54837"}],"wp:term":[{"taxonomy":"pwb-brand","embeddable":true,"href":"https:\/\/www.autonvaraosahaku.fi\/index.php?rest_route=%2Fwp%2Fv2%2Fpwb-brand&post=54837"},{"taxonomy":"product_cat","embeddable":true,"href":"https:\/\/www.autonvaraosahaku.fi\/index.php?rest_route=%2Fwp%2Fv2%2Fproduct_cat&post=54837"},{"taxonomy":"product_tag","embeddable":true,"href":"https:\/\/www.autonvaraosahaku.fi\/index.php?rest_route=%2Fwp%2Fv2%2Fproduct_tag&post=54837"}],"curies":[{"name":"wp","href":"https:\/\/api.w.org\/{rel}","templated":true}]}}