{"id":54897,"date":"2021-02-21T17:53:25","date_gmt":"2021-02-21T17:53:25","guid":{"rendered":"https:\/\/www.autonvaraosahaku.fi\/?product=quaro-qs5494-hq-koiranluu"},"modified":"2021-02-21T17:53:28","modified_gmt":"2021-02-21T17:53:28","slug":"quaro-qs5494-hq-koiranluu","status":"publish","type":"product","link":"https:\/\/www.autonvaraosahaku.fi\/?product=quaro-qs5494-hq-koiranluu","title":{"rendered":"QUARO QS5494\/HQ Koiranluu"},"content":{"rendered":"<p>Parilliset tuotenumerot: 22847; M\u00e4\u00e4r\u00e4: 1; Tanko \/ tuki: Yhdystanko; Asennuspuoli: Etuakseli, Vasen; Paino [kg]: 0,600; Materiaali: Ter\u00e4s; Vahvistettu malli: ; Akselimalli: VH10; CITRO\u00cbN: C5 III Break TD_,C5 III RD_,C6 TD_; PEUGEOT: 407 SW 6E_,508 SW,407 6D_,508,407 Coupe 6C_; 508752, 508752; Kallistuksenvakaajan Yhdystanko,Tanko, Kallistuksenvaimennin<\/p>\n","protected":false},"excerpt":{"rendered":"<p>QUARO Koiranluu QS5494\/HQ Kallistuksenvakaajan Yhdystanko,Tanko, Kallistuksenvaimennin CITRO\u00cbN,PEUGEOT,C5 III Break TD_,C5 III RD_,C6 TD_,407 SW 6E_<\/p>\n","protected":false},"featured_media":0,"template":"","meta":{"site-sidebar-layout":"default","site-content-layout":"default","ast-global-header-display":"","ast-main-header-display":"","ast-hfb-above-header-display":"","ast-hfb-below-header-display":"","ast-hfb-mobile-header-display":"","site-post-title":"","ast-breadcrumbs-content":"","ast-featured-img":"","footer-sml-layout":"","theme-transparent-header-meta":"","adv-header-id-meta":"","stick-header-meta":"","header-above-stick-meta":"","header-main-stick-meta":"","header-below-stick-meta":""},"pwb-brand":[464],"product_cat":[38],"product_tag":[],"class_list":{"0":"post-54897","1":"product","2":"type-product","3":"status-publish","5":"pwb-brand-quaro","6":"product_cat-koiranluu","7":"desktop-align-left","8":"tablet-align-left","9":"mobile-align-left","11":"first","12":"instock","13":"product-type-external"},"brands":[{"id":464,"name":"QUARO","slug":"quaro"}],"_links":{"self":[{"href":"https:\/\/www.autonvaraosahaku.fi\/index.php?rest_route=\/wp\/v2\/product\/54897","targetHints":{"allow":["GET"]}}],"collection":[{"href":"https:\/\/www.autonvaraosahaku.fi\/index.php?rest_route=\/wp\/v2\/product"}],"about":[{"href":"https:\/\/www.autonvaraosahaku.fi\/index.php?rest_route=\/wp\/v2\/types\/product"}],"wp:attachment":[{"href":"https:\/\/www.autonvaraosahaku.fi\/index.php?rest_route=%2Fwp%2Fv2%2Fmedia&parent=54897"}],"wp:term":[{"taxonomy":"pwb-brand","embeddable":true,"href":"https:\/\/www.autonvaraosahaku.fi\/index.php?rest_route=%2Fwp%2Fv2%2Fpwb-brand&post=54897"},{"taxonomy":"product_cat","embeddable":true,"href":"https:\/\/www.autonvaraosahaku.fi\/index.php?rest_route=%2Fwp%2Fv2%2Fproduct_cat&post=54897"},{"taxonomy":"product_tag","embeddable":true,"href":"https:\/\/www.autonvaraosahaku.fi\/index.php?rest_route=%2Fwp%2Fv2%2Fproduct_tag&post=54897"}],"curies":[{"name":"wp","href":"https:\/\/api.w.org\/{rel}","templated":true}]}}