{"id":54909,"date":"2021-02-21T17:53:31","date_gmt":"2021-02-21T17:53:31","guid":{"rendered":"https:\/\/www.autonvaraosahaku.fi\/?product=meyle-100-199-3103-s-moottorin-kumityyny"},"modified":"2021-02-21T17:53:33","modified_gmt":"2021-02-21T17:53:33","slug":"meyle-100-199-3103-s-moottorin-kumityyny","status":"publish","type":"product","link":"https:\/\/www.autonvaraosahaku.fi\/?product=meyle-100-199-3103-s-moottorin-kumityyny","title":{"rendered":"MEYLE 100 199 3103\/S Moottorin kumityyny"},"content":{"rendered":"<p>Asennuspuoli: Molemminpuolin; Kiinnitysmalli: S\u00e4hk\u00f6s\u00e4\u00e4t\u00f6inen moottorityyny; Vaihdettava pareittain: ; Tarvittava kappalem\u00e4\u00e4r\u00e4: 1; M\u00e4\u00e4r\u00e4yksikk\u00f6: Sarja; AUDI: A6 Avant 4G5, C7, 4GD,A6 4G2, C7, 4GC,A7 Sportback 4GA, 4GF,A6 Allroad 4GH, 4GJ; 4G0199381K, 4G0199381KK, 4G0199381L, 4G0199381LG, 4G0199381LH; Moottorin Tukikumit,Moottorin Tuki<\/p>\n","protected":false},"excerpt":{"rendered":"<p>MEYLE Moottorin Kumityyny MEYLE-ORIGINAL: True to OE. 100 199 3103\/S Moottorin Tukikumit,Moottorin Tuki AUDI,A6 Avant 4G5, C7, 4GD,A6 4G2, C7, 4GC<\/p>\n","protected":false},"featured_media":0,"template":"","meta":{"site-sidebar-layout":"default","site-content-layout":"default","ast-global-header-display":"","ast-main-header-display":"","ast-hfb-above-header-display":"","ast-hfb-below-header-display":"","ast-hfb-mobile-header-display":"","site-post-title":"","ast-breadcrumbs-content":"","ast-featured-img":"","footer-sml-layout":"","theme-transparent-header-meta":"","adv-header-id-meta":"","stick-header-meta":"","header-above-stick-meta":"","header-main-stick-meta":"","header-below-stick-meta":""},"pwb-brand":[84],"product_cat":[74],"product_tag":[],"class_list":{"0":"post-54909","1":"product","2":"type-product","3":"status-publish","5":"pwb-brand-meyle","6":"product_cat-moottorin-kumityyny","7":"desktop-align-left","8":"tablet-align-left","9":"mobile-align-left","11":"first","12":"instock","13":"product-type-external"},"brands":[{"id":84,"name":"MEYLE","slug":"meyle"}],"_links":{"self":[{"href":"https:\/\/www.autonvaraosahaku.fi\/index.php?rest_route=\/wp\/v2\/product\/54909","targetHints":{"allow":["GET"]}}],"collection":[{"href":"https:\/\/www.autonvaraosahaku.fi\/index.php?rest_route=\/wp\/v2\/product"}],"about":[{"href":"https:\/\/www.autonvaraosahaku.fi\/index.php?rest_route=\/wp\/v2\/types\/product"}],"wp:attachment":[{"href":"https:\/\/www.autonvaraosahaku.fi\/index.php?rest_route=%2Fwp%2Fv2%2Fmedia&parent=54909"}],"wp:term":[{"taxonomy":"pwb-brand","embeddable":true,"href":"https:\/\/www.autonvaraosahaku.fi\/index.php?rest_route=%2Fwp%2Fv2%2Fpwb-brand&post=54909"},{"taxonomy":"product_cat","embeddable":true,"href":"https:\/\/www.autonvaraosahaku.fi\/index.php?rest_route=%2Fwp%2Fv2%2Fproduct_cat&post=54909"},{"taxonomy":"product_tag","embeddable":true,"href":"https:\/\/www.autonvaraosahaku.fi\/index.php?rest_route=%2Fwp%2Fv2%2Fproduct_tag&post=54909"}],"curies":[{"name":"wp","href":"https:\/\/api.w.org\/{rel}","templated":true}]}}