{"id":54939,"date":"2021-02-21T17:53:36","date_gmt":"2021-02-21T17:53:36","guid":{"rendered":"https:\/\/www.autonvaraosahaku.fi\/?product=dakatec-140020-raidetangon-sisapaa"},"modified":"2021-02-21T17:53:41","modified_gmt":"2021-02-21T17:53:41","slug":"dakatec-140020-raidetangon-sisapaa","status":"publish","type":"product","link":"https:\/\/www.autonvaraosahaku.fi\/?product=dakatec-140020-raidetangon-sisapaa","title":{"rendered":"DAKAtec 140020 Raidetangon sis\u00e4p\u00e4\u00e4"},"content":{"rendered":"<p>Kokonaispituus (mm): 338,0; Asennuspuoli: etuakseli molemminpuoleinen, links; Sis\u00e4kierre (mm): M14x1,5; Ulkokierre [mm]: M14x1,5; Paino [g]: 660; CITRO\u00cbN: C4 I LC_,C4 Coupe LA_; PEUGEOT: 307 SW 3H,307 CC 3B,307 3A\/C,307 Break 3E; 381200, 3812E0, 3812E0; Raidetangon P\u00e4\u00e4 Sisempi,Raidetangon P\u00e4\u00e4, Suora<\/p>\n","protected":false},"excerpt":{"rendered":"<p>DAKAtec Raidetangon Sis\u00e4p\u00e4\u00e4 140020 Raidetangon P\u00e4\u00e4 Sisempi,Raidetangon P\u00e4\u00e4, Suora CITRO\u00cbN,PEUGEOT,C4 I LC_,C4 Coupe LA_,307 SW 3H,307 CC 3B,307 3A\/C<\/p>\n","protected":false},"featured_media":0,"template":"","meta":{"site-sidebar-layout":"default","site-content-layout":"default","ast-global-header-display":"","ast-main-header-display":"","ast-hfb-above-header-display":"","ast-hfb-below-header-display":"","ast-hfb-mobile-header-display":"","site-post-title":"","ast-breadcrumbs-content":"","ast-featured-img":"","footer-sml-layout":"","theme-transparent-header-meta":"","adv-header-id-meta":"","stick-header-meta":"","header-above-stick-meta":"","header-main-stick-meta":"","header-below-stick-meta":""},"pwb-brand":[283],"product_cat":[208],"product_tag":[],"class_list":{"0":"post-54939","1":"product","2":"type-product","3":"status-publish","5":"pwb-brand-dakatec","6":"product_cat-raidetangon-sisapaa","7":"desktop-align-left","8":"tablet-align-left","9":"mobile-align-left","11":"first","12":"instock","13":"product-type-external"},"brands":[{"id":283,"name":"DAKAtec","slug":"dakatec"}],"_links":{"self":[{"href":"https:\/\/www.autonvaraosahaku.fi\/index.php?rest_route=\/wp\/v2\/product\/54939","targetHints":{"allow":["GET"]}}],"collection":[{"href":"https:\/\/www.autonvaraosahaku.fi\/index.php?rest_route=\/wp\/v2\/product"}],"about":[{"href":"https:\/\/www.autonvaraosahaku.fi\/index.php?rest_route=\/wp\/v2\/types\/product"}],"wp:attachment":[{"href":"https:\/\/www.autonvaraosahaku.fi\/index.php?rest_route=%2Fwp%2Fv2%2Fmedia&parent=54939"}],"wp:term":[{"taxonomy":"pwb-brand","embeddable":true,"href":"https:\/\/www.autonvaraosahaku.fi\/index.php?rest_route=%2Fwp%2Fv2%2Fpwb-brand&post=54939"},{"taxonomy":"product_cat","embeddable":true,"href":"https:\/\/www.autonvaraosahaku.fi\/index.php?rest_route=%2Fwp%2Fv2%2Fproduct_cat&post=54939"},{"taxonomy":"product_tag","embeddable":true,"href":"https:\/\/www.autonvaraosahaku.fi\/index.php?rest_route=%2Fwp%2Fv2%2Fproduct_tag&post=54939"}],"curies":[{"name":"wp","href":"https:\/\/api.w.org\/{rel}","templated":true}]}}