{"id":54953,"date":"2021-02-21T17:53:42","date_gmt":"2021-02-21T17:53:42","guid":{"rendered":"https:\/\/www.autonvaraosahaku.fi\/?product=hella-6px-358-141-021-peruutustutka-anturit"},"modified":"2021-02-21T17:53:45","modified_gmt":"2021-02-21T17:53:45","slug":"hella-6px-358-141-021-peruutustutka-anturit","status":"publish","type":"product","link":"https:\/\/www.autonvaraosahaku.fi\/?product=hella-6px-358-141-021-peruutustutka-anturit","title":{"rendered":"HELLA 6PX 358 141-021 Peruutustutka anturit"},"content":{"rendered":"<p>Napojen m\u00e4\u00e4r\u00e4: 3; Kemialliset ominaisuudet: maalattavissa; Asennusmalli: Liitos; Kopan v\u00e4ri: Musta; Muoto: Kulmikas; Lis\u00e4tarvike\/lis\u00e4tieto: Kiinnitysrenkaalla; Asennuspuoli: beidseitig; BMW: 3 Touring E91,3 E90,1 E87,X1 E84,1 E81,3 Coupe E92,3 Cabriolet E93,1 Cabriolet E88,1 Coupe E82,Z4 E89; MINI: MINI R56,MINI CLUBMAN R55,MINI Cabriolet R57,MINI COUNTRYMAN R60,MINI Coupe R58,MINI Roadster R59,MINI PACEMAN R61,MINI CLUBVAN R55; 0393938, 2180146, 2241429, 2241431, 66200393938, 66202180146, 66202241429, 66202241431, 66206935597, 66206935598, 66206940623, 66216988965, 6698965, 6935597, 6940623; Tunnistin, Et\u00e4isyystunnistin<\/p>\n","protected":false},"excerpt":{"rendered":"<p>HELLA Peruutustutka Anturit 6PX 358 141-021 Tunnistin, Et\u00e4isyystunnistin BMW,MINI,3 Touring E91,3 E90,1 E87,X1 E84,1 E81,3 Coupe E92,3 Cabriolet E93<\/p>\n","protected":false},"featured_media":0,"template":"","meta":{"site-sidebar-layout":"default","site-content-layout":"default","ast-global-header-display":"","ast-main-header-display":"","ast-hfb-above-header-display":"","ast-hfb-below-header-display":"","ast-hfb-mobile-header-display":"","site-post-title":"","ast-breadcrumbs-content":"","ast-featured-img":"","footer-sml-layout":"","theme-transparent-header-meta":"","adv-header-id-meta":"","stick-header-meta":"","header-above-stick-meta":"","header-main-stick-meta":"","header-below-stick-meta":""},"pwb-brand":[24],"product_cat":[217],"product_tag":[],"class_list":{"0":"post-54953","1":"product","2":"type-product","3":"status-publish","5":"pwb-brand-hella","6":"product_cat-peruutustutka-anturit","7":"desktop-align-left","8":"tablet-align-left","9":"mobile-align-left","11":"first","12":"instock","13":"product-type-external"},"brands":[{"id":24,"name":"HELLA","slug":"hella"}],"_links":{"self":[{"href":"https:\/\/www.autonvaraosahaku.fi\/index.php?rest_route=\/wp\/v2\/product\/54953","targetHints":{"allow":["GET"]}}],"collection":[{"href":"https:\/\/www.autonvaraosahaku.fi\/index.php?rest_route=\/wp\/v2\/product"}],"about":[{"href":"https:\/\/www.autonvaraosahaku.fi\/index.php?rest_route=\/wp\/v2\/types\/product"}],"wp:attachment":[{"href":"https:\/\/www.autonvaraosahaku.fi\/index.php?rest_route=%2Fwp%2Fv2%2Fmedia&parent=54953"}],"wp:term":[{"taxonomy":"pwb-brand","embeddable":true,"href":"https:\/\/www.autonvaraosahaku.fi\/index.php?rest_route=%2Fwp%2Fv2%2Fpwb-brand&post=54953"},{"taxonomy":"product_cat","embeddable":true,"href":"https:\/\/www.autonvaraosahaku.fi\/index.php?rest_route=%2Fwp%2Fv2%2Fproduct_cat&post=54953"},{"taxonomy":"product_tag","embeddable":true,"href":"https:\/\/www.autonvaraosahaku.fi\/index.php?rest_route=%2Fwp%2Fv2%2Fproduct_tag&post=54953"}],"curies":[{"name":"wp","href":"https:\/\/api.w.org\/{rel}","templated":true}]}}