{"id":54970,"date":"2021-02-21T17:53:48","date_gmt":"2021-02-21T17:53:48","guid":{"rendered":"https:\/\/www.autonvaraosahaku.fi\/?product=era-460370a-tuulilasin-pyyhkimen-moottori"},"modified":"2021-02-21T17:53:50","modified_gmt":"2021-02-21T17:53:50","slug":"era-460370a-tuulilasin-pyyhkimen-moottori","status":"publish","type":"product","link":"https:\/\/www.autonvaraosahaku.fi\/?product=era-460370a-tuulilasin-pyyhkimen-moottori","title":{"rendered":"ERA 460370A Tuulilasin pyyhkimen moottori"},"content":{"rendered":"<p>Nimellisteho (W): 50; Asennuspuoli: Edess\u00e4; Liittimi\u00e4: 5; K\u00e4ytt\u00f6j\u00e4nnite [V]: 12; TOYOTA: YARIS SCP9_, NSP9_, KSP9_, NCP9_, ZSP9_,RAV 4 III ACA3_, ACE_, ALA3_, GSA3_, ZSA3_; MAZDA: CX-7 ER; MITSUBISHI: ASX GA_W_,OUTLANDER XL II CW_W; SUBARU: XV; JEEP: GRAND CHEROKEE III WH, WK; 68040580AA, EG2167340, 8250A809, 86510FG010, 851100R010; Pyyhkij\u00e4n Moottori<\/p>\n","protected":false},"excerpt":{"rendered":"<p>ERA Tuulilasin Pyyhkimen Moottori 460370A Pyyhkij\u00e4n Moottori TOYOTA,MAZDA,MITSUBISHI,YARIS SCP9_, NSP9_, KSP9_, NCP9_, ZSP9_<\/p>\n","protected":false},"featured_media":0,"template":"","meta":{"site-sidebar-layout":"default","site-content-layout":"default","ast-global-header-display":"","ast-main-header-display":"","ast-hfb-above-header-display":"","ast-hfb-below-header-display":"","ast-hfb-mobile-header-display":"","site-post-title":"","ast-breadcrumbs-content":"","ast-featured-img":"","footer-sml-layout":"","theme-transparent-header-meta":"","adv-header-id-meta":"","stick-header-meta":"","header-above-stick-meta":"","header-main-stick-meta":"","header-below-stick-meta":""},"pwb-brand":[64],"product_cat":[32],"product_tag":[],"class_list":{"0":"post-54970","1":"product","2":"type-product","3":"status-publish","5":"pwb-brand-era","6":"product_cat-tuulilasin-pyyhkimen-moottori","7":"desktop-align-left","8":"tablet-align-left","9":"mobile-align-left","11":"first","12":"instock","13":"product-type-external"},"brands":[{"id":64,"name":"ERA","slug":"era"}],"_links":{"self":[{"href":"https:\/\/www.autonvaraosahaku.fi\/index.php?rest_route=\/wp\/v2\/product\/54970","targetHints":{"allow":["GET"]}}],"collection":[{"href":"https:\/\/www.autonvaraosahaku.fi\/index.php?rest_route=\/wp\/v2\/product"}],"about":[{"href":"https:\/\/www.autonvaraosahaku.fi\/index.php?rest_route=\/wp\/v2\/types\/product"}],"wp:attachment":[{"href":"https:\/\/www.autonvaraosahaku.fi\/index.php?rest_route=%2Fwp%2Fv2%2Fmedia&parent=54970"}],"wp:term":[{"taxonomy":"pwb-brand","embeddable":true,"href":"https:\/\/www.autonvaraosahaku.fi\/index.php?rest_route=%2Fwp%2Fv2%2Fpwb-brand&post=54970"},{"taxonomy":"product_cat","embeddable":true,"href":"https:\/\/www.autonvaraosahaku.fi\/index.php?rest_route=%2Fwp%2Fv2%2Fproduct_cat&post=54970"},{"taxonomy":"product_tag","embeddable":true,"href":"https:\/\/www.autonvaraosahaku.fi\/index.php?rest_route=%2Fwp%2Fv2%2Fproduct_tag&post=54970"}],"curies":[{"name":"wp","href":"https:\/\/api.w.org\/{rel}","templated":true}]}}