{"id":54989,"date":"2021-02-21T17:53:54","date_gmt":"2021-02-21T17:53:54","guid":{"rendered":"https:\/\/www.autonvaraosahaku.fi\/?product=topran-638-161-kytkin-ohjausakseli"},"modified":"2021-02-21T17:53:56","modified_gmt":"2021-02-21T17:53:56","slug":"topran-638-161-kytkin-ohjausakseli","status":"publish","type":"product","link":"https:\/\/www.autonvaraosahaku.fi\/?product=topran-638-161-kytkin-ohjausakseli","title":{"rendered":"TOPRAN 638 161 Kytkin ohjausakseli"},"content":{"rendered":"<p>V\u00e4rikoodi: 9B9; V\u00e4ri: Musta; Materiaali: Lasikuitu-muovi; Yhdistelm\u00e4kytkintoiminto: S\u00e4\u00e4timell\u00e4, Vilkkutoiminta, Kaukovalotoiminnolla, Valomerkinantolaitteella, Seisontavalo-toiminnolla, valonpesulla, Takaikkunan huuhtelutoiminnolla; Varusteet: Ajon. joissa vakionopeuden s\u00e4\u00e4din, S\u00e4\u00e4dett\u00e4v\u00e4lle aikav\u00e4lipyyhkimille, f\u00fcr Fahrzeuge ohne Bordcomputer; Asennusmalli: Liitos; VW: GOLF VI 5K1,GOLF PLUS 5M1, 521,TIGUAN 5N_,CADDY III Kombi 2KB, 2KJ, 2CB, 2CJ,TOURAN 1T3,GOLF VI Variant AJ5,CADDY III Kasten 2KA, 2KH, 2CA, 2CH,EOS 1F7, 1F8,SCIROCCO 137, 138,JETTA IV 162, 163,CADDY IV Kombi SAB, SAJ,CADDY IV Kasten SAA, SAH; SKODA: YETI 5L; SEAT: ALHAMBRA 710, 711; 5K0953502M, 5K0953502M9B9, 5K0953502M, 5K0953502M9B9, 5K0953502M, 5K0953502M9B9<\/p>\n","protected":false},"excerpt":{"rendered":"<p>TOPRAN Kytkin Ohjausakseli 638 161  VW,SKODA,SEAT,GOLF VI 5K1,GOLF PLUS 5M1, 521,TIGUAN 5N_,CADDY III Kombi 2KB, 2KJ, 2CB, 2CJ,TOURAN 1T3<\/p>\n","protected":false},"featured_media":0,"template":"","meta":{"site-sidebar-layout":"default","site-content-layout":"default","ast-global-header-display":"","ast-main-header-display":"","ast-hfb-above-header-display":"","ast-hfb-below-header-display":"","ast-hfb-mobile-header-display":"","site-post-title":"","ast-breadcrumbs-content":"","ast-featured-img":"","footer-sml-layout":"","theme-transparent-header-meta":"","adv-header-id-meta":"","stick-header-meta":"","header-above-stick-meta":"","header-main-stick-meta":"","header-below-stick-meta":""},"pwb-brand":[18],"product_cat":[65],"product_tag":[],"class_list":{"0":"post-54989","1":"product","2":"type-product","3":"status-publish","5":"pwb-brand-topran","6":"product_cat-kytkin-ohjausakseli","7":"desktop-align-left","8":"tablet-align-left","9":"mobile-align-left","11":"first","12":"instock","13":"product-type-external"},"brands":[{"id":18,"name":"TOPRAN","slug":"topran"}],"_links":{"self":[{"href":"https:\/\/www.autonvaraosahaku.fi\/index.php?rest_route=\/wp\/v2\/product\/54989","targetHints":{"allow":["GET"]}}],"collection":[{"href":"https:\/\/www.autonvaraosahaku.fi\/index.php?rest_route=\/wp\/v2\/product"}],"about":[{"href":"https:\/\/www.autonvaraosahaku.fi\/index.php?rest_route=\/wp\/v2\/types\/product"}],"wp:attachment":[{"href":"https:\/\/www.autonvaraosahaku.fi\/index.php?rest_route=%2Fwp%2Fv2%2Fmedia&parent=54989"}],"wp:term":[{"taxonomy":"pwb-brand","embeddable":true,"href":"https:\/\/www.autonvaraosahaku.fi\/index.php?rest_route=%2Fwp%2Fv2%2Fpwb-brand&post=54989"},{"taxonomy":"product_cat","embeddable":true,"href":"https:\/\/www.autonvaraosahaku.fi\/index.php?rest_route=%2Fwp%2Fv2%2Fproduct_cat&post=54989"},{"taxonomy":"product_tag","embeddable":true,"href":"https:\/\/www.autonvaraosahaku.fi\/index.php?rest_route=%2Fwp%2Fv2%2Fproduct_tag&post=54989"}],"curies":[{"name":"wp","href":"https:\/\/api.w.org\/{rel}","templated":true}]}}