{"id":54996,"date":"2021-02-21T17:53:54","date_gmt":"2021-02-21T17:53:54","guid":{"rendered":"https:\/\/www.autonvaraosahaku.fi\/?product=elwis-royal-8425101-kampiakselin-tiiviste"},"modified":"2021-02-21T17:53:57","modified_gmt":"2021-02-21T17:53:57","slug":"elwis-royal-8425101-kampiakselin-tiiviste","status":"publish","type":"product","link":"https:\/\/www.autonvaraosahaku.fi\/?product=elwis-royal-8425101-kampiakselin-tiiviste","title":{"rendered":"ELWIS ROYAL 8425101 Kampiakselin tiiviste"},"content":{"rendered":"<p>Asennuspuoli: Vaihteiston puoli; Tarvittava kappalem\u00e4\u00e4r\u00e4: 1; Rihlamalli: Vasen kierre; Akselitiivisteen malli: AW\/BS; Leveys (mm): 8; Materiaali: FPM (fluori-kumi); Sis\u00e4l\u00e4pimitta [mm]: 74; Ulkol\u00e4pimitta [mm]: 88; Tiivistetyyppi: Metalli-elastomeeri tiiviste; LANCIA: YPSILON 843,Y 840A,MUSA 350,YPSILON 312, 846,Y10 156; FORD: KA RU8; FIAT: GRANDE PUNTO 199,PUNTO 188,PANDA 169,500 312,SEICENTO 187,PUNTO EVO 199,DOBLO Cargo 223,500 C 312,PUNTO 176,DOBLO 119,PANDA Van 169,PUNTO 199,CINQUECENTO 170,PANDA 141A_,IDEA,PANDA 312,STRADA Pick-up 178E,QUBO 225,PUNTO Van 188AX,BRAVO I 182,BRAVA 182,PUNTO Cabriolet 176C,MAREA Weekend 185,UNO 146A\/E,FIORINO Kasten\/Kombi 225,PALIO Weekend 178DX,LINEA 323,PUNTO Van 199,SEICENTO Van 187,PANDA Van 141_,MAREA 185,PUNTO Van 176L,PALIO 178BX,SIENA 178_,PANDA VAN 312,PUNTO EVO Van 199_; ALFA ROMEO: MITO 955; AUTOBIANCHI: Y10; TATA (TELCO): INDICA VISTA; 71754491, 71754491, 7724665, 1565564; Akselitiiviste, Kampiakseli<\/p>\n","protected":false},"excerpt":{"rendered":"<p>ELWIS ROYAL Kampiakselin Tiiviste 8425101 Akselitiiviste, Kampiakseli LANCIA,FORD,FIAT,YPSILON 843,Y 840A,MUSA 350,YPSILON 312, 846,Y10 156,KA RU8<\/p>\n","protected":false},"featured_media":0,"template":"","meta":{"site-sidebar-layout":"default","site-content-layout":"default","ast-global-header-display":"","ast-main-header-display":"","ast-hfb-above-header-display":"","ast-hfb-below-header-display":"","ast-hfb-mobile-header-display":"","site-post-title":"","ast-breadcrumbs-content":"","ast-featured-img":"","footer-sml-layout":"","theme-transparent-header-meta":"","adv-header-id-meta":"","stick-header-meta":"","header-above-stick-meta":"","header-main-stick-meta":"","header-below-stick-meta":""},"pwb-brand":[120],"product_cat":[88],"product_tag":[],"class_list":{"0":"post-54996","1":"product","2":"type-product","3":"status-publish","5":"pwb-brand-elwis-royal","6":"product_cat-kampiakselin-tiiviste","7":"desktop-align-left","8":"tablet-align-left","9":"mobile-align-left","11":"first","12":"instock","13":"product-type-external"},"brands":[{"id":120,"name":"ELWIS ROYAL","slug":"elwis-royal"}],"_links":{"self":[{"href":"https:\/\/www.autonvaraosahaku.fi\/index.php?rest_route=\/wp\/v2\/product\/54996","targetHints":{"allow":["GET"]}}],"collection":[{"href":"https:\/\/www.autonvaraosahaku.fi\/index.php?rest_route=\/wp\/v2\/product"}],"about":[{"href":"https:\/\/www.autonvaraosahaku.fi\/index.php?rest_route=\/wp\/v2\/types\/product"}],"wp:attachment":[{"href":"https:\/\/www.autonvaraosahaku.fi\/index.php?rest_route=%2Fwp%2Fv2%2Fmedia&parent=54996"}],"wp:term":[{"taxonomy":"pwb-brand","embeddable":true,"href":"https:\/\/www.autonvaraosahaku.fi\/index.php?rest_route=%2Fwp%2Fv2%2Fpwb-brand&post=54996"},{"taxonomy":"product_cat","embeddable":true,"href":"https:\/\/www.autonvaraosahaku.fi\/index.php?rest_route=%2Fwp%2Fv2%2Fproduct_cat&post=54996"},{"taxonomy":"product_tag","embeddable":true,"href":"https:\/\/www.autonvaraosahaku.fi\/index.php?rest_route=%2Fwp%2Fv2%2Fproduct_tag&post=54996"}],"curies":[{"name":"wp","href":"https:\/\/api.w.org\/{rel}","templated":true}]}}