{"id":54998,"date":"2021-02-21T17:53:54","date_gmt":"2021-02-21T17:53:54","guid":{"rendered":"https:\/\/www.autonvaraosahaku.fi\/?product=vaico-v30-2252-sp-muut-luokat"},"modified":"2021-02-21T17:53:58","modified_gmt":"2021-02-21T17:53:58","slug":"vaico-v30-2252-sp-muut-luokat","status":"publish","type":"product","link":"https:\/\/www.autonvaraosahaku.fi\/?product=vaico-v30-2252-sp-muut-luokat","title":{"rendered":"VAICO V30-2252-SP Muut luokat"},"content":{"rendered":"<p>Varusteet: ajoneuvot ilman muuntimen tyhjennysruuvia; Suositeltu vaihtov\u00e4li [vuotta]: 4; Suositeltu vaihtov\u00e4li [km]: 50000; Lis\u00e4ksi tarvittavat tuotteet ks. tarvikeluettelo: ; Vaihteistomalli: WFC 280, 722,8; Vaihteistomalli: CVT-automaattivaihteisto (portaaton); Tilavuus (litra): 4; Lis\u00e4tarvike\/lis\u00e4tieto: Tiivisteill\u00e4; M\u00e4\u00e4r\u00e4yksikk\u00f6: Sarja; Korvaava tuote\/korvaava tiedote 2: Tiivisterenkaalla, \u00f6ljym\u00e4\u00e4r\u00e4 vakio\u00f6ljynvaihtov\u00e4lille; Valmistusvuoteen: 05\/2007; MERCEDES-BENZ: A-CLASS W169,B-CLASS W245; 0140370004S, 0141400001, 10933011, 1693710480, 1693770995, 1693771195, 1693771295, 1693771395, 1693771395kit9, 33011, A0140370004S, A0141400001, A1693710480, A1693770995, A1693771195, A1693771295, A1693771395, A1693771395kit9<\/p>\n","protected":false},"excerpt":{"rendered":"<p>VAICO Tarvikesarja, \u00d6ljynvaihto-Automaattivaihteisto V30-2252-SP  MERCEDES-BENZ,A-CLASS W169,B-CLASS W245<\/p>\n","protected":false},"featured_media":0,"template":"","meta":{"site-sidebar-layout":"default","site-content-layout":"default","ast-global-header-display":"","ast-main-header-display":"","ast-hfb-above-header-display":"","ast-hfb-below-header-display":"","ast-hfb-mobile-header-display":"","site-post-title":"","ast-breadcrumbs-content":"","ast-featured-img":"","footer-sml-layout":"","theme-transparent-header-meta":"","adv-header-id-meta":"","stick-header-meta":"","header-above-stick-meta":"","header-main-stick-meta":"","header-below-stick-meta":""},"pwb-brand":[330],"product_cat":[37],"product_tag":[],"class_list":{"0":"post-54998","1":"product","2":"type-product","3":"status-publish","5":"pwb-brand-vaico","6":"product_cat-muut-luokat","7":"desktop-align-left","8":"tablet-align-left","9":"mobile-align-left","11":"first","12":"instock","13":"product-type-external"},"brands":[{"id":330,"name":"VAICO","slug":"vaico"}],"_links":{"self":[{"href":"https:\/\/www.autonvaraosahaku.fi\/index.php?rest_route=\/wp\/v2\/product\/54998","targetHints":{"allow":["GET"]}}],"collection":[{"href":"https:\/\/www.autonvaraosahaku.fi\/index.php?rest_route=\/wp\/v2\/product"}],"about":[{"href":"https:\/\/www.autonvaraosahaku.fi\/index.php?rest_route=\/wp\/v2\/types\/product"}],"wp:attachment":[{"href":"https:\/\/www.autonvaraosahaku.fi\/index.php?rest_route=%2Fwp%2Fv2%2Fmedia&parent=54998"}],"wp:term":[{"taxonomy":"pwb-brand","embeddable":true,"href":"https:\/\/www.autonvaraosahaku.fi\/index.php?rest_route=%2Fwp%2Fv2%2Fpwb-brand&post=54998"},{"taxonomy":"product_cat","embeddable":true,"href":"https:\/\/www.autonvaraosahaku.fi\/index.php?rest_route=%2Fwp%2Fv2%2Fproduct_cat&post=54998"},{"taxonomy":"product_tag","embeddable":true,"href":"https:\/\/www.autonvaraosahaku.fi\/index.php?rest_route=%2Fwp%2Fv2%2Fproduct_tag&post=54998"}],"curies":[{"name":"wp","href":"https:\/\/api.w.org\/{rel}","templated":true}]}}