{"id":55030,"date":"2021-02-21T17:54:05","date_gmt":"2021-02-21T17:54:05","guid":{"rendered":"https:\/\/www.autonvaraosahaku.fi\/?product=meyle-100-610-0064-hd-muut-luokat"},"modified":"2021-02-21T17:54:08","modified_gmt":"2021-02-21T17:54:08","slug":"meyle-100-610-0064-hd-muut-luokat","status":"publish","type":"product","link":"https:\/\/www.autonvaraosahaku.fi\/?product=meyle-100-610-0064-hd-muut-luokat","title":{"rendered":"MEYLE 100 610 0064\/HD Muut luokat"},"content":{"rendered":"<p>Asennuspuoli: Etuakseli, vasen, Etuakseli, oikea; M\u00e4\u00e4r\u00e4yksikk\u00f6: Sarja; Vahvistettu malli: ; VW: PHAETON 3D_; AUDI: A6 Avant 4F5, C6,A6 4F2, C6,A6 Avant 4G5, C7, 4GD,A8 4E_,A6 4G2, C7, 4GC,A6 Allroad 4FH, C6,A7 Sportback 4GA, 4GF,A6 Allroad 4GH, 4GJ; 4F0407183E, 8D0407515C, 8E0407181C, 4E0407182C, 8D0407515A, 8D0407515B, 8D0407515C; Korjaussarja, Poikittaistukivarsi<\/p>\n","protected":false},"excerpt":{"rendered":"<p>MEYLE Alatukivarren Korjaussarja MEYLE-HD: Better than OE. 100 610 0064\/HD Korjaussarja, Poikittaistukivarsi VW,AUDI,PHAETON 3D_,A6 Avant 4F5, C6<\/p>\n","protected":false},"featured_media":0,"template":"","meta":{"site-sidebar-layout":"default","site-content-layout":"default","ast-global-header-display":"","ast-main-header-display":"","ast-hfb-above-header-display":"","ast-hfb-below-header-display":"","ast-hfb-mobile-header-display":"","site-post-title":"","ast-breadcrumbs-content":"","ast-featured-img":"","footer-sml-layout":"","theme-transparent-header-meta":"","adv-header-id-meta":"","stick-header-meta":"","header-above-stick-meta":"","header-main-stick-meta":"","header-below-stick-meta":""},"pwb-brand":[84],"product_cat":[37],"product_tag":[],"class_list":{"0":"post-55030","1":"product","2":"type-product","3":"status-publish","5":"pwb-brand-meyle","6":"product_cat-muut-luokat","7":"desktop-align-left","8":"tablet-align-left","9":"mobile-align-left","11":"first","12":"instock","13":"product-type-external"},"brands":[{"id":84,"name":"MEYLE","slug":"meyle"}],"_links":{"self":[{"href":"https:\/\/www.autonvaraosahaku.fi\/index.php?rest_route=\/wp\/v2\/product\/55030","targetHints":{"allow":["GET"]}}],"collection":[{"href":"https:\/\/www.autonvaraosahaku.fi\/index.php?rest_route=\/wp\/v2\/product"}],"about":[{"href":"https:\/\/www.autonvaraosahaku.fi\/index.php?rest_route=\/wp\/v2\/types\/product"}],"wp:attachment":[{"href":"https:\/\/www.autonvaraosahaku.fi\/index.php?rest_route=%2Fwp%2Fv2%2Fmedia&parent=55030"}],"wp:term":[{"taxonomy":"pwb-brand","embeddable":true,"href":"https:\/\/www.autonvaraosahaku.fi\/index.php?rest_route=%2Fwp%2Fv2%2Fpwb-brand&post=55030"},{"taxonomy":"product_cat","embeddable":true,"href":"https:\/\/www.autonvaraosahaku.fi\/index.php?rest_route=%2Fwp%2Fv2%2Fproduct_cat&post=55030"},{"taxonomy":"product_tag","embeddable":true,"href":"https:\/\/www.autonvaraosahaku.fi\/index.php?rest_route=%2Fwp%2Fv2%2Fproduct_tag&post=55030"}],"curies":[{"name":"wp","href":"https:\/\/api.w.org\/{rel}","templated":true}]}}