{"id":55068,"date":"2021-02-21T17:54:19","date_gmt":"2021-02-21T17:54:19","guid":{"rendered":"https:\/\/www.autonvaraosahaku.fi\/?product=herthbuss-jakoparts-j5715016-hehkutulppa"},"modified":"2021-02-21T17:54:20","modified_gmt":"2021-02-21T17:54:20","slug":"herthbuss-jakoparts-j5715016-hehkutulppa","status":"publish","type":"product","link":"https:\/\/www.autonvaraosahaku.fi\/?product=herthbuss-jakoparts-j5715016-hehkutulppa","title":{"rendered":"HERTH+BUSS JAKOPARTS J5715016 Hehkutulppa"},"content":{"rendered":"<p>J\u00e4nnite (V): 11; Kierremitta: M10x1,25; Hehkutulppatyyppi: Hehkutulppa, puikko, j\u00e4lkihehkutuksenkest\u00e4v\u00e4; Kokonaispituus (mm): 85; Pituus 1 (mm): 47; Pituus 2 (mm): 17,5; Liittimet: M4\/2Nm; Kiristysmomentti: 15; Katkeamismomentti [Nm]: 35; Asennussyvyys (mm): 18; Huomioi tekniset tiedot: ; MITSUBISHI: PAJERO III V7_W, V6_W,GALANT VI Station Wagon EA_,GALANT VI EA_,L 200 K7_T, K6_T,PAJERO II V3_W, V2_W, V4_W,L 300 Bus P0_W, P1_W, P2_W,PAJERO SPORT K90,PAJERO CLASSIC V2_W,SPACE RUNNER N1_W, N2_W,L 400 \/ SPACE GEAR Bus PD_W, PC_W, PA_V, PB_V,GALLOPER JK-01,LANCER V Station Wagon CB_W, CD_W,LANCER V CB\/D_A,SPACE WAGON N3_W, N4_W,PAJERO III Gel\u00e4ndewagen offen V6_W, V7_W,L 300 Kasten P0_W, P1_W,L 200 K3_T, K2_T, K1_T, K0_T,GALANT V Stufenheck E5_A, E7_A, E8_A,GALANT V E5_A, E7_A, E8_A,PAJERO II Canvas Top V2_W, V4_W,L 400 Kasten PD_W, PC_W, PB_V, PA_W, PA_V,L 300 Pritsche\/Fahrgestell P1_T,DELICA,Canter (FE3, FE4) 5.Generation; MD197511, MD197511, MD344469, MR577131, MD197511, MD197511<\/p>\n","protected":false},"excerpt":{"rendered":"<p>HERTH+BUSS JAKOPARTS Hehkutulppa J5715016  MITSUBISHI,PAJERO III V7_W, V6_W,GALANT VI Station Wagon EA_,GALANT VI EA_,L 200 K7_T, K6_T<\/p>\n","protected":false},"featured_media":0,"template":"","meta":{"site-sidebar-layout":"default","site-content-layout":"default","ast-global-header-display":"","ast-main-header-display":"","ast-hfb-above-header-display":"","ast-hfb-below-header-display":"","ast-hfb-mobile-header-display":"","site-post-title":"","ast-breadcrumbs-content":"","ast-featured-img":"","footer-sml-layout":"","theme-transparent-header-meta":"","adv-header-id-meta":"","stick-header-meta":"","header-above-stick-meta":"","header-main-stick-meta":"","header-below-stick-meta":""},"pwb-brand":[416],"product_cat":[52],"product_tag":[],"class_list":{"0":"post-55068","1":"product","2":"type-product","3":"status-publish","5":"pwb-brand-herthbuss-jakoparts","6":"product_cat-hehkutulppa","7":"desktop-align-left","8":"tablet-align-left","9":"mobile-align-left","11":"first","12":"instock","13":"product-type-external"},"brands":[{"id":416,"name":"HERTH+BUSS JAKOPARTS","slug":"herthbuss-jakoparts"}],"_links":{"self":[{"href":"https:\/\/www.autonvaraosahaku.fi\/index.php?rest_route=\/wp\/v2\/product\/55068","targetHints":{"allow":["GET"]}}],"collection":[{"href":"https:\/\/www.autonvaraosahaku.fi\/index.php?rest_route=\/wp\/v2\/product"}],"about":[{"href":"https:\/\/www.autonvaraosahaku.fi\/index.php?rest_route=\/wp\/v2\/types\/product"}],"wp:attachment":[{"href":"https:\/\/www.autonvaraosahaku.fi\/index.php?rest_route=%2Fwp%2Fv2%2Fmedia&parent=55068"}],"wp:term":[{"taxonomy":"pwb-brand","embeddable":true,"href":"https:\/\/www.autonvaraosahaku.fi\/index.php?rest_route=%2Fwp%2Fv2%2Fpwb-brand&post=55068"},{"taxonomy":"product_cat","embeddable":true,"href":"https:\/\/www.autonvaraosahaku.fi\/index.php?rest_route=%2Fwp%2Fv2%2Fproduct_cat&post=55068"},{"taxonomy":"product_tag","embeddable":true,"href":"https:\/\/www.autonvaraosahaku.fi\/index.php?rest_route=%2Fwp%2Fv2%2Fproduct_tag&post=55068"}],"curies":[{"name":"wp","href":"https:\/\/api.w.org\/{rel}","templated":true}]}}