{"id":55070,"date":"2021-02-21T17:54:19","date_gmt":"2021-02-21T17:54:19","guid":{"rendered":"https:\/\/www.autonvaraosahaku.fi\/?product=ridex-2067r0003-muut-luokat"},"modified":"2021-02-21T17:54:21","modified_gmt":"2021-02-21T17:54:21","slug":"ridex-2067r0003-muut-luokat","status":"publish","type":"product","link":"https:\/\/www.autonvaraosahaku.fi\/?product=ridex-2067r0003-muut-luokat","title":{"rendered":"RIDEX 2067R0003 Muut luokat"},"content":{"rendered":"<p>Pituus (mm): 110; Ulkokierre [mm]: M8 x 1,5; Tanko \/ tuki: Yhdystanko; Asennuspuoli: Taka-akseli, molemminpuolinen; Paino [kg]: 0,240; Tarvittava kappalem\u00e4\u00e4r\u00e4: 1; Moottorinumero: 1,8 EFI; SMART: FORFOUR 454; FORD: FOCUS Kombi DNW,FOCUS DAW, DBW,FOCUS C-MAX,FOCUS Stufenheck DFW; MITSUBISHI: COLT VI Z3_A, Z2_A,COLT CZC Cabriolet RG; 1061702, 1203093, 1487402, 2M515E494AA, 98AG5495AB<\/p>\n","protected":false},"excerpt":{"rendered":"<p>RIDEX Korjaussarja, Vakaaja 2067R0003  SMART,FORD,MITSUBISHI,FORFOUR 454,FOCUS Kombi DNW,FOCUS DAW, DBW,FOCUS C-MAX,FOCUS Stufenheck DFW<\/p>\n","protected":false},"featured_media":0,"template":"","meta":{"site-sidebar-layout":"default","site-content-layout":"default","ast-global-header-display":"","ast-main-header-display":"","ast-hfb-above-header-display":"","ast-hfb-below-header-display":"","ast-hfb-mobile-header-display":"","site-post-title":"","ast-breadcrumbs-content":"","ast-featured-img":"","footer-sml-layout":"","theme-transparent-header-meta":"","adv-header-id-meta":"","stick-header-meta":"","header-above-stick-meta":"","header-main-stick-meta":"","header-below-stick-meta":""},"pwb-brand":[157],"product_cat":[37],"product_tag":[],"class_list":{"0":"post-55070","1":"product","2":"type-product","3":"status-publish","5":"pwb-brand-ridex","6":"product_cat-muut-luokat","7":"desktop-align-left","8":"tablet-align-left","9":"mobile-align-left","11":"first","12":"instock","13":"product-type-external"},"brands":[{"id":157,"name":"RIDEX","slug":"ridex"}],"_links":{"self":[{"href":"https:\/\/www.autonvaraosahaku.fi\/index.php?rest_route=\/wp\/v2\/product\/55070","targetHints":{"allow":["GET"]}}],"collection":[{"href":"https:\/\/www.autonvaraosahaku.fi\/index.php?rest_route=\/wp\/v2\/product"}],"about":[{"href":"https:\/\/www.autonvaraosahaku.fi\/index.php?rest_route=\/wp\/v2\/types\/product"}],"wp:attachment":[{"href":"https:\/\/www.autonvaraosahaku.fi\/index.php?rest_route=%2Fwp%2Fv2%2Fmedia&parent=55070"}],"wp:term":[{"taxonomy":"pwb-brand","embeddable":true,"href":"https:\/\/www.autonvaraosahaku.fi\/index.php?rest_route=%2Fwp%2Fv2%2Fpwb-brand&post=55070"},{"taxonomy":"product_cat","embeddable":true,"href":"https:\/\/www.autonvaraosahaku.fi\/index.php?rest_route=%2Fwp%2Fv2%2Fproduct_cat&post=55070"},{"taxonomy":"product_tag","embeddable":true,"href":"https:\/\/www.autonvaraosahaku.fi\/index.php?rest_route=%2Fwp%2Fv2%2Fproduct_tag&post=55070"}],"curies":[{"name":"wp","href":"https:\/\/api.w.org\/{rel}","templated":true}]}}