{"id":55131,"date":"2021-02-21T17:54:36","date_gmt":"2021-02-21T17:54:36","guid":{"rendered":"https:\/\/www.autonvaraosahaku.fi\/?product=lemforder-30125-01-hammastangon-suojakumi"},"modified":"2021-02-21T17:54:38","modified_gmt":"2021-02-21T17:54:38","slug":"lemforder-30125-01-hammastangon-suojakumi","status":"publish","type":"product","link":"https:\/\/www.autonvaraosahaku.fi\/?product=lemforder-30125-01-hammastangon-suojakumi","title":{"rendered":"LEMF\u00d6RDER 30125 01 Hammastangon suojakumi"},"content":{"rendered":"<p>Asennuspuoli: Etuakseli, Molemminpuolin; Pituus (mm): 180; Sis\u00e4l\u00e4pimitta 1 [mm]: 12; Sis\u00e4l\u00e4pimitta 2 [mm]: 47; Materiaali: Kumi; ALFA ROMEO: 75 162B,ALFETTA GT 116,ALFETTA 116,GIULIETTA 116,6 119; 0060724111, 0060724154, 11600230022208, 60724111; Paljekumi, Ohjaus<\/p>\n","protected":false},"excerpt":{"rendered":"<p>LEMF\u00d6RDER Hammastangon Suojakumi 30125 01 Paljekumi, Ohjaus ALFA ROMEO,75 162B,ALFETTA GT 116,ALFETTA 116,GIULIETTA 116,6 119<\/p>\n","protected":false},"featured_media":0,"template":"","meta":{"site-sidebar-layout":"default","site-content-layout":"default","ast-global-header-display":"","ast-main-header-display":"","ast-hfb-above-header-display":"","ast-hfb-below-header-display":"","ast-hfb-mobile-header-display":"","site-post-title":"","ast-breadcrumbs-content":"","ast-featured-img":"","footer-sml-layout":"","theme-transparent-header-meta":"","adv-header-id-meta":"","stick-header-meta":"","header-above-stick-meta":"","header-main-stick-meta":"","header-below-stick-meta":""},"pwb-brand":[77],"product_cat":[81],"product_tag":[],"class_list":{"0":"post-55131","1":"product","2":"type-product","3":"status-publish","5":"pwb-brand-lemforder","6":"product_cat-hammastangon-suojakumi","7":"desktop-align-left","8":"tablet-align-left","9":"mobile-align-left","11":"first","12":"instock","13":"product-type-external"},"brands":[{"id":77,"name":"LEMF\u00d6RDER","slug":"lemforder"}],"_links":{"self":[{"href":"https:\/\/www.autonvaraosahaku.fi\/index.php?rest_route=\/wp\/v2\/product\/55131","targetHints":{"allow":["GET"]}}],"collection":[{"href":"https:\/\/www.autonvaraosahaku.fi\/index.php?rest_route=\/wp\/v2\/product"}],"about":[{"href":"https:\/\/www.autonvaraosahaku.fi\/index.php?rest_route=\/wp\/v2\/types\/product"}],"wp:attachment":[{"href":"https:\/\/www.autonvaraosahaku.fi\/index.php?rest_route=%2Fwp%2Fv2%2Fmedia&parent=55131"}],"wp:term":[{"taxonomy":"pwb-brand","embeddable":true,"href":"https:\/\/www.autonvaraosahaku.fi\/index.php?rest_route=%2Fwp%2Fv2%2Fpwb-brand&post=55131"},{"taxonomy":"product_cat","embeddable":true,"href":"https:\/\/www.autonvaraosahaku.fi\/index.php?rest_route=%2Fwp%2Fv2%2Fproduct_cat&post=55131"},{"taxonomy":"product_tag","embeddable":true,"href":"https:\/\/www.autonvaraosahaku.fi\/index.php?rest_route=%2Fwp%2Fv2%2Fproduct_tag&post=55131"}],"curies":[{"name":"wp","href":"https:\/\/api.w.org\/{rel}","templated":true}]}}