{"id":55135,"date":"2021-02-21T17:54:36","date_gmt":"2021-02-21T17:54:36","guid":{"rendered":"https:\/\/www.autonvaraosahaku.fi\/?product=valeo-835036-kytkinpaketti"},"modified":"2021-02-21T17:54:39","modified_gmt":"2021-02-21T17:54:39","slug":"valeo-835036-kytkinpaketti","status":"publish","type":"product","link":"https:\/\/www.autonvaraosahaku.fi\/?product=valeo-835036-kytkinpaketti","title":{"rendered":"VALEO 835036 Kytkinpaketti"},"content":{"rendered":"<p>Uusi osa: ; Korvaava tuote\/korvaava tiedote 2: Vauhtipy\u00f6r\u00e4ll\u00e4, Ruuvisarjalla, varmistusruuvisarjalla, Kytkinlevyll\u00e4, irroitinlaakerilla; Kytkin: Muunto kaksimassavauhtipy\u00f6r\u00e4st\u00e4 yksimassavauhtipy\u00f6r\u00e4\u00e4n; Kiristysmomentti: 85; Lis\u00e4tarvike\/lis\u00e4tieto: Painelevyll\u00e4; Ulkol\u00e4pimitta [mm]: 227; Ty\u00f6nt\u00f6voima [N]: 6200; Ulkol\u00e4pimitta 1 [mm]: 225; Hammasluku: 21; Napaprofiili: 28,9 x 25,4; Paino [kg]: 18,39; Tuotelinja: KIT4P &#8211; CONVERSION KIT; Valmistusvuoteen: 01\/2003; TOYOTA: AVENSIS Kombi T25,COROLLA Verso ZER_, ZZE12_, R1_,RAV 4 II CLA2_, XA2_, ZCA2_, ACA2_,COROLLA ZZE12_, NDE12_, ZDE12_,AVENSIS T25_,COROLLA Kombi _E12J_, _E12T_,AVENSIS Stufenheck T25,AVENSIS _T22_,AVENSIS Station Wagon _T22_,COROLLA Stufenheck _E12J_, _E12T_,AVENSIS Liftback _T22_; 134500G010, 134500G011, 1345027020, 1345027021, 1345027022, 1345070011; Kytkinsarja<\/p>\n","protected":false},"excerpt":{"rendered":"<p>VALEO Kytkinpaketti 835036 Kytkinsarja TOYOTA,AVENSIS Kombi T25,COROLLA Verso ZER_, ZZE12_, R1_,RAV 4 II CLA2_, XA2_, ZCA2_, ACA2_<\/p>\n","protected":false},"featured_media":0,"template":"","meta":{"site-sidebar-layout":"default","site-content-layout":"default","ast-global-header-display":"","ast-main-header-display":"","ast-hfb-above-header-display":"","ast-hfb-below-header-display":"","ast-hfb-mobile-header-display":"","site-post-title":"","ast-breadcrumbs-content":"","ast-featured-img":"","footer-sml-layout":"","theme-transparent-header-meta":"","adv-header-id-meta":"","stick-header-meta":"","header-above-stick-meta":"","header-main-stick-meta":"","header-below-stick-meta":""},"pwb-brand":[28],"product_cat":[21],"product_tag":[],"class_list":{"0":"post-55135","1":"product","2":"type-product","3":"status-publish","5":"pwb-brand-valeo","6":"product_cat-kytkinpaketti","7":"desktop-align-left","8":"tablet-align-left","9":"mobile-align-left","11":"first","12":"instock","13":"product-type-external"},"brands":[{"id":28,"name":"VALEO","slug":"valeo"}],"_links":{"self":[{"href":"https:\/\/www.autonvaraosahaku.fi\/index.php?rest_route=\/wp\/v2\/product\/55135","targetHints":{"allow":["GET"]}}],"collection":[{"href":"https:\/\/www.autonvaraosahaku.fi\/index.php?rest_route=\/wp\/v2\/product"}],"about":[{"href":"https:\/\/www.autonvaraosahaku.fi\/index.php?rest_route=\/wp\/v2\/types\/product"}],"wp:attachment":[{"href":"https:\/\/www.autonvaraosahaku.fi\/index.php?rest_route=%2Fwp%2Fv2%2Fmedia&parent=55135"}],"wp:term":[{"taxonomy":"pwb-brand","embeddable":true,"href":"https:\/\/www.autonvaraosahaku.fi\/index.php?rest_route=%2Fwp%2Fv2%2Fpwb-brand&post=55135"},{"taxonomy":"product_cat","embeddable":true,"href":"https:\/\/www.autonvaraosahaku.fi\/index.php?rest_route=%2Fwp%2Fv2%2Fproduct_cat&post=55135"},{"taxonomy":"product_tag","embeddable":true,"href":"https:\/\/www.autonvaraosahaku.fi\/index.php?rest_route=%2Fwp%2Fv2%2Fproduct_tag&post=55135"}],"curies":[{"name":"wp","href":"https:\/\/api.w.org\/{rel}","templated":true}]}}