{"id":55151,"date":"2021-02-21T17:54:42","date_gmt":"2021-02-21T17:54:42","guid":{"rendered":"https:\/\/www.autonvaraosahaku.fi\/?product=gates-5575xs-jakohihna"},"modified":"2021-02-21T17:54:44","modified_gmt":"2021-02-21T17:54:44","slug":"gates-5575xs-jakohihna","status":"publish","type":"product","link":"https:\/\/www.autonvaraosahaku.fi\/?product=gates-5575xs-jakohihna","title":{"rendered":"GATES 5575XS Jakohihna"},"content":{"rendered":"<p>Materiaali: Lasikuitu, HNBR (hydrattu akryyli-nitriili-butadi-kumi); V\u00e4ri: Musta; Hammasluku: 104; Leveys (mm): 17; Hammasv\u00e4li [mm]: 9,525; Pituus (mm): 991; Tuotelinja: FleetRunner\u2122 Micro-V\u00ae Stretch Fit\u00ae; Apulaitteet: angetr. Agg.: Nockenwelle; FIAT: QUBO 225,FIORINO Kasten\/Kombi 225; CITRO\u00cbN: BERLINGO MF,C2 JM_,C3 I FC_,SAXO S0, S1,BERLINGO Kasten M_,C3 II,XSARA N1,C3 Pluriel HB_,XSARA Break N2,XSARA Coupe N0,NEMO Kasten AA_,NEMO Kombi,XSARA Kasten,XSARA Kasten\/Schr\u00e4gheck; PEUGEOT: 206 Schr\u00e4gheck 2A\/C,207 WA_, WC_,307 SW 3H,307 3A\/C,207 SW WK_,206 SW 2E\/K,106 II 1,206+ T3E,307 Break 3E,306 Schr\u00e4gheck 7A, 7C, N3, N5,1007 KM_,PARTNER Combispace 5F,PARTNER Kasten 5,306 Break 7E, N3, N5,306 7B, N3, N5,207 Stufenheck,206 Stufenheck,BIPPER AA_,BIPPER Tepee,306 Van N_, 7_,207 Van,306 Kasten\/Schr\u00e4gheck; 0816F2, 9467581780, 081686, 0816F2, 96312030, 9631203080; Jakop\u00e4\u00e4n Hihna,Hammashihna,Hammashihnat<\/p>\n","protected":false},"excerpt":{"rendered":"<p>GATES Jakohihna 5575XS Jakop\u00e4\u00e4n Hihna,Hammashihna FIAT,CITRO\u00cbN,PEUGEOT,QUBO 225,FIORINO Kasten\/Kombi 225,BERLINGO MF,C2 JM_,C3 I FC_,SAXO S0, S1<\/p>\n","protected":false},"featured_media":0,"template":"","meta":{"site-sidebar-layout":"default","site-content-layout":"default","ast-global-header-display":"","ast-main-header-display":"","ast-hfb-above-header-display":"","ast-hfb-below-header-display":"","ast-hfb-mobile-header-display":"","site-post-title":"","ast-breadcrumbs-content":"","ast-featured-img":"","footer-sml-layout":"","theme-transparent-header-meta":"","adv-header-id-meta":"","stick-header-meta":"","header-above-stick-meta":"","header-main-stick-meta":"","header-below-stick-meta":""},"pwb-brand":[22],"product_cat":[266],"product_tag":[],"class_list":{"0":"post-55151","1":"product","2":"type-product","3":"status-publish","5":"pwb-brand-gates","6":"product_cat-jakohihna","7":"desktop-align-left","8":"tablet-align-left","9":"mobile-align-left","11":"first","12":"instock","13":"product-type-external"},"brands":[{"id":22,"name":"GATES","slug":"gates"}],"_links":{"self":[{"href":"https:\/\/www.autonvaraosahaku.fi\/index.php?rest_route=\/wp\/v2\/product\/55151","targetHints":{"allow":["GET"]}}],"collection":[{"href":"https:\/\/www.autonvaraosahaku.fi\/index.php?rest_route=\/wp\/v2\/product"}],"about":[{"href":"https:\/\/www.autonvaraosahaku.fi\/index.php?rest_route=\/wp\/v2\/types\/product"}],"wp:attachment":[{"href":"https:\/\/www.autonvaraosahaku.fi\/index.php?rest_route=%2Fwp%2Fv2%2Fmedia&parent=55151"}],"wp:term":[{"taxonomy":"pwb-brand","embeddable":true,"href":"https:\/\/www.autonvaraosahaku.fi\/index.php?rest_route=%2Fwp%2Fv2%2Fpwb-brand&post=55151"},{"taxonomy":"product_cat","embeddable":true,"href":"https:\/\/www.autonvaraosahaku.fi\/index.php?rest_route=%2Fwp%2Fv2%2Fproduct_cat&post=55151"},{"taxonomy":"product_tag","embeddable":true,"href":"https:\/\/www.autonvaraosahaku.fi\/index.php?rest_route=%2Fwp%2Fv2%2Fproduct_tag&post=55151"}],"curies":[{"name":"wp","href":"https:\/\/api.w.org\/{rel}","templated":true}]}}