{"id":55210,"date":"2021-02-21T17:54:59","date_gmt":"2021-02-21T17:54:59","guid":{"rendered":"https:\/\/www.autonvaraosahaku.fi\/?product=topran-208-979-imusarjan-tiivisteet"},"modified":"2021-02-21T17:55:01","modified_gmt":"2021-02-21T17:55:01","slug":"topran-208-979-imusarjan-tiivisteet","status":"publish","type":"product","link":"https:\/\/www.autonvaraosahaku.fi\/?product=topran-208-979-imusarjan-tiivisteet","title":{"rendered":"TOPRAN 208 979 Imusarjan tiivisteet"},"content":{"rendered":"<p>V\u00e4ri: Vihre\u00e4; Tarvittava kappalem\u00e4\u00e4r\u00e4: 4; Tiivistetyyppi: Komposiitti-tiiviste; Moottorinumeroon: 19EN7802; CHEVROLET: CRUZE J300,CRUZE Station Wagon J308,AVEO Schr\u00e4gheck T300,CRUZE Schr\u00e4gheck J305,AVEO Stufenheck T300; OPEL: CORSA D,ASTRA J Sports Tourer,ASTRA J,MERIVA B,ADAM,ASTRA GTC J,CORSA D Van,CORSA E; VAUXHALL: CORSA Mk III D L_8,ADAM,ASTRA Mk VI J,CORSAVAN Mk III D,MERIVA Mk II B,ASTRA Mk VI J Estate,ASTRA Mk VI J Sedan,CORSA Mk IV E; 55563660, 0850092, 850092, 55563660; Tiiviste, Imusarja<\/p>\n","protected":false},"excerpt":{"rendered":"<p>TOPRAN Imusarjan Tiivisteet 208 979 Tiiviste, Imusarja CHEVROLET,OPEL,VAUXHALL,CRUZE J300,CRUZE Station Wagon J308,AVEO Schr\u00e4gheck T300<\/p>\n","protected":false},"featured_media":0,"template":"","meta":{"site-sidebar-layout":"default","site-content-layout":"default","ast-global-header-display":"","ast-main-header-display":"","ast-hfb-above-header-display":"","ast-hfb-below-header-display":"","ast-hfb-mobile-header-display":"","site-post-title":"","ast-breadcrumbs-content":"","ast-featured-img":"","footer-sml-layout":"","theme-transparent-header-meta":"","adv-header-id-meta":"","stick-header-meta":"","header-above-stick-meta":"","header-main-stick-meta":"","header-below-stick-meta":""},"pwb-brand":[18],"product_cat":[43],"product_tag":[],"class_list":{"0":"post-55210","1":"product","2":"type-product","3":"status-publish","5":"pwb-brand-topran","6":"product_cat-imusarjan-tiivisteet","7":"desktop-align-left","8":"tablet-align-left","9":"mobile-align-left","11":"first","12":"instock","13":"product-type-external"},"brands":[{"id":18,"name":"TOPRAN","slug":"topran"}],"_links":{"self":[{"href":"https:\/\/www.autonvaraosahaku.fi\/index.php?rest_route=\/wp\/v2\/product\/55210","targetHints":{"allow":["GET"]}}],"collection":[{"href":"https:\/\/www.autonvaraosahaku.fi\/index.php?rest_route=\/wp\/v2\/product"}],"about":[{"href":"https:\/\/www.autonvaraosahaku.fi\/index.php?rest_route=\/wp\/v2\/types\/product"}],"wp:attachment":[{"href":"https:\/\/www.autonvaraosahaku.fi\/index.php?rest_route=%2Fwp%2Fv2%2Fmedia&parent=55210"}],"wp:term":[{"taxonomy":"pwb-brand","embeddable":true,"href":"https:\/\/www.autonvaraosahaku.fi\/index.php?rest_route=%2Fwp%2Fv2%2Fpwb-brand&post=55210"},{"taxonomy":"product_cat","embeddable":true,"href":"https:\/\/www.autonvaraosahaku.fi\/index.php?rest_route=%2Fwp%2Fv2%2Fproduct_cat&post=55210"},{"taxonomy":"product_tag","embeddable":true,"href":"https:\/\/www.autonvaraosahaku.fi\/index.php?rest_route=%2Fwp%2Fv2%2Fproduct_tag&post=55210"}],"curies":[{"name":"wp","href":"https:\/\/api.w.org\/{rel}","templated":true}]}}