{"id":55224,"date":"2021-02-21T17:55:05","date_gmt":"2021-02-21T17:55:05","guid":{"rendered":"https:\/\/www.autonvaraosahaku.fi\/?product=era-350402a-termostaatti"},"modified":"2021-02-21T17:55:05","modified_gmt":"2021-02-21T17:55:05","slug":"era-350402a-termostaatti","status":"publish","type":"product","link":"https:\/\/www.autonvaraosahaku.fi\/?product=era-350402a-termostaatti","title":{"rendered":"ERA 350402A Termostaatti"},"content":{"rendered":"<p>Avausl\u00e4mp\u00f6tila [\u00b0C]: 83; Kotelomalli: Muovikotelo; Lis\u00e4tarvike\/lis\u00e4tieto: Tiivisteill\u00e4; Liittimi\u00e4: 2; Korvaava tuote\/korvaava tiedote 2: Anturilla; FORD: FIESTA V JH_, JD_,FOCUS II Kombi DA_,FIESTA VI,MONDEO IV Turnier BA7,FOCUS II DA_,S-MAX WA6,FOCUS III Turnier,FOCUS C-MAX,GALAXY WA6,FUSION JU_,C-MAX DM2,FOCUS III,C-MAX II,MONDEO IV BA7,KUGA II DM2,GRAND C-MAX,FOCUS II Stufenheck DA_,B-MAX JK,ECOSPORT,FOCUS III Stufenheck,MONDEO IV Stufenheck BA7,TOURNEO CONNECT \/ GRAND TOURNEO CONNECT Kombi,FIESTA VI Van,TRANSIT CONNECT Kasten,MONDEO V Turnier,FIESTA VII,MONDEO V Schr\u00e4gheck,TOURNEO COURIER Kombi,TRANSIT CONNECT Kombi,TRANSIT COURIER Kasten,TRANSIT COURIER Kombi; FIAT: SCUDO 270_,SCUDO Kasten 270_,SCUDO Pritsche\/Fahrgestell 270_; PEUGEOT: 206 CC 2D,207 WA_, WC_,307 SW 3H,207 CC WD_,407 SW 6E_,307 3A\/C,207 SW WK_,308 SW,206 SW 2E\/K,206+ T3E,308 4A_, 4C_,5008,307 Break 3E,407 6D_,3008,PARTNER Tepee,1007 KM_,PARTNER Combispace 5F,PARTNER Kasten 5,EXPERT Tepee VF3V_,EXPERT Kasten VF3A_, VF3U_, VF3X_,PARTNER Kasten,207 Van,EXPERT Pritsche\/Fahrgestell,PARTNER Pritsche\/Fahrgestell; CITRO\u00cbN: BERLINGO MF,XSARA PICASSO N68,C2 JM_,C3 I FC_,BERLINGO B9,C5 III Break TD_,C4 Picasso I UD_,C4 Grand Picasso I UA_,C4 I LC_,BERLINGO Kasten M_,C5 II Break RE_,C3 Picasso,C5 III RD_,C3 II,C4 Coupe LA_,C3 Pluriel HB_,C5 II RC_,JUMPY,BERLINGO Kasten B9,JUMPY Kasten,C4 Stufenheck L,C2 ENTERPRISE,BERLINGO Pritsche\/Fahrgestell B9; MAZDA: 2 DE,3 BL,5 CW,3 Stufenheck BL; VOLVO: V50 MW,V70 III BW,C30,V60,S40 II MS,V40 Schr\u00e4gheck,S80 II AS,S60 II; SUZUKI: SX4 EY, GY; MINI: MINI R56,MINI CLUBMAN R55; 1336AF, 9660660380, 9670253780, 9684476080, 9660660380, 1675627, 1683554, 2078986, 9M5Q5A586DA, 9M5Q8A586BA, 9M5Q8A586CA, Y6621517X, 1336AF, 9660660380, 9670253780, 9684476080, 1769069K10000, 31319493; Termostaatti, J\u00e4\u00e4hdytysneste<\/p>\n","protected":false},"excerpt":{"rendered":"<p>ERA Termostaatti 350402A Termostaatti, J\u00e4\u00e4hdytysneste FORD,FIAT,PEUGEOT,FIESTA V JH_, JD_,FOCUS II Kombi DA_,FIESTA VI,MONDEO IV Turnier BA7<\/p>\n","protected":false},"featured_media":0,"template":"","meta":{"site-sidebar-layout":"default","site-content-layout":"default","ast-global-header-display":"","ast-main-header-display":"","ast-hfb-above-header-display":"","ast-hfb-below-header-display":"","ast-hfb-mobile-header-display":"","site-post-title":"","ast-breadcrumbs-content":"","ast-featured-img":"","footer-sml-layout":"","theme-transparent-header-meta":"","adv-header-id-meta":"","stick-header-meta":"","header-above-stick-meta":"","header-main-stick-meta":"","header-below-stick-meta":""},"pwb-brand":[64],"product_cat":[174],"product_tag":[],"class_list":{"0":"post-55224","1":"product","2":"type-product","3":"status-publish","5":"pwb-brand-era","6":"product_cat-termostaatti","7":"desktop-align-left","8":"tablet-align-left","9":"mobile-align-left","11":"first","12":"instock","13":"product-type-external"},"brands":[{"id":64,"name":"ERA","slug":"era"}],"_links":{"self":[{"href":"https:\/\/www.autonvaraosahaku.fi\/index.php?rest_route=\/wp\/v2\/product\/55224","targetHints":{"allow":["GET"]}}],"collection":[{"href":"https:\/\/www.autonvaraosahaku.fi\/index.php?rest_route=\/wp\/v2\/product"}],"about":[{"href":"https:\/\/www.autonvaraosahaku.fi\/index.php?rest_route=\/wp\/v2\/types\/product"}],"wp:attachment":[{"href":"https:\/\/www.autonvaraosahaku.fi\/index.php?rest_route=%2Fwp%2Fv2%2Fmedia&parent=55224"}],"wp:term":[{"taxonomy":"pwb-brand","embeddable":true,"href":"https:\/\/www.autonvaraosahaku.fi\/index.php?rest_route=%2Fwp%2Fv2%2Fpwb-brand&post=55224"},{"taxonomy":"product_cat","embeddable":true,"href":"https:\/\/www.autonvaraosahaku.fi\/index.php?rest_route=%2Fwp%2Fv2%2Fproduct_cat&post=55224"},{"taxonomy":"product_tag","embeddable":true,"href":"https:\/\/www.autonvaraosahaku.fi\/index.php?rest_route=%2Fwp%2Fv2%2Fproduct_tag&post=55224"}],"curies":[{"name":"wp","href":"https:\/\/api.w.org\/{rel}","templated":true}]}}