{"id":55246,"date":"2021-02-21T17:55:11","date_gmt":"2021-02-21T17:55:11","guid":{"rendered":"https:\/\/www.autonvaraosahaku.fi\/?product=maxgear-82-0486-jarrusatula"},"modified":"2021-02-21T17:55:12","modified_gmt":"2021-02-21T17:55:12","slug":"maxgear-82-0486-jarrusatula","status":"publish","type":"product","link":"https:\/\/www.autonvaraosahaku.fi\/?product=maxgear-82-0486-jarrusatula","title":{"rendered":"MAXGEAR 82-0486 Jarrusatula"},"content":{"rendered":"<p>Vaihto-osa: ; Sylinterim\u00e4nn\u00e4n halkaisija [mm]: 38; Leveys, sis\u00e4 (mm): 46; Materiaali: Valurauta; Jarrusatulatyyppi: Jarrusatula, Jarrusatula (2-m\u00e4nt\u00e4\u00e4); Valmistaja rajaus: ATE; L\u00e4pimitta [mm]: 38; Jarrulevypaksuudelle [mm]: 9,6; Jarrulevyl\u00e4pimitalle [mm]: 295; Asennuspuoli: Hinterachse rechts; VOLVO: V70 I LV,850 Kombi LW,940 II Kombi 945,940 Kombi 945,C70 I Cabriolet,C70 I Coupe,850 LS,S70 LS,940 944; 3516318, 35163187, 3546492, 35464924, 5003813, 50038132, 9157440, 91574400<\/p>\n","protected":false},"excerpt":{"rendered":"<p>MAXGEAR Jarrusatula 82-0486  VOLVO,V70 I LV,850 Kombi LW,940 II Kombi 945,940 Kombi 945,C70 I Cabriolet,C70 I Coupe,850 LS,S70 LS,940 944<\/p>\n","protected":false},"featured_media":0,"template":"","meta":{"site-sidebar-layout":"default","site-content-layout":"default","ast-global-header-display":"","ast-main-header-display":"","ast-hfb-above-header-display":"","ast-hfb-below-header-display":"","ast-hfb-mobile-header-display":"","site-post-title":"","ast-breadcrumbs-content":"","ast-featured-img":"","footer-sml-layout":"","theme-transparent-header-meta":"","adv-header-id-meta":"","stick-header-meta":"","header-above-stick-meta":"","header-main-stick-meta":"","header-below-stick-meta":""},"pwb-brand":[48],"product_cat":[177],"product_tag":[],"class_list":{"0":"post-55246","1":"product","2":"type-product","3":"status-publish","5":"pwb-brand-maxgear","6":"product_cat-jarrusatula","7":"desktop-align-left","8":"tablet-align-left","9":"mobile-align-left","11":"first","12":"instock","13":"product-type-external"},"brands":[{"id":48,"name":"MAXGEAR","slug":"maxgear"}],"_links":{"self":[{"href":"https:\/\/www.autonvaraosahaku.fi\/index.php?rest_route=\/wp\/v2\/product\/55246","targetHints":{"allow":["GET"]}}],"collection":[{"href":"https:\/\/www.autonvaraosahaku.fi\/index.php?rest_route=\/wp\/v2\/product"}],"about":[{"href":"https:\/\/www.autonvaraosahaku.fi\/index.php?rest_route=\/wp\/v2\/types\/product"}],"wp:attachment":[{"href":"https:\/\/www.autonvaraosahaku.fi\/index.php?rest_route=%2Fwp%2Fv2%2Fmedia&parent=55246"}],"wp:term":[{"taxonomy":"pwb-brand","embeddable":true,"href":"https:\/\/www.autonvaraosahaku.fi\/index.php?rest_route=%2Fwp%2Fv2%2Fpwb-brand&post=55246"},{"taxonomy":"product_cat","embeddable":true,"href":"https:\/\/www.autonvaraosahaku.fi\/index.php?rest_route=%2Fwp%2Fv2%2Fproduct_cat&post=55246"},{"taxonomy":"product_tag","embeddable":true,"href":"https:\/\/www.autonvaraosahaku.fi\/index.php?rest_route=%2Fwp%2Fv2%2Fproduct_tag&post=55246"}],"curies":[{"name":"wp","href":"https:\/\/api.w.org\/{rel}","templated":true}]}}