{"id":55249,"date":"2021-02-21T17:55:11","date_gmt":"2021-02-21T17:55:11","guid":{"rendered":"https:\/\/www.autonvaraosahaku.fi\/?product=hella-6px-358-141-111-peruutustutka-anturit"},"modified":"2021-02-21T17:55:13","modified_gmt":"2021-02-21T17:55:13","slug":"hella-6px-358-141-111-peruutustutka-anturit","status":"publish","type":"product","link":"https:\/\/www.autonvaraosahaku.fi\/?product=hella-6px-358-141-111-peruutustutka-anturit","title":{"rendered":"HELLA 6PX 358 141-111 Peruutustutka anturit"},"content":{"rendered":"<p>Napojen m\u00e4\u00e4r\u00e4: 3; Kemialliset ominaisuudet: maalattavissa; Asennusmalli: Liitos; Kopan v\u00e4ri: Musta; Muoto: Kulmikas; Lis\u00e4tarvike\/lis\u00e4tieto: Kiinnitysrenkaalla; Asennuspuoli: beidseitig; OPEL: ZAFIRA B A05,ASTRA J Sports Tourer,INSIGNIA Caravan,ASTRA J,MERIVA B,ZAFIRA TOURER C P12,MOKKA,INSIGNIA,INSIGNIA Stufenheck,ZAFIRA B Van,ASTRA GTC J,ASTRA J Stufenheck,CASCADA W13,AMPERA,INSIGNIA A Country Tourer G09; CHEVROLET: ORLANDO J309,CRUZE J300,CRUZE Station Wagon J308,AVEO Schr\u00e4gheck T300,CRUZE Schr\u00e4gheck J305,TRAX,AVEO Stufenheck T300; SAAB: 9-5 YS3G; VAUXHALL: INSIGNIA Mk I A,ZAFIRA Mk II B M75,INSIGNIA Mk I A Estate,ZAFIRA Mk III P12,ASTRA Mk VI J CC,ASTRA Mk VI J,INSIGNIA Mk I A Sedan,AMPERA,MERIVA Mk II B,ASTRA Mk VI J Sedan,ASTRA Mk VI J Estate,MOKKA,INSIGNIA Mk I A Country Tourer G09; 01235281, 1235142, 13332755, 39006734, 93191445; Tunnistin, Et\u00e4isyystunnistin<\/p>\n","protected":false},"excerpt":{"rendered":"<p>HELLA Peruutustutka Anturit 6PX 358 141-111 Tunnistin, Et\u00e4isyystunnistin OPEL,CHEVROLET,SAAB,ZAFIRA B A05,ASTRA J Sports Tourer,INSIGNIA Caravan<\/p>\n","protected":false},"featured_media":0,"template":"","meta":{"site-sidebar-layout":"default","site-content-layout":"default","ast-global-header-display":"","ast-main-header-display":"","ast-hfb-above-header-display":"","ast-hfb-below-header-display":"","ast-hfb-mobile-header-display":"","site-post-title":"","ast-breadcrumbs-content":"","ast-featured-img":"","footer-sml-layout":"","theme-transparent-header-meta":"","adv-header-id-meta":"","stick-header-meta":"","header-above-stick-meta":"","header-main-stick-meta":"","header-below-stick-meta":""},"pwb-brand":[24],"product_cat":[217],"product_tag":[],"class_list":{"0":"post-55249","1":"product","2":"type-product","3":"status-publish","5":"pwb-brand-hella","6":"product_cat-peruutustutka-anturit","7":"desktop-align-left","8":"tablet-align-left","9":"mobile-align-left","11":"first","12":"instock","13":"product-type-external"},"brands":[{"id":24,"name":"HELLA","slug":"hella"}],"_links":{"self":[{"href":"https:\/\/www.autonvaraosahaku.fi\/index.php?rest_route=\/wp\/v2\/product\/55249","targetHints":{"allow":["GET"]}}],"collection":[{"href":"https:\/\/www.autonvaraosahaku.fi\/index.php?rest_route=\/wp\/v2\/product"}],"about":[{"href":"https:\/\/www.autonvaraosahaku.fi\/index.php?rest_route=\/wp\/v2\/types\/product"}],"wp:attachment":[{"href":"https:\/\/www.autonvaraosahaku.fi\/index.php?rest_route=%2Fwp%2Fv2%2Fmedia&parent=55249"}],"wp:term":[{"taxonomy":"pwb-brand","embeddable":true,"href":"https:\/\/www.autonvaraosahaku.fi\/index.php?rest_route=%2Fwp%2Fv2%2Fpwb-brand&post=55249"},{"taxonomy":"product_cat","embeddable":true,"href":"https:\/\/www.autonvaraosahaku.fi\/index.php?rest_route=%2Fwp%2Fv2%2Fproduct_cat&post=55249"},{"taxonomy":"product_tag","embeddable":true,"href":"https:\/\/www.autonvaraosahaku.fi\/index.php?rest_route=%2Fwp%2Fv2%2Fproduct_tag&post=55249"}],"curies":[{"name":"wp","href":"https:\/\/api.w.org\/{rel}","templated":true}]}}