{"id":55258,"date":"2021-02-21T17:55:11","date_gmt":"2021-02-21T17:55:11","guid":{"rendered":"https:\/\/www.autonvaraosahaku.fi\/?product=topran-118-076-tiivisteet"},"modified":"2021-02-21T17:55:15","modified_gmt":"2021-02-21T17:55:15","slug":"topran-118-076-tiivisteet","status":"publish","type":"product","link":"https:\/\/www.autonvaraosahaku.fi\/?product=topran-118-076-tiivisteet","title":{"rendered":"TOPRAN 118 076 Tiivisteet"},"content":{"rendered":"<p>Paksuus [mm]: 2; Sis\u00e4l\u00e4pimitta [mm]: 7,015; Ulkol\u00e4pimitta [mm]: 12,3; Materiaali: Kupari; Asennuspuoli: Alla; Moottorinumero: CLHB; VW: POLO 6R, 6C,GOLF VII 5G1, BE1,GOLF VII Kombi BA5,GOLF SPORTSVAN AM1,POLO AW1, BZ1; AUDI: A1 8X1, 8XF,Q2 GA; SKODA: FABIA,OCTAVIA Combi 5E5,FABIA Combi,ROOMSTER 5J,RAPID Spaceback NH1,OCTAVIA 5E3,ROOMSTER Praktik 5J,RAPID NH3,FABIA NJ3,FABIA Kombi NJ5; SEAT: LEON 5F1,LEON ST 5F8,IBIZA V ST 6J8, 6P8,IBIZA V SPORTCOUPE 6J1, 6P1,TOLEDO IV KG3,ATECA KH7,IBIZA V KJ1,ARONA KJ7; 03P130519, 03P130519, 03P130519, 03P130519<\/p>\n","protected":false},"excerpt":{"rendered":"<p>TOPRAN Tiivisterengas, Ruiskutusventtiili 118 076  VW,AUDI,SKODA,POLO 6R, 6C,GOLF VII 5G1, BE1,GOLF VII Kombi BA5,GOLF SPORTSVAN AM1,POLO AW1, BZ1<\/p>\n","protected":false},"featured_media":0,"template":"","meta":{"site-sidebar-layout":"default","site-content-layout":"default","ast-global-header-display":"","ast-main-header-display":"","ast-hfb-above-header-display":"","ast-hfb-below-header-display":"","ast-hfb-mobile-header-display":"","site-post-title":"","ast-breadcrumbs-content":"","ast-featured-img":"","footer-sml-layout":"","theme-transparent-header-meta":"","adv-header-id-meta":"","stick-header-meta":"","header-above-stick-meta":"","header-main-stick-meta":"","header-below-stick-meta":""},"pwb-brand":[18],"product_cat":[27],"product_tag":[],"class_list":{"0":"post-55258","1":"product","2":"type-product","3":"status-publish","5":"pwb-brand-topran","6":"product_cat-tiivisteet","7":"desktop-align-left","8":"tablet-align-left","9":"mobile-align-left","11":"first","12":"instock","13":"product-type-external"},"brands":[{"id":18,"name":"TOPRAN","slug":"topran"}],"_links":{"self":[{"href":"https:\/\/www.autonvaraosahaku.fi\/index.php?rest_route=\/wp\/v2\/product\/55258","targetHints":{"allow":["GET"]}}],"collection":[{"href":"https:\/\/www.autonvaraosahaku.fi\/index.php?rest_route=\/wp\/v2\/product"}],"about":[{"href":"https:\/\/www.autonvaraosahaku.fi\/index.php?rest_route=\/wp\/v2\/types\/product"}],"wp:attachment":[{"href":"https:\/\/www.autonvaraosahaku.fi\/index.php?rest_route=%2Fwp%2Fv2%2Fmedia&parent=55258"}],"wp:term":[{"taxonomy":"pwb-brand","embeddable":true,"href":"https:\/\/www.autonvaraosahaku.fi\/index.php?rest_route=%2Fwp%2Fv2%2Fpwb-brand&post=55258"},{"taxonomy":"product_cat","embeddable":true,"href":"https:\/\/www.autonvaraosahaku.fi\/index.php?rest_route=%2Fwp%2Fv2%2Fproduct_cat&post=55258"},{"taxonomy":"product_tag","embeddable":true,"href":"https:\/\/www.autonvaraosahaku.fi\/index.php?rest_route=%2Fwp%2Fv2%2Fproduct_tag&post=55258"}],"curies":[{"name":"wp","href":"https:\/\/api.w.org\/{rel}","templated":true}]}}