{"id":55298,"date":"2021-02-21T17:55:23","date_gmt":"2021-02-21T17:55:23","guid":{"rendered":"https:\/\/www.autonvaraosahaku.fi\/?product=valeo-826865-kytkinpaketti"},"modified":"2021-02-21T17:55:27","modified_gmt":"2021-02-21T17:55:27","slug":"valeo-826865-kytkinpaketti","status":"publish","type":"product","link":"https:\/\/www.autonvaraosahaku.fi\/?product=valeo-826865-kytkinpaketti","title":{"rendered":"VALEO 826865 Kytkinpaketti"},"content":{"rendered":"<p>Uusi osa: ; Lis\u00e4tarvike\/lis\u00e4tieto: Painelevyll\u00e4, Ilman irroitusmekanismia; Ulkol\u00e4pimitta [mm]: 240; Ty\u00f6nt\u00f6voima [N]: 7100; Korvaava tuote\/korvaava tiedote 2: Kytkinlevyll\u00e4; Ulkol\u00e4pimitta 1 [mm]: 240; K\u00e4ytt\u00f6tapa: Painekytkin; Paino [kg]: 6,08; Tuotelinja: KIT2P; Moottorinumero: 198A3.000,; OPEL: COMBO Kasten\/Kombi X12,COMBO Tour X12; FIAT: GRANDE PUNTO 199,BRAVO II 198,FREEMONT JF_,PUNTO EVO 199,DOBLO Kasten\/Kombi 263,500L,DOBLO Gro\u00dfraumlimousine 152, 263,LINEA 323,DOBLO Pritsche\/Fahrgestell 263; ALFA ROMEO: 159 Sportwagon 939,GIULIETTA 940,MITO 955,159 939; LANCIA: DELTA III 844; VAUXHALL: COMBO Mk III D Kasten\/Kombi; 55212655, 55218070, 55235325, 55235327, 55241565, 55267002, 55212655, 55235327, 55267002, 55212655, 55218070, 55235325, 55235327, 55241565, 55267002, 55212655, 55235327, 55267002, 55267002, 664292, 55212655, 55267002; Kytkinsarja<\/p>\n","protected":false},"excerpt":{"rendered":"<p>VALEO Kytkinpaketti 826865 Kytkinsarja OPEL,FIAT,ALFA ROMEO,COMBO Kasten\/Kombi X12,COMBO Tour X12,GRANDE PUNTO 199,BRAVO II 198,FREEMONT JF_<\/p>\n","protected":false},"featured_media":0,"template":"","meta":{"site-sidebar-layout":"default","site-content-layout":"default","ast-global-header-display":"","ast-main-header-display":"","ast-hfb-above-header-display":"","ast-hfb-below-header-display":"","ast-hfb-mobile-header-display":"","site-post-title":"","ast-breadcrumbs-content":"","ast-featured-img":"","footer-sml-layout":"","theme-transparent-header-meta":"","adv-header-id-meta":"","stick-header-meta":"","header-above-stick-meta":"","header-main-stick-meta":"","header-below-stick-meta":""},"pwb-brand":[28],"product_cat":[21],"product_tag":[],"class_list":{"0":"post-55298","1":"product","2":"type-product","3":"status-publish","5":"pwb-brand-valeo","6":"product_cat-kytkinpaketti","7":"desktop-align-left","8":"tablet-align-left","9":"mobile-align-left","11":"first","12":"instock","13":"product-type-external"},"brands":[{"id":28,"name":"VALEO","slug":"valeo"}],"_links":{"self":[{"href":"https:\/\/www.autonvaraosahaku.fi\/index.php?rest_route=\/wp\/v2\/product\/55298","targetHints":{"allow":["GET"]}}],"collection":[{"href":"https:\/\/www.autonvaraosahaku.fi\/index.php?rest_route=\/wp\/v2\/product"}],"about":[{"href":"https:\/\/www.autonvaraosahaku.fi\/index.php?rest_route=\/wp\/v2\/types\/product"}],"wp:attachment":[{"href":"https:\/\/www.autonvaraosahaku.fi\/index.php?rest_route=%2Fwp%2Fv2%2Fmedia&parent=55298"}],"wp:term":[{"taxonomy":"pwb-brand","embeddable":true,"href":"https:\/\/www.autonvaraosahaku.fi\/index.php?rest_route=%2Fwp%2Fv2%2Fpwb-brand&post=55298"},{"taxonomy":"product_cat","embeddable":true,"href":"https:\/\/www.autonvaraosahaku.fi\/index.php?rest_route=%2Fwp%2Fv2%2Fproduct_cat&post=55298"},{"taxonomy":"product_tag","embeddable":true,"href":"https:\/\/www.autonvaraosahaku.fi\/index.php?rest_route=%2Fwp%2Fv2%2Fproduct_tag&post=55298"}],"curies":[{"name":"wp","href":"https:\/\/api.w.org\/{rel}","templated":true}]}}