{"id":55332,"date":"2021-02-21T17:55:34","date_gmt":"2021-02-21T17:55:34","guid":{"rendered":"https:\/\/www.autonvaraosahaku.fi\/?product=swf-116351-pyyhkijansulat"},"modified":"2021-02-21T17:55:37","modified_gmt":"2021-02-21T17:55:37","slug":"swf-116351-pyyhkijansulat","status":"publish","type":"product","link":"https:\/\/www.autonvaraosahaku.fi\/?product=swf-116351-pyyhkijansulat","title":{"rendered":"SWF 116351 Pyyhkij\u00e4nsulat"},"content":{"rendered":"<p>Asennuspuoli: Edess\u00e4; M\u00e4\u00e4r\u00e4: 2; Pituus 1 (mm): 530; Pituus 2 (mm): 475; Pituus1\/pituus2 [tuuma]: 21\/19; Sopiva adapteri: U; Muotoilu: Spoilerilla; Muoto: Kupera; Kulumisenilmaisimen liitos: kulumisvaroitinkoskettimella; Paino [kg]: 0,41, 0,41; Tuotelinja: Original Spoiler; Pyyhkij\u00e4nsulkatyyppi: Tavallinen; Valmistusvuoteen: 05\/2002; VW: GOLF IV 1J1,LUPO 6X1, 6E1,GOLF IV Variant 1J5,BORA 1J2,BORA Kombi 1J6,GOLF IV Van 1J1; AUDI: A3 8L1; SKODA: FABIA Combi 6Y5,FABIA 6Y2,OCTAVIA Combi 1U5,OCTAVIA 1U2,FABIA Stufenheck 6Y3,FABIA Praktik; SEAT: LEON 1M1,AROSA 6H,TOLEDO II 1M2; 1J0998003, 3A1955427, 6N0955427A, 1J0998003, 3A1955427, 6N0955427A, 1J0998003, 3A1955427, 6N0955427A, 1J0998003, 3A1955427, 6N0955427A; Tuulilasinpyyhkimet,Pyyhkij\u00e4t,Pyyhkij\u00e4nsulka<\/p>\n","protected":false},"excerpt":{"rendered":"<p>SWF Pyyhkij\u00e4nsulat 116351 Tuulilasinpyyhkimet,Pyyhkij\u00e4t VW,AUDI,SKODA,GOLF IV 1J1,LUPO 6X1, 6E1,GOLF IV Variant 1J5,BORA 1J2,BORA Kombi 1J6<\/p>\n","protected":false},"featured_media":0,"template":"","meta":{"site-sidebar-layout":"default","site-content-layout":"default","ast-global-header-display":"","ast-main-header-display":"","ast-hfb-above-header-display":"","ast-hfb-below-header-display":"","ast-hfb-mobile-header-display":"","site-post-title":"","ast-breadcrumbs-content":"","ast-featured-img":"","footer-sml-layout":"","theme-transparent-header-meta":"","adv-header-id-meta":"","stick-header-meta":"","header-above-stick-meta":"","header-main-stick-meta":"","header-below-stick-meta":""},"pwb-brand":[204],"product_cat":[33],"product_tag":[],"class_list":{"0":"post-55332","1":"product","2":"type-product","3":"status-publish","5":"pwb-brand-swf","6":"product_cat-pyyhkijansulat","7":"desktop-align-left","8":"tablet-align-left","9":"mobile-align-left","11":"first","12":"instock","13":"product-type-external"},"brands":[{"id":204,"name":"SWF","slug":"swf"}],"_links":{"self":[{"href":"https:\/\/www.autonvaraosahaku.fi\/index.php?rest_route=\/wp\/v2\/product\/55332","targetHints":{"allow":["GET"]}}],"collection":[{"href":"https:\/\/www.autonvaraosahaku.fi\/index.php?rest_route=\/wp\/v2\/product"}],"about":[{"href":"https:\/\/www.autonvaraosahaku.fi\/index.php?rest_route=\/wp\/v2\/types\/product"}],"wp:attachment":[{"href":"https:\/\/www.autonvaraosahaku.fi\/index.php?rest_route=%2Fwp%2Fv2%2Fmedia&parent=55332"}],"wp:term":[{"taxonomy":"pwb-brand","embeddable":true,"href":"https:\/\/www.autonvaraosahaku.fi\/index.php?rest_route=%2Fwp%2Fv2%2Fpwb-brand&post=55332"},{"taxonomy":"product_cat","embeddable":true,"href":"https:\/\/www.autonvaraosahaku.fi\/index.php?rest_route=%2Fwp%2Fv2%2Fproduct_cat&post=55332"},{"taxonomy":"product_tag","embeddable":true,"href":"https:\/\/www.autonvaraosahaku.fi\/index.php?rest_route=%2Fwp%2Fv2%2Fproduct_tag&post=55332"}],"curies":[{"name":"wp","href":"https:\/\/api.w.org\/{rel}","templated":true}]}}