{"id":55453,"date":"2021-02-21T17:56:09","date_gmt":"2021-02-21T17:56:09","guid":{"rendered":"https:\/\/www.autonvaraosahaku.fi\/?product=hella-6nu-010-171-431-egr-venttiili"},"modified":"2021-02-21T17:56:12","modified_gmt":"2021-02-21T17:56:12","slug":"hella-6nu-010-171-431-egr-venttiili","status":"publish","type":"product","link":"https:\/\/www.autonvaraosahaku.fi\/?product=hella-6nu-010-171-431-egr-venttiili","title":{"rendered":"HELLA 6NU 010 171-431 Egr venttiili"},"content":{"rendered":"<p>Lis\u00e4tarvike\/lis\u00e4tieto: Tiivisteill\u00e4; K\u00e4ytt\u00f6: S\u00e4hk\u00f6inen; Napojen m\u00e4\u00e4r\u00e4: 5; Alustanumerosta: 6N2000001; VW: GOLF IV 1J1,GOLF V 1K1,POLO 9N_,LUPO 6X1, 6E1,GOLF IV Variant 1J5,POLO 6N2,POLO 6N1,CADDY II Kasten 9K9A,POLO Variant 6KV5,POLO CLASSIC 6KV2,POLO Stufenheck 9A4,CADDY II Kombi 9K9B; AUDI: A2 8Z0; SKODA: OCTAVIA Combi 1Z5,FABIA Combi 6Y5,FABIA 6Y2,OCTAVIA Combi 1U5,OCTAVIA 1Z3,OCTAVIA 1U2,FABIA Stufenheck 6Y3; SEAT: IBIZA IV 6L1,LEON 1M1,AROSA 6H,IBIZA II 6K1,TOLEDO II 1M2,CORDOBA 6K1, 6K2,CORDOBA Vario 6K1,CORDOBA 6L2,INCA 6K9; 036131503T, 32231491, 036131503T, 036131503T, 036131503T; Venttiili, Pakokaasun Kierr\u00e4tys<\/p>\n","protected":false},"excerpt":{"rendered":"<p>HELLA EGR Venttiili 6NU 010 171-431 Venttiili, Pakokaasun Kierr\u00e4tys VW,AUDI,SKODA,GOLF IV 1J1,GOLF V 1K1,POLO 9N_,LUPO 6X1, 6E1,GOLF IV Variant 1J5<\/p>\n","protected":false},"featured_media":0,"template":"","meta":{"site-sidebar-layout":"default","site-content-layout":"default","ast-global-header-display":"","ast-main-header-display":"","ast-hfb-above-header-display":"","ast-hfb-below-header-display":"","ast-hfb-mobile-header-display":"","site-post-title":"","ast-breadcrumbs-content":"","ast-featured-img":"","footer-sml-layout":"","theme-transparent-header-meta":"","adv-header-id-meta":"","stick-header-meta":"","header-above-stick-meta":"","header-main-stick-meta":"","header-below-stick-meta":""},"pwb-brand":[24],"product_cat":[35],"product_tag":[],"class_list":{"0":"post-55453","1":"product","2":"type-product","3":"status-publish","5":"pwb-brand-hella","6":"product_cat-egr-venttiili","7":"desktop-align-left","8":"tablet-align-left","9":"mobile-align-left","11":"first","12":"instock","13":"product-type-external"},"brands":[{"id":24,"name":"HELLA","slug":"hella"}],"_links":{"self":[{"href":"https:\/\/www.autonvaraosahaku.fi\/index.php?rest_route=\/wp\/v2\/product\/55453","targetHints":{"allow":["GET"]}}],"collection":[{"href":"https:\/\/www.autonvaraosahaku.fi\/index.php?rest_route=\/wp\/v2\/product"}],"about":[{"href":"https:\/\/www.autonvaraosahaku.fi\/index.php?rest_route=\/wp\/v2\/types\/product"}],"wp:attachment":[{"href":"https:\/\/www.autonvaraosahaku.fi\/index.php?rest_route=%2Fwp%2Fv2%2Fmedia&parent=55453"}],"wp:term":[{"taxonomy":"pwb-brand","embeddable":true,"href":"https:\/\/www.autonvaraosahaku.fi\/index.php?rest_route=%2Fwp%2Fv2%2Fpwb-brand&post=55453"},{"taxonomy":"product_cat","embeddable":true,"href":"https:\/\/www.autonvaraosahaku.fi\/index.php?rest_route=%2Fwp%2Fv2%2Fproduct_cat&post=55453"},{"taxonomy":"product_tag","embeddable":true,"href":"https:\/\/www.autonvaraosahaku.fi\/index.php?rest_route=%2Fwp%2Fv2%2Fproduct_tag&post=55453"}],"curies":[{"name":"wp","href":"https:\/\/api.w.org\/{rel}","templated":true}]}}