{"id":55477,"date":"2021-02-21T17:56:15","date_gmt":"2021-02-21T17:56:15","guid":{"rendered":"https:\/\/www.autonvaraosahaku.fi\/?product=ridex-830c0070-jaahdytysnesteen-lampotila-anturi"},"modified":"2021-02-21T17:56:19","modified_gmt":"2021-02-21T17:56:19","slug":"ridex-830c0070-jaahdytysnesteen-lampotila-anturi","status":"publish","type":"product","link":"https:\/\/www.autonvaraosahaku.fi\/?product=ridex-830c0070-jaahdytysnesteen-lampotila-anturi","title":{"rendered":"RIDEX 830C0070 J\u00e4\u00e4hdytysnesteen l\u00e4mp\u00f6tila anturi"},"content":{"rendered":"<p>Liittimi\u00e4: 2; BMW: 3 E36,3 Touring E36; LANCIA: ZETA 220; FIAT: DUCATO Pritsche\/Fahrgestell 230,DUCATO Bus 230,DUCATO Kasten 230L,ULYSSE 220; CITRO\u00cbN: BERLINGO MF,XSARA PICASSO N68,SAXO S0, S1,BERLINGO Kasten M_,XSARA N1,XSARA Break N2,JUMPER Kasten 244,XM Y4,XANTIA X2,XSARA Coupe N0,XANTIA X1,AX ZA-_,EVASION 22, U6,XANTIA Break X2,ZX N2,JUMPER Kasten 230L,XM Y3,JUMPER Bus 244, Z_,XANTIA Break X1,JUMPER Bus 230P,ZX Break N2,XM Break Y4,JUMPER Pritsche\/Fahrgestell 230,XM Break Y3,XSARA Kasten,XSARA Kasten\/Schr\u00e4gheck; PEUGEOT: 206 Schr\u00e4gheck 2A\/C,206 SW 2E\/K,106 II 1,306 Schr\u00e4gheck 7A, 7C, N3, N5,306 Cabriolet 7D, N3, N5,406 Break 8E\/F,PARTNER Combispace 5F,106 I 1A, 1C,PARTNER Kasten 5,406 Coupe 8C,306 Break 7E, N3, N5,406 8B,806 221,BOXER Kasten 230L,BOXER Kasten 244,306 7B, N3, N5,EXPERT Kasten 222,206 Stufenheck,405 I 15B,BOXER Bus 230P,BOXER Bus 244, Z_,BOXER Pritsche\/Fahrgestell ZCT_,605 6B,EXPERT 224,405 II 4B,306 Van N_, 7_,405 II Break 4E,405 I Break 15E,306 Kasten\/Schr\u00e4gheck; 9613147080; J\u00e4\u00e4hdytysnestel\u00e4mp\u00f6tilan Sensori<\/p>\n","protected":false},"excerpt":{"rendered":"<p>RIDEX J\u00e4\u00e4hdytysnesteen L\u00e4mp\u00f6tila Anturi 830C0070 J\u00e4\u00e4hdytysnestel\u00e4mp\u00f6tilan Sensori BMW,LANCIA,FIAT,3 E36,3 Touring E36,ZETA 220<\/p>\n","protected":false},"featured_media":0,"template":"","meta":{"site-sidebar-layout":"default","site-content-layout":"default","ast-global-header-display":"","ast-main-header-display":"","ast-hfb-above-header-display":"","ast-hfb-below-header-display":"","ast-hfb-mobile-header-display":"","site-post-title":"","ast-breadcrumbs-content":"","ast-featured-img":"","footer-sml-layout":"","theme-transparent-header-meta":"","adv-header-id-meta":"","stick-header-meta":"","header-above-stick-meta":"","header-main-stick-meta":"","header-below-stick-meta":""},"pwb-brand":[157],"product_cat":[200],"product_tag":[],"class_list":{"0":"post-55477","1":"product","2":"type-product","3":"status-publish","5":"pwb-brand-ridex","6":"product_cat-jaahdytysnesteen-lampotila-anturi","7":"desktop-align-left","8":"tablet-align-left","9":"mobile-align-left","11":"first","12":"instock","13":"product-type-external"},"brands":[{"id":157,"name":"RIDEX","slug":"ridex"}],"_links":{"self":[{"href":"https:\/\/www.autonvaraosahaku.fi\/index.php?rest_route=\/wp\/v2\/product\/55477","targetHints":{"allow":["GET"]}}],"collection":[{"href":"https:\/\/www.autonvaraosahaku.fi\/index.php?rest_route=\/wp\/v2\/product"}],"about":[{"href":"https:\/\/www.autonvaraosahaku.fi\/index.php?rest_route=\/wp\/v2\/types\/product"}],"wp:attachment":[{"href":"https:\/\/www.autonvaraosahaku.fi\/index.php?rest_route=%2Fwp%2Fv2%2Fmedia&parent=55477"}],"wp:term":[{"taxonomy":"pwb-brand","embeddable":true,"href":"https:\/\/www.autonvaraosahaku.fi\/index.php?rest_route=%2Fwp%2Fv2%2Fpwb-brand&post=55477"},{"taxonomy":"product_cat","embeddable":true,"href":"https:\/\/www.autonvaraosahaku.fi\/index.php?rest_route=%2Fwp%2Fv2%2Fproduct_cat&post=55477"},{"taxonomy":"product_tag","embeddable":true,"href":"https:\/\/www.autonvaraosahaku.fi\/index.php?rest_route=%2Fwp%2Fv2%2Fproduct_tag&post=55477"}],"curies":[{"name":"wp","href":"https:\/\/api.w.org\/{rel}","templated":true}]}}