{"id":55515,"date":"2021-02-21T17:56:28","date_gmt":"2021-02-21T17:56:28","guid":{"rendered":"https:\/\/www.autonvaraosahaku.fi\/?product=ridex-2s0096-starttimoottori"},"modified":"2021-02-21T17:56:31","modified_gmt":"2021-02-21T17:56:31","slug":"ridex-2s0096-starttimoottori","status":"publish","type":"product","link":"https:\/\/www.autonvaraosahaku.fi\/?product=ridex-2s0096-starttimoottori","title":{"rendered":"RIDEX 2S0096 Starttimoottori"},"content":{"rendered":"<p>J\u00e4nnite (V): 12; Hammasluku: 13; K\u00e4ynnistinmoottori teho (kW): 2,2; Pistokemallin tunnus: 30\/50(M6), M6; Teho (kW): 2,2; Py\u00f6rimissuunta: Py\u00f6rimissuunta my\u00f6t\u00e4p\u00e4iv\u00e4\u00e4n; M\u00e4\u00e4r\u00e4yksikk\u00f6: Kappale; Laippa \u00d8(mm): 92; kierrereiki\u00e4 [kpl]: 0; Kiinnitysreikien lukum\u00e4\u00e4r\u00e4: 3; Valmistusvuoteen: 12\/1996; FORD: TRANSIT  MK-5 Bus E_ _,TRANSIT Kasten T_ _,TRANSIT MK-5 Pritsche\/Fahrgestell E_ _,TRANSIT Bus V_ _,TRANSIT Bus T_ _,TRANSIT Bus MK-4 E_ _,TRANSIT MK-5 Kasten E_ _,TRANSIT MK-4 Pritsche\/Fahrgestell E_ _,TRANSIT Kasten V_ _,TRANSIT Pritsche\/Fahrgestell V_ _,TRANSIT MK-4 Kasten E_ _,TRANSIT Bus 72E, 73E,TRANSIT Pritsche\/Fahrgestell T_ _,TRANSIT TOURNEO E_; LDV: CONVOY Kasten,CONVOY Pritsche\/Fahrgestell,CONVOY Bus; 1008823, 1024508, 1027928, 1059179, 1073108, 1093471, 1105310, 1596530, 1626195, 1653209, 1653210, 5003643, 5026497, 6039198, 6071805, 6144117, 6154907, 6160440, 6996767, 755F11000BB, 795F11000AA, 795F11000CA, 835F11000AA, 835F11000AB, 835F11000AC, 835F11000BB, 835FX11000BB, 884F11000AA, 97VB11000AA, 97VB11000AB, 98VB11000, 98VB11000AA, 98VB11000AB, 98VB11000B1A, 98VB11000B3A, 98VB11000B3B, R755F11000BB, R835F11000AC, R835F11000BB, R835X11000AC, 1008823, 1024508, 1027928, 1073108, 1416252, 4022392, 715F11000MA, 755F11000AA, 755F11000AB, 755F11000BB, 795F11000CA, 835F11000AA, 835F11000BB, 835FX11000BB, 835X11000AC, 97VB11000AA, 97VB11000AB, 97VB11000BB, 98VB11000AB, 98VB11000B1A, 98VB11000B3A, 98VB11000B3B, R835X11000AC, R98VB11000B1A, 5003643; Startti,K\u00e4ynnistinmoottori<\/p>\n","protected":false},"excerpt":{"rendered":"<p>RIDEX Starttimoottori 2S0096 Startti,K\u00e4ynnistinmoottori FORD,LDV,TRANSIT  MK-5 Bus E_ _,TRANSIT Kasten T_ _,TRANSIT MK-5 Pritsche\/Fahrgestell E_ _<\/p>\n","protected":false},"featured_media":0,"template":"","meta":{"site-sidebar-layout":"default","site-content-layout":"default","ast-global-header-display":"","ast-main-header-display":"","ast-hfb-above-header-display":"","ast-hfb-below-header-display":"","ast-hfb-mobile-header-display":"","site-post-title":"","ast-breadcrumbs-content":"","ast-featured-img":"","footer-sml-layout":"","theme-transparent-header-meta":"","adv-header-id-meta":"","stick-header-meta":"","header-above-stick-meta":"","header-main-stick-meta":"","header-below-stick-meta":""},"pwb-brand":[157],"product_cat":[295],"product_tag":[],"class_list":{"0":"post-55515","1":"product","2":"type-product","3":"status-publish","5":"pwb-brand-ridex","6":"product_cat-starttimoottori","7":"desktop-align-left","8":"tablet-align-left","9":"mobile-align-left","11":"first","12":"instock","13":"product-type-external"},"brands":[{"id":157,"name":"RIDEX","slug":"ridex"}],"_links":{"self":[{"href":"https:\/\/www.autonvaraosahaku.fi\/index.php?rest_route=\/wp\/v2\/product\/55515","targetHints":{"allow":["GET"]}}],"collection":[{"href":"https:\/\/www.autonvaraosahaku.fi\/index.php?rest_route=\/wp\/v2\/product"}],"about":[{"href":"https:\/\/www.autonvaraosahaku.fi\/index.php?rest_route=\/wp\/v2\/types\/product"}],"wp:attachment":[{"href":"https:\/\/www.autonvaraosahaku.fi\/index.php?rest_route=%2Fwp%2Fv2%2Fmedia&parent=55515"}],"wp:term":[{"taxonomy":"pwb-brand","embeddable":true,"href":"https:\/\/www.autonvaraosahaku.fi\/index.php?rest_route=%2Fwp%2Fv2%2Fpwb-brand&post=55515"},{"taxonomy":"product_cat","embeddable":true,"href":"https:\/\/www.autonvaraosahaku.fi\/index.php?rest_route=%2Fwp%2Fv2%2Fproduct_cat&post=55515"},{"taxonomy":"product_tag","embeddable":true,"href":"https:\/\/www.autonvaraosahaku.fi\/index.php?rest_route=%2Fwp%2Fv2%2Fproduct_tag&post=55515"}],"curies":[{"name":"wp","href":"https:\/\/api.w.org\/{rel}","templated":true}]}}