{"id":55517,"date":"2021-02-21T17:56:28","date_gmt":"2021-02-21T17:56:28","guid":{"rendered":"https:\/\/www.autonvaraosahaku.fi\/?product=ridex-3886v0019-huohotin"},"modified":"2021-02-21T17:56:32","modified_gmt":"2021-02-21T17:56:32","slug":"ridex-3886v0019-huohotin","status":"publish","type":"product","link":"https:\/\/www.autonvaraosahaku.fi\/?product=ridex-3886v0019-huohotin","title":{"rendered":"RIDEX 3886V0019 Huohotin"},"content":{"rendered":"<p>Venttiilimalli: Ilmanpoistoventtiili; Lis\u00e4tarvike\/lis\u00e4tieto: Tiivisteill\u00e4; Pistokkeen kotelon muoto: D-muoto; Napojen m\u00e4\u00e4r\u00e4: 2; Materiaali: PA 6 GF 30, Lasikuitu-muovi; K\u00e4ytt\u00f6: s\u00e4hk\u00f6ohjattu; Moottorinumero: BCA; VW: GOLF IV 1J1,GOLF V 1K1,POLO 9N_,GOLF VI 5K1,GOLF PLUS 5M1, 521,LUPO 6X1, 6E1,CADDY III Kombi 2KB, 2KJ, 2CB, 2CJ,FOX 5Z1, 5Z3,GOLF V Variant 1K5,BORA 1J2,NEW BEETLE 9C1, 1C1,BORA Kombi 1J6,NEW BEETLE Cabriolet 1Y7; SKODA: OCTAVIA Combi 1Z5,FABIA Combi 6Y5,FABIA,FABIA 6Y2,FABIA Combi,ROOMSTER 5J,OCTAVIA 1Z3,FABIA Stufenheck 6Y3,ROOMSTER Praktik 5J; SEAT: IBIZA IV 6L1,LEON 1P1,IBIZA V 6J5, 6P5,LEON 1M1,ALTEA 5P1,IBIZA V ST 6J8, 6P8,TOLEDO II 1M2,CORDOBA 6L2,TOLEDO III 5P2; 036103464AB, 036103464AD, 036103464AH, 036103464Q, 036103464AB, 036103464AD, 036103464AH, 036103464Q, 036103464AB, 036103464AD, 036103464AH, 036103464Q, 036103464AB, 036103464AD, 036103464AH, 036103464Q; Venttiili, Kampikammiotuuletus<\/p>\n","protected":false},"excerpt":{"rendered":"<p>RIDEX Huohotin 3886V0019 Venttiili, Kampikammiotuuletus VW,SKODA,SEAT,GOLF IV 1J1,GOLF V 1K1,POLO 9N_,GOLF VI 5K1,GOLF PLUS 5M1, 521,LUPO 6X1, 6E1<\/p>\n","protected":false},"featured_media":0,"template":"","meta":{"site-sidebar-layout":"default","site-content-layout":"default","ast-global-header-display":"","ast-main-header-display":"","ast-hfb-above-header-display":"","ast-hfb-below-header-display":"","ast-hfb-mobile-header-display":"","site-post-title":"","ast-breadcrumbs-content":"","ast-featured-img":"","footer-sml-layout":"","theme-transparent-header-meta":"","adv-header-id-meta":"","stick-header-meta":"","header-above-stick-meta":"","header-main-stick-meta":"","header-below-stick-meta":""},"pwb-brand":[157],"product_cat":[125],"product_tag":[],"class_list":{"0":"post-55517","1":"product","2":"type-product","3":"status-publish","5":"pwb-brand-ridex","6":"product_cat-huohotin","7":"desktop-align-left","8":"tablet-align-left","9":"mobile-align-left","11":"first","12":"instock","13":"product-type-external"},"brands":[{"id":157,"name":"RIDEX","slug":"ridex"}],"_links":{"self":[{"href":"https:\/\/www.autonvaraosahaku.fi\/index.php?rest_route=\/wp\/v2\/product\/55517","targetHints":{"allow":["GET"]}}],"collection":[{"href":"https:\/\/www.autonvaraosahaku.fi\/index.php?rest_route=\/wp\/v2\/product"}],"about":[{"href":"https:\/\/www.autonvaraosahaku.fi\/index.php?rest_route=\/wp\/v2\/types\/product"}],"wp:attachment":[{"href":"https:\/\/www.autonvaraosahaku.fi\/index.php?rest_route=%2Fwp%2Fv2%2Fmedia&parent=55517"}],"wp:term":[{"taxonomy":"pwb-brand","embeddable":true,"href":"https:\/\/www.autonvaraosahaku.fi\/index.php?rest_route=%2Fwp%2Fv2%2Fpwb-brand&post=55517"},{"taxonomy":"product_cat","embeddable":true,"href":"https:\/\/www.autonvaraosahaku.fi\/index.php?rest_route=%2Fwp%2Fv2%2Fproduct_cat&post=55517"},{"taxonomy":"product_tag","embeddable":true,"href":"https:\/\/www.autonvaraosahaku.fi\/index.php?rest_route=%2Fwp%2Fv2%2Fproduct_tag&post=55517"}],"curies":[{"name":"wp","href":"https:\/\/api.w.org\/{rel}","templated":true}]}}