{"id":55522,"date":"2021-02-21T17:56:34","date_gmt":"2021-02-21T17:56:34","guid":{"rendered":"https:\/\/www.autonvaraosahaku.fi\/?product=car1-co-1048-moottorioljy"},"modified":"2021-02-21T17:56:34","modified_gmt":"2021-02-21T17:56:34","slug":"car1-co-1048-moottorioljy","status":"publish","type":"product","link":"https:\/\/www.autonvaraosahaku.fi\/?product=car1-co-1048-moottorioljy","title":{"rendered":"CAR1 CO 1048 Moottori\u00f6ljy"},"content":{"rendered":"<p>Tilavuus (litra): 1; Viskositeettiluokka SAE: 5W-30; Pakkaustyyppi: Pullo; Erittely: ACEA A5, ACEA B5, ACEA C2; Valmistajan hyv\u00e4ksym\u00e4: PSA B71 2290, Fiat 9.55535-S1; Tuotelinja: PSA; ACEA-m\u00e4\u00e4rittely: A5\/B5, C2; FIAT: GRANDE PUNTO 199,DUCATO Kasten 250,500 312,BRAVO II 198,DUCATO Pritsche\/Fahrgestell 250,FREEMONT JF_,DUCATO Bus 250,DOBLO Cargo 223,500 C 312,DOBLO Kasten\/Kombi 263,PUNTO 199,ULYSSE 179AX,IDEA,PANDA 312,SEDICI,STRADA Pick-up 178E,MULTIPLA 186,QUBO 225,DOBLO Gro\u00dfraumlimousine 152, 263,SCUDO Kasten 220L,FIORINO Kasten\/Kombi 225,SCUDO Combinato 220P,DOBLO Pritsche\/Fahrgestell 263,STRADA Pick-up 578_,PANDA VAN 312; PEUGEOT: 206 Schr\u00e4gheck 2A\/C,206 CC 2D,207 WA_, WC_,307 SW 3H,207 CC WD_,307 CC 3B,407 SW 6E_,307 3A\/C,207 SW WK_,107,308 SW,206 SW 2E\/K,208,807 E,106 II 1,206+ T3E,308 4A_, 4C_,BOXER Kasten,5008,307 Break 3E,508 SW,306 Schr\u00e4gheck 7A, 7C, N3, N5,607 9D, 9U,407 6D_,3008,406 Break 8E\/F,PARTNER Tepee,RCZ,308 CC,1007 KM_,PARTNER Combispace 5F,4007 GP_,2008,PARTNER Kasten 5,406 Coupe 8C,306 Break 7E, N3, N5,406 8B,806 221,508,407 Coupe 6C_,EXPERT Tepee VF3V_,BOXER Kasten 230L,EXPERT Kasten VF3A_, VF3U_, VF3X_,BOXER Kasten 244,306 7B, N3, N5,PARTNER Kasten,BOXER Bus,EXPERT Kasten 222,206 Stufenheck,BOXER Pritsche\/Fahrgestell,BIPPER AA_,308 II,BIPPER Tepee,BOXER Bus 244, Z_,EXPERT 224,4008,BOXER Pritsche\/Fahrgestell 244,301,308 SW II,EXPERT Pritsche\/Fahrgestell,108; CITRO\u00cbN: C1 PM_, PN_,BERLINGO MF,XSARA PICASSO N68,C2 JM_,C3 I FC_,BERLINGO B9,C5 III Break TD_,C4 Picasso I UD_,C4 Grand Picasso I UA_,C8 EA_, EB_,C4 I LC_,JUMPER Kasten,SAXO S0, S1,DS3,BERLINGO Kasten M_,C5 II Break RE_,C3 Picasso,C5 I DC_,C5 I Break DE_,C5 III RD_,C3 II,XSARA N1,C4 Coupe LA_,C3 Pluriel HB_,C4 II B7,C5 II RC_,C-CROSSER EP_,JUMPY,BERLINGO Kasten B9,C6 TD_,JUMPY Kasten,C4 Grand Picasso II,C4 Picasso II,XANTIA X2,DS4,NEMO Kasten AA_,JUMPER Bus,DS5,EVASION 22, U6,C4 Stufenheck L,XANTIA Break X2,JUMPER Pritsche\/Fahrgestell,C4 AIRCROSS,NEMO Kombi,JUMPY U6U,JUMPY Kasten BS_, BT_, BY_, BZ_,C-CROSSER ENTERPRISE,JUMPER Bus 244, Z_,DS3 Cabriolet,JUMPER Pritsche\/Fahrgestell 244,BERLINGO Pritsche\/Fahrgestell B9,JUMPY Pritsche\/Fahrgestell BU_, BV_, BW_, BX_,C-ELYSEE,C1 II,C4 CACTUS,C3 III SX; ALFA ROMEO: 159 Sportwagon 939,GIULIETTA 940,MITO 955,159 939,BRERA,SPIDER 939; JEEP: CHEROKEE KL; LANCIA: DELTA III 844,VOYAGER Gro\u00dfraumlimousine RT,PHEDRA 179,THEMA LX,YPSILON 312, 846,FLAVIA Cabriolet JS; DS: DS 3,DS5,DS 3 Cabriolet<\/p>\n","protected":false},"excerpt":{"rendered":"<p>CAR1 Moottori\u00f6ljy CO 1048<\/p>\n","protected":false},"featured_media":0,"template":"","meta":{"site-sidebar-layout":"default","site-content-layout":"default","ast-global-header-display":"","ast-main-header-display":"","ast-hfb-above-header-display":"","ast-hfb-below-header-display":"","ast-hfb-mobile-header-display":"","site-post-title":"","ast-breadcrumbs-content":"","ast-featured-img":"","footer-sml-layout":"","theme-transparent-header-meta":"","adv-header-id-meta":"","stick-header-meta":"","header-above-stick-meta":"","header-main-stick-meta":"","header-below-stick-meta":""},"pwb-brand":[418],"product_cat":[129],"product_tag":[],"class_list":{"0":"post-55522","1":"product","2":"type-product","3":"status-publish","5":"pwb-brand-car1","6":"product_cat-moottorioljy","7":"desktop-align-left","8":"tablet-align-left","9":"mobile-align-left","11":"first","12":"instock","13":"product-type-external"},"brands":[{"id":418,"name":"CAR1","slug":"car1"}],"_links":{"self":[{"href":"https:\/\/www.autonvaraosahaku.fi\/index.php?rest_route=\/wp\/v2\/product\/55522","targetHints":{"allow":["GET"]}}],"collection":[{"href":"https:\/\/www.autonvaraosahaku.fi\/index.php?rest_route=\/wp\/v2\/product"}],"about":[{"href":"https:\/\/www.autonvaraosahaku.fi\/index.php?rest_route=\/wp\/v2\/types\/product"}],"wp:attachment":[{"href":"https:\/\/www.autonvaraosahaku.fi\/index.php?rest_route=%2Fwp%2Fv2%2Fmedia&parent=55522"}],"wp:term":[{"taxonomy":"pwb-brand","embeddable":true,"href":"https:\/\/www.autonvaraosahaku.fi\/index.php?rest_route=%2Fwp%2Fv2%2Fpwb-brand&post=55522"},{"taxonomy":"product_cat","embeddable":true,"href":"https:\/\/www.autonvaraosahaku.fi\/index.php?rest_route=%2Fwp%2Fv2%2Fproduct_cat&post=55522"},{"taxonomy":"product_tag","embeddable":true,"href":"https:\/\/www.autonvaraosahaku.fi\/index.php?rest_route=%2Fwp%2Fv2%2Fproduct_tag&post=55522"}],"curies":[{"name":"wp","href":"https:\/\/api.w.org\/{rel}","templated":true}]}}