{"id":55527,"date":"2021-02-21T17:56:34","date_gmt":"2021-02-21T17:56:34","guid":{"rendered":"https:\/\/www.autonvaraosahaku.fi\/?product=vemo-v15-99-2114-termostaatti"},"modified":"2021-02-21T17:56:35","modified_gmt":"2021-02-21T17:56:35","slug":"vemo-v15-99-2114-termostaatti","status":"publish","type":"product","link":"https:\/\/www.autonvaraosahaku.fi\/?product=vemo-v15-99-2114-termostaatti","title":{"rendered":"VEMO V15-99-2114 Termostaatti"},"content":{"rendered":"<p>Sensorien m\u00e4\u00e4r\u00e4: 1; Kotelomalli: Kopalla, Muovikotelo; Korvaava tuote\/korvaava tiedote 2: Pidikkeell\u00e4, Hihnalla, laipalla, Anturilla, Termostaatilla; Avausl\u00e4mp\u00f6tila [\u00b0C]: 95; Asennusmalli: Esiasennettu; Lis\u00e4tarvike\/lis\u00e4tieto: Tiivisteill\u00e4; VW: GOLF V 1K1,GOLF VI 5K1,PASSAT Variant 3C5,PASSAT 3C2,TIGUAN 5N_,PASSAT Variant 365,GOLF VI Variant AJ5,GOLF V Variant 1K5,EOS 1F7, 1F8,SCIROCCO 137, 138,PASSAT CC 357,SHARAN 7N1, 7N2,JETTA III 1K2,PASSAT 362,AMAROK 2H_, S1B,CC 358,GOLF VI Cabriolet 517,BEETLE 5C1,JETTA IV 162, 163,PASSAT ALLTRACK 365; AUDI: A4 Avant 8K5, B8,A3 8P1,A3 Sportback 8PA,A4 8K2, B8,Q5 8R,A6 Avant 4G5, C7, 4GD,A5 8T3,A5 Sportback 8TA,TT 8J3,Q3 8U,A6 4G2, C7, 4GC,A4 Allroad 8KH, B8,A5 Cabriolet 8F7,TT Roadster 8J9,A8 4H_,A3 Cabriolet 8P7; SKODA: OCTAVIA Combi 1Z5,SUPERB Kombi 3T5,OCTAVIA 1Z3,SUPERB 3T4; SEAT: LEON 1P1,ALTEA 5P1,ALTEA XL 5P5, 5P8,EXEO ST 3R5,ALHAMBRA 710, 711,EXEO 3R2,TOLEDO III 5P2; 06A919501A, 06H121026AF, 06H121026BA, 06H121026BF, 06H121026BP, 06H121026CF, 06H121026DD, 06H121026DN, 06H121113B, 06H121119D, 06H121131C, 06H121142C, 6H121026AF, 6H121026BA, 6H121026BP, 6H121026CF, 6H121026DD, 06A919501A, 06H121026AF, 06H121026BA, 06H121026BF, 06H121026BP, 06H121026CF, 06H121026DD, 06H121026DN, 06H121113B, 06H121119D, 06H121131C, 06H121142C, 6H121026AF, 6H121026BA, 6H121026BP, 6H121026CF, 6H121026DD; Termostaatti, J\u00e4\u00e4hdytysneste<\/p>\n","protected":false},"excerpt":{"rendered":"<p>VEMO Termostaatti EXPERT KITS + V15-99-2114 Termostaatti, J\u00e4\u00e4hdytysneste VW,AUDI,SKODA,GOLF V 1K1,GOLF VI 5K1,PASSAT Variant 3C5,PASSAT 3C2,TIGUAN 5N_<\/p>\n","protected":false},"featured_media":0,"template":"","meta":{"site-sidebar-layout":"default","site-content-layout":"default","ast-global-header-display":"","ast-main-header-display":"","ast-hfb-above-header-display":"","ast-hfb-below-header-display":"","ast-hfb-mobile-header-display":"","site-post-title":"","ast-breadcrumbs-content":"","ast-featured-img":"","footer-sml-layout":"","theme-transparent-header-meta":"","adv-header-id-meta":"","stick-header-meta":"","header-above-stick-meta":"","header-main-stick-meta":"","header-below-stick-meta":""},"pwb-brand":[168],"product_cat":[174],"product_tag":[],"class_list":{"0":"post-55527","1":"product","2":"type-product","3":"status-publish","5":"pwb-brand-vemo","6":"product_cat-termostaatti","7":"desktop-align-left","8":"tablet-align-left","9":"mobile-align-left","11":"first","12":"instock","13":"product-type-external"},"brands":[{"id":168,"name":"VEMO","slug":"vemo"}],"_links":{"self":[{"href":"https:\/\/www.autonvaraosahaku.fi\/index.php?rest_route=\/wp\/v2\/product\/55527","targetHints":{"allow":["GET"]}}],"collection":[{"href":"https:\/\/www.autonvaraosahaku.fi\/index.php?rest_route=\/wp\/v2\/product"}],"about":[{"href":"https:\/\/www.autonvaraosahaku.fi\/index.php?rest_route=\/wp\/v2\/types\/product"}],"wp:attachment":[{"href":"https:\/\/www.autonvaraosahaku.fi\/index.php?rest_route=%2Fwp%2Fv2%2Fmedia&parent=55527"}],"wp:term":[{"taxonomy":"pwb-brand","embeddable":true,"href":"https:\/\/www.autonvaraosahaku.fi\/index.php?rest_route=%2Fwp%2Fv2%2Fpwb-brand&post=55527"},{"taxonomy":"product_cat","embeddable":true,"href":"https:\/\/www.autonvaraosahaku.fi\/index.php?rest_route=%2Fwp%2Fv2%2Fproduct_cat&post=55527"},{"taxonomy":"product_tag","embeddable":true,"href":"https:\/\/www.autonvaraosahaku.fi\/index.php?rest_route=%2Fwp%2Fv2%2Fproduct_tag&post=55527"}],"curies":[{"name":"wp","href":"https:\/\/api.w.org\/{rel}","templated":true}]}}