{"id":55529,"date":"2021-02-21T17:56:34","date_gmt":"2021-02-21T17:56:34","guid":{"rendered":"https:\/\/www.autonvaraosahaku.fi\/?product=ridex-3938e0012-anturit-sensorit"},"modified":"2021-02-21T17:56:36","modified_gmt":"2021-02-21T17:56:36","slug":"ridex-3938e0012-anturit-sensorit","status":"publish","type":"product","link":"https:\/\/www.autonvaraosahaku.fi\/?product=ridex-3938e0012-anturit-sensorit","title":{"rendered":"RIDEX 3938E0012 Anturit (sensorit)"},"content":{"rendered":"<p>Johtojen lukum\u00e4\u00e4r\u00e4: 2; Pituus (mm): 260; Moottorinumero: K9K856; OPEL: VIVARO Combi,VIVARO Kasten,VIVARO Pritsche\/Fahrgestell; DACIA: DUSTER,SANDERO II,LODGY,LOGAN MCV II,DOKKER,DOKKER Express,LOGAN II,DUSTER Kasten; RENAULT: CLIO III BR0\/1, CR0\/1,MEGANE III Grandtour KZ0\/1,SC\u00c9NIC III JZ0\/1_,CLIO IV,MEGANE III Schr\u00e4gheck BZ0_,GRAND SC\u00c9NIC III JZ0\/1_,MEGANE III Coupe DZ0\/1_,KANGOO \/ GRAND KANGOO KW0\/1_,CLIO Grandtour KR0\/1_,CAPTUR,MASTER III Kasten FV,KANGOO Express FW0\/1_,CLIO Grandtour IV,KANGOO BE BOP KW0\/1_,MEGANE CC EZ0\/1_,LAGUNA Coupe DT0\/1,MASTER III Bus JV,MASTER III Pritsche\/Fahrgestell EV, HV, UV,FLUENCE L30_,LATITUDE L70_,DUSTER,THALIA II LU1\/2_,TRAFIC III Kasten,TRAFIC III Bus,KADJAR,MEGANE IV B9A\/M_,MEGANE IV Grandtour K9A\/M_,TALISMAN,CLIO IV Kasten,MEGANE IV Stufenheck,ALASKAN,TRAFIC III Pritsche\/Fahrgestell EG_,SANDERO\/STEPWAY II,LOGAN II Kombi,LOGAN II,THALIA III; VAUXHALL: VIVARO Kasten,VIVARO Combi; 95517812, 95517812, 95517812, 226404122R, 226405227R, 8200921749, 95517812, 226405227R, 226405227R, 1247986, 95517812, 95517812, 226404122R, 226405227R, 8200921749<\/p>\n","protected":false},"excerpt":{"rendered":"<p>RIDEX Tunnistin Pakokaasul\u00e4mp\u00f6tila 3938E0012  OPEL,DACIA,RENAULT,VIVARO Combi,VIVARO Kasten,VIVARO Pritsche\/Fahrgestell,DUSTER,SANDERO II,LODGY<\/p>\n","protected":false},"featured_media":0,"template":"","meta":{"site-sidebar-layout":"default","site-content-layout":"default","ast-global-header-display":"","ast-main-header-display":"","ast-hfb-above-header-display":"","ast-hfb-below-header-display":"","ast-hfb-mobile-header-display":"","site-post-title":"","ast-breadcrumbs-content":"","ast-featured-img":"","footer-sml-layout":"","theme-transparent-header-meta":"","adv-header-id-meta":"","stick-header-meta":"","header-above-stick-meta":"","header-main-stick-meta":"","header-below-stick-meta":""},"pwb-brand":[157],"product_cat":[98],"product_tag":[],"class_list":{"0":"post-55529","1":"product","2":"type-product","3":"status-publish","5":"pwb-brand-ridex","6":"product_cat-anturit-sensorit","7":"desktop-align-left","8":"tablet-align-left","9":"mobile-align-left","11":"first","12":"instock","13":"product-type-external"},"brands":[{"id":157,"name":"RIDEX","slug":"ridex"}],"_links":{"self":[{"href":"https:\/\/www.autonvaraosahaku.fi\/index.php?rest_route=\/wp\/v2\/product\/55529","targetHints":{"allow":["GET"]}}],"collection":[{"href":"https:\/\/www.autonvaraosahaku.fi\/index.php?rest_route=\/wp\/v2\/product"}],"about":[{"href":"https:\/\/www.autonvaraosahaku.fi\/index.php?rest_route=\/wp\/v2\/types\/product"}],"wp:attachment":[{"href":"https:\/\/www.autonvaraosahaku.fi\/index.php?rest_route=%2Fwp%2Fv2%2Fmedia&parent=55529"}],"wp:term":[{"taxonomy":"pwb-brand","embeddable":true,"href":"https:\/\/www.autonvaraosahaku.fi\/index.php?rest_route=%2Fwp%2Fv2%2Fpwb-brand&post=55529"},{"taxonomy":"product_cat","embeddable":true,"href":"https:\/\/www.autonvaraosahaku.fi\/index.php?rest_route=%2Fwp%2Fv2%2Fproduct_cat&post=55529"},{"taxonomy":"product_tag","embeddable":true,"href":"https:\/\/www.autonvaraosahaku.fi\/index.php?rest_route=%2Fwp%2Fv2%2Fproduct_tag&post=55529"}],"curies":[{"name":"wp","href":"https:\/\/api.w.org\/{rel}","templated":true}]}}