{"id":55533,"date":"2021-02-21T17:56:34","date_gmt":"2021-02-21T17:56:34","guid":{"rendered":"https:\/\/www.autonvaraosahaku.fi\/?product=jp-group-1196150300-anturit-sensorit"},"modified":"2021-02-21T17:56:37","modified_gmt":"2021-02-21T17:56:37","slug":"jp-group-1196150300-anturit-sensorit","status":"publish","type":"product","link":"https:\/\/www.autonvaraosahaku.fi\/?product=jp-group-1196150300-anturit-sensorit","title":{"rendered":"JP GROUP 1196150300 Anturit (sensorit)"},"content":{"rendered":"<p>Asennuspuoli: Edess\u00e4; Valmistusvuoteen: 07\/2012; VW: GOLF V 1K1,TOURAN 1T1, 1T2,GOLF VI 5K1,GOLF PLUS 5M1, 521,TOURAN 1T3,GOLF VI Variant AJ5,GOLF V Variant 1K5,SCIROCCO 137, 138,JETTA III 1K2; AUDI: A3 8P1,A3 Cabriolet 8P7; SKODA: OCTAVIA Combi 1Z5,YETI 5L,OCTAVIA 1Z3,SUPERB 3T4; SEAT: LEON 1P1,ALTEA 5P1,TOLEDO III 5P2; 1K0941274C, 1K0941274C, 1K0941274C, 1K0941274C<\/p>\n","protected":false},"excerpt":{"rendered":"<p>JP GROUP Sensori, Xenonvalo (Ajovalokorkeuden S\u00e4\u00e4t\u00f6) JP Group 1196150300  VW,AUDI,SKODA,GOLF V 1K1,TOURAN 1T1, 1T2,GOLF VI 5K1,GOLF PLUS 5M1, 521<\/p>\n","protected":false},"featured_media":0,"template":"","meta":{"site-sidebar-layout":"default","site-content-layout":"default","ast-global-header-display":"","ast-main-header-display":"","ast-hfb-above-header-display":"","ast-hfb-below-header-display":"","ast-hfb-mobile-header-display":"","site-post-title":"","ast-breadcrumbs-content":"","ast-featured-img":"","footer-sml-layout":"","theme-transparent-header-meta":"","adv-header-id-meta":"","stick-header-meta":"","header-above-stick-meta":"","header-main-stick-meta":"","header-below-stick-meta":""},"pwb-brand":[131],"product_cat":[98],"product_tag":[],"class_list":{"0":"post-55533","1":"product","2":"type-product","3":"status-publish","5":"pwb-brand-jp-group","6":"product_cat-anturit-sensorit","7":"desktop-align-left","8":"tablet-align-left","9":"mobile-align-left","11":"first","12":"instock","13":"product-type-external"},"brands":[{"id":131,"name":"JP GROUP","slug":"jp-group"}],"_links":{"self":[{"href":"https:\/\/www.autonvaraosahaku.fi\/index.php?rest_route=\/wp\/v2\/product\/55533","targetHints":{"allow":["GET"]}}],"collection":[{"href":"https:\/\/www.autonvaraosahaku.fi\/index.php?rest_route=\/wp\/v2\/product"}],"about":[{"href":"https:\/\/www.autonvaraosahaku.fi\/index.php?rest_route=\/wp\/v2\/types\/product"}],"wp:attachment":[{"href":"https:\/\/www.autonvaraosahaku.fi\/index.php?rest_route=%2Fwp%2Fv2%2Fmedia&parent=55533"}],"wp:term":[{"taxonomy":"pwb-brand","embeddable":true,"href":"https:\/\/www.autonvaraosahaku.fi\/index.php?rest_route=%2Fwp%2Fv2%2Fpwb-brand&post=55533"},{"taxonomy":"product_cat","embeddable":true,"href":"https:\/\/www.autonvaraosahaku.fi\/index.php?rest_route=%2Fwp%2Fv2%2Fproduct_cat&post=55533"},{"taxonomy":"product_tag","embeddable":true,"href":"https:\/\/www.autonvaraosahaku.fi\/index.php?rest_route=%2Fwp%2Fv2%2Fproduct_tag&post=55533"}],"curies":[{"name":"wp","href":"https:\/\/api.w.org\/{rel}","templated":true}]}}