{"id":55536,"date":"2021-02-21T17:56:34","date_gmt":"2021-02-21T17:56:34","guid":{"rendered":"https:\/\/www.autonvaraosahaku.fi\/?product=mannol-mn7406-5-moottorioljy"},"modified":"2021-02-21T17:56:37","modified_gmt":"2021-02-21T17:56:37","slug":"mannol-mn7406-5-moottorioljy","status":"publish","type":"product","link":"https:\/\/www.autonvaraosahaku.fi\/?product=mannol-mn7406-5-moottorioljy","title":{"rendered":"MANNOL MN7406-5 Moottori\u00f6ljy"},"content":{"rendered":"<p>Tilavuus (litra): 5; Viskositeettiluokka SAE: 15W-40; Erittely: API SG, API CD; \u00d6ljy: Mineraali\u00f6ljy; Tuotelinja: Traktor; Versio: Superoil; API-m\u00e4\u00e4rittely: CD, SG<\/p>\n","protected":false},"excerpt":{"rendered":"<p>MANNOL Moottori\u00f6ljy MN7406-5<\/p>\n","protected":false},"featured_media":0,"template":"","meta":{"site-sidebar-layout":"default","site-content-layout":"default","ast-global-header-display":"","ast-main-header-display":"","ast-hfb-above-header-display":"","ast-hfb-below-header-display":"","ast-hfb-mobile-header-display":"","site-post-title":"","ast-breadcrumbs-content":"","ast-featured-img":"","footer-sml-layout":"","theme-transparent-header-meta":"","adv-header-id-meta":"","stick-header-meta":"","header-above-stick-meta":"","header-main-stick-meta":"","header-below-stick-meta":""},"pwb-brand":[167],"product_cat":[129],"product_tag":[],"class_list":{"0":"post-55536","1":"product","2":"type-product","3":"status-publish","5":"pwb-brand-mannol","6":"product_cat-moottorioljy","7":"desktop-align-left","8":"tablet-align-left","9":"mobile-align-left","11":"first","12":"instock","13":"product-type-external"},"brands":[{"id":167,"name":"MANNOL","slug":"mannol"}],"_links":{"self":[{"href":"https:\/\/www.autonvaraosahaku.fi\/index.php?rest_route=\/wp\/v2\/product\/55536","targetHints":{"allow":["GET"]}}],"collection":[{"href":"https:\/\/www.autonvaraosahaku.fi\/index.php?rest_route=\/wp\/v2\/product"}],"about":[{"href":"https:\/\/www.autonvaraosahaku.fi\/index.php?rest_route=\/wp\/v2\/types\/product"}],"wp:attachment":[{"href":"https:\/\/www.autonvaraosahaku.fi\/index.php?rest_route=%2Fwp%2Fv2%2Fmedia&parent=55536"}],"wp:term":[{"taxonomy":"pwb-brand","embeddable":true,"href":"https:\/\/www.autonvaraosahaku.fi\/index.php?rest_route=%2Fwp%2Fv2%2Fpwb-brand&post=55536"},{"taxonomy":"product_cat","embeddable":true,"href":"https:\/\/www.autonvaraosahaku.fi\/index.php?rest_route=%2Fwp%2Fv2%2Fproduct_cat&post=55536"},{"taxonomy":"product_tag","embeddable":true,"href":"https:\/\/www.autonvaraosahaku.fi\/index.php?rest_route=%2Fwp%2Fv2%2Fproduct_tag&post=55536"}],"curies":[{"name":"wp","href":"https:\/\/api.w.org\/{rel}","templated":true}]}}