{"id":55550,"date":"2021-02-21T17:56:40","date_gmt":"2021-02-21T17:56:40","guid":{"rendered":"https:\/\/www.autonvaraosahaku.fi\/?product=magnum-technology-a7c034mt-jousilautanen"},"modified":"2021-02-21T17:56:42","modified_gmt":"2021-02-21T17:56:42","slug":"magnum-technology-a7c034mt-jousilautanen","status":"publish","type":"product","link":"https:\/\/www.autonvaraosahaku.fi\/?product=magnum-technology-a7c034mt-jousilautanen","title":{"rendered":"Magnum Technology A7C034MT Jousilautanen"},"content":{"rendered":"<p>Sis\u00e4l\u00e4pimitta [mm]: 14,30; Ulkol\u00e4pimitta [mm]: 63,50; Asennuspuoli: Etuakseli; Organisaationumerosta: 13146; CITRO\u00cbN: BERLINGO MF,C2 JM_,C3 I FC_,BERLINGO B9,C4 Picasso I UD_,C4 Grand Picasso I UA_,C4 I LC_,DS3,BERLINGO Kasten M_,C3 Picasso,C3 II,C4 Coupe LA_,C3 Pluriel HB_,C4 II B7,BERLINGO Kasten B9,DS4,C4 Stufenheck L,DS3 Cabriolet,C2 ENTERPRISE,BERLINGO Pritsche\/Fahrgestell B9,C-ELYSEE,C4 CACTUS,C3 AIRCROSS II,C4 Stufenheck N; PEUGEOT: 207 WA_, WC_,307 SW 3H,207 CC WD_,307 CC 3B,307 3A\/C,207 SW WK_,208,307 Break 3E,PARTNER Tepee,RCZ,1007 KM_,2008,PARTNER Kasten 5,PARTNER Kasten,207 Stufenheck,301,207 Van,PARTNER Pritsche\/Fahrgestell; 503369, 503375, 5033C9, 503375, 5033C9<\/p>\n","protected":false},"excerpt":{"rendered":"<p>Magnum Technology Jousilautanen A7C034MT  CITRO\u00cbN,PEUGEOT,BERLINGO MF,C2 JM_,C3 I FC_,BERLINGO B9,C4 Picasso I UD_,C4 Grand Picasso I UA_,C4 I LC_,DS3<\/p>\n","protected":false},"featured_media":0,"template":"","meta":{"site-sidebar-layout":"default","site-content-layout":"default","ast-global-header-display":"","ast-main-header-display":"","ast-hfb-above-header-display":"","ast-hfb-below-header-display":"","ast-hfb-mobile-header-display":"","site-post-title":"","ast-breadcrumbs-content":"","ast-featured-img":"","footer-sml-layout":"","theme-transparent-header-meta":"","adv-header-id-meta":"","stick-header-meta":"","header-above-stick-meta":"","header-main-stick-meta":"","header-below-stick-meta":""},"pwb-brand":[311],"product_cat":[188],"product_tag":[],"class_list":{"0":"post-55550","1":"product","2":"type-product","3":"status-publish","5":"pwb-brand-magnum-technology","6":"product_cat-jousilautanen","7":"desktop-align-left","8":"tablet-align-left","9":"mobile-align-left","11":"first","12":"instock","13":"product-type-external"},"brands":[{"id":311,"name":"Magnum Technology","slug":"magnum-technology"}],"_links":{"self":[{"href":"https:\/\/www.autonvaraosahaku.fi\/index.php?rest_route=\/wp\/v2\/product\/55550","targetHints":{"allow":["GET"]}}],"collection":[{"href":"https:\/\/www.autonvaraosahaku.fi\/index.php?rest_route=\/wp\/v2\/product"}],"about":[{"href":"https:\/\/www.autonvaraosahaku.fi\/index.php?rest_route=\/wp\/v2\/types\/product"}],"wp:attachment":[{"href":"https:\/\/www.autonvaraosahaku.fi\/index.php?rest_route=%2Fwp%2Fv2%2Fmedia&parent=55550"}],"wp:term":[{"taxonomy":"pwb-brand","embeddable":true,"href":"https:\/\/www.autonvaraosahaku.fi\/index.php?rest_route=%2Fwp%2Fv2%2Fpwb-brand&post=55550"},{"taxonomy":"product_cat","embeddable":true,"href":"https:\/\/www.autonvaraosahaku.fi\/index.php?rest_route=%2Fwp%2Fv2%2Fproduct_cat&post=55550"},{"taxonomy":"product_tag","embeddable":true,"href":"https:\/\/www.autonvaraosahaku.fi\/index.php?rest_route=%2Fwp%2Fv2%2Fproduct_tag&post=55550"}],"curies":[{"name":"wp","href":"https:\/\/api.w.org\/{rel}","templated":true}]}}