{"id":55578,"date":"2021-02-21T17:56:46","date_gmt":"2021-02-21T17:56:46","guid":{"rendered":"https:\/\/www.autonvaraosahaku.fi\/?product=westfalia-303460300113-muut-luokat"},"modified":"2021-02-21T17:56:50","modified_gmt":"2021-02-21T17:56:50","slug":"westfalia-303460300113-muut-luokat","status":"publish","type":"product","link":"https:\/\/www.autonvaraosahaku.fi\/?product=westfalia-303460300113-muut-luokat","title":{"rendered":"WESTFALIA 303460300113 Muut luokat"},"content":{"rendered":"<p>Pistorasia, vetokoukku: 13; Vetokoukku: sis. alkuper\u00e4isen pistoliittimen, Varustetasosta riippuva pys\u00e4k\u00f6intitutkan poiskytkent\u00e4, Johtosarjassa jatkuva plus, OBC peruss\u00e4\u00e4t\u00f6\u00e4 ei tarvita, Johtosarja t\u00e4ydennett\u00e4viss\u00e4 latausjohdolla; Vasen \/ oikea liikenne: Oikean-\/vasemmanpuolinen ohjaus; Paino [kg]: 1,23; Asennusaika alkaen (min): 60; Asennusaika enint\u00e4\u00e4n (min): 90; Kuvan mukainen: ; Varusteet: Autoihin, joissa Check control, Sumuvaloilla vasrustetuille autoille, Ajon. alkuper\u00e4isell\u00e4 pistokeliit\u00e4nn\u00e4ll\u00e4, Ajoneuvoille CAN-bus-j\u00e4rjestelm\u00e4ll\u00e4, ajoneuvoille, joissa on pys\u00e4k\u00f6intitutka; Valmistusvuoteen: 03\/2014; BMW: 3 Touring E91,3 E90,5 E60,1 E87,5 Touring E61,5 Touring F11,5 F10, F18,X1 E84,1 E81,1 F20,X3 F25,3 Coupe E92,3 Touring F31,3 F30, F35, F80,3 Cabriolet E93,1 F21,1 Cabriolet E88,1 Coupe E82,5 Gran Turismo F07,3 Gran Turismo F34,4 Coupe F32, F82,2 Coupe F22,4 Cabriolet F33, F83<\/p>\n","protected":false},"excerpt":{"rendered":"<p>WESTFALIA S\u00e4hk\u00f6sarja, Vetokoukku 303460300113  BMW,3 Touring E91,3 E90,5 E60,1 E87,5 Touring E61,5 Touring F11,5 F10, F18,X1 E84,1 E81,1 F20,X3 F25<\/p>\n","protected":false},"featured_media":0,"template":"","meta":{"site-sidebar-layout":"default","site-content-layout":"default","ast-global-header-display":"","ast-main-header-display":"","ast-hfb-above-header-display":"","ast-hfb-below-header-display":"","ast-hfb-mobile-header-display":"","site-post-title":"","ast-breadcrumbs-content":"","ast-featured-img":"","footer-sml-layout":"","theme-transparent-header-meta":"","adv-header-id-meta":"","stick-header-meta":"","header-above-stick-meta":"","header-main-stick-meta":"","header-below-stick-meta":""},"pwb-brand":[521],"product_cat":[37],"product_tag":[],"class_list":{"0":"post-55578","1":"product","2":"type-product","3":"status-publish","5":"pwb-brand-westfalia","6":"product_cat-muut-luokat","7":"desktop-align-left","8":"tablet-align-left","9":"mobile-align-left","11":"first","12":"instock","13":"product-type-external"},"brands":[{"id":521,"name":"WESTFALIA","slug":"westfalia"}],"_links":{"self":[{"href":"https:\/\/www.autonvaraosahaku.fi\/index.php?rest_route=\/wp\/v2\/product\/55578","targetHints":{"allow":["GET"]}}],"collection":[{"href":"https:\/\/www.autonvaraosahaku.fi\/index.php?rest_route=\/wp\/v2\/product"}],"about":[{"href":"https:\/\/www.autonvaraosahaku.fi\/index.php?rest_route=\/wp\/v2\/types\/product"}],"wp:attachment":[{"href":"https:\/\/www.autonvaraosahaku.fi\/index.php?rest_route=%2Fwp%2Fv2%2Fmedia&parent=55578"}],"wp:term":[{"taxonomy":"pwb-brand","embeddable":true,"href":"https:\/\/www.autonvaraosahaku.fi\/index.php?rest_route=%2Fwp%2Fv2%2Fpwb-brand&post=55578"},{"taxonomy":"product_cat","embeddable":true,"href":"https:\/\/www.autonvaraosahaku.fi\/index.php?rest_route=%2Fwp%2Fv2%2Fproduct_cat&post=55578"},{"taxonomy":"product_tag","embeddable":true,"href":"https:\/\/www.autonvaraosahaku.fi\/index.php?rest_route=%2Fwp%2Fv2%2Fproduct_tag&post=55578"}],"curies":[{"name":"wp","href":"https:\/\/api.w.org\/{rel}","templated":true}]}}