{"id":55599,"date":"2021-02-21T17:56:52","date_gmt":"2021-02-21T17:56:52","guid":{"rendered":"https:\/\/www.autonvaraosahaku.fi\/?product=vemo-v20-72-5191-peruutustutka-anturit"},"modified":"2021-02-21T17:56:56","modified_gmt":"2021-02-21T17:56:56","slug":"vemo-v20-72-5191-peruutustutka-anturit","status":"publish","type":"product","link":"https:\/\/www.autonvaraosahaku.fi\/?product=vemo-v20-72-5191-peruutustutka-anturit","title":{"rendered":"VEMO V20-72-5191 Peruutustutka anturit"},"content":{"rendered":"<p>Asennuspuoli: Edess\u00e4, Takana; Pistokemallin tunnus: gerade; V\u00e4ri: Musta; Tunnistinmalli: Ultra\u00e4\u00e4nitunnistin; Liittimi\u00e4: 3; Kemialliset ominaisuudet: maalattavissa; Lis\u00e4ksi tarvittavat tuotteet ks. tarvikeluettelo: ; Paino [kg]: 0,027; Pakkausleveys [cm]: 4, 7; Pakkauskorkeus [mm]: 6,7, 7; Pakkaussyvyys [cm]: 6,8, 4; lis\u00e4tieto: Original VEMO Quality; Valmistusvuosi alkaen: 09\/2001; BMW: 5 E39,5 E60,5 Touring E61,X3 E83,5 Touring E39; 2180148, 66202180148, 66206989092; Tunnistin, Et\u00e4isyystunnistin<\/p>\n","protected":false},"excerpt":{"rendered":"<p>VEMO Peruutustutka Anturit V20-72-5191 Tunnistin, Et\u00e4isyystunnistin BMW,5 E39,5 E60,5 Touring E61,X3 E83,5 Touring E39<\/p>\n","protected":false},"featured_media":0,"template":"","meta":{"site-sidebar-layout":"default","site-content-layout":"default","ast-global-header-display":"","ast-main-header-display":"","ast-hfb-above-header-display":"","ast-hfb-below-header-display":"","ast-hfb-mobile-header-display":"","site-post-title":"","ast-breadcrumbs-content":"","ast-featured-img":"","footer-sml-layout":"","theme-transparent-header-meta":"","adv-header-id-meta":"","stick-header-meta":"","header-above-stick-meta":"","header-main-stick-meta":"","header-below-stick-meta":""},"pwb-brand":[168],"product_cat":[217],"product_tag":[],"class_list":{"0":"post-55599","1":"product","2":"type-product","3":"status-publish","5":"pwb-brand-vemo","6":"product_cat-peruutustutka-anturit","7":"desktop-align-left","8":"tablet-align-left","9":"mobile-align-left","11":"first","12":"instock","13":"product-type-external"},"brands":[{"id":168,"name":"VEMO","slug":"vemo"}],"_links":{"self":[{"href":"https:\/\/www.autonvaraosahaku.fi\/index.php?rest_route=\/wp\/v2\/product\/55599","targetHints":{"allow":["GET"]}}],"collection":[{"href":"https:\/\/www.autonvaraosahaku.fi\/index.php?rest_route=\/wp\/v2\/product"}],"about":[{"href":"https:\/\/www.autonvaraosahaku.fi\/index.php?rest_route=\/wp\/v2\/types\/product"}],"wp:attachment":[{"href":"https:\/\/www.autonvaraosahaku.fi\/index.php?rest_route=%2Fwp%2Fv2%2Fmedia&parent=55599"}],"wp:term":[{"taxonomy":"pwb-brand","embeddable":true,"href":"https:\/\/www.autonvaraosahaku.fi\/index.php?rest_route=%2Fwp%2Fv2%2Fpwb-brand&post=55599"},{"taxonomy":"product_cat","embeddable":true,"href":"https:\/\/www.autonvaraosahaku.fi\/index.php?rest_route=%2Fwp%2Fv2%2Fproduct_cat&post=55599"},{"taxonomy":"product_tag","embeddable":true,"href":"https:\/\/www.autonvaraosahaku.fi\/index.php?rest_route=%2Fwp%2Fv2%2Fproduct_tag&post=55599"}],"curies":[{"name":"wp","href":"https:\/\/api.w.org\/{rel}","templated":true}]}}